{"id":8516,"date":"2022-05-13T00:04:54","date_gmt":"2022-05-12T22:04:54","guid":{"rendered":"https:\/\/tollertales.nl\/?page_id=8516"},"modified":"2026-03-24T14:12:08","modified_gmt":"2026-03-24T13:12:08","slug":"vfr-afvinklijstje","status":"publish","type":"page","link":"https:\/\/tollertales.nl\/index.php\/vfr-afvinklijstje\/","title":{"rendered":"VFR Afvinklijstje"},"content":{"rendered":"\t\t<div data-elementor-type=\"wp-page\" data-elementor-id=\"8516\" class=\"elementor elementor-8516\" data-elementor-post-type=\"page\">\n\t\t\t\t\t\t<section class=\"elementor-section elementor-top-section elementor-element elementor-element-387eb10b elementor-section-boxed elementor-section-height-default elementor-section-height-default\" data-id=\"387eb10b\" data-element_type=\"section\" data-e-type=\"section\" data-settings=\"{&quot;shape_divider_bottom&quot;:&quot;curve&quot;,&quot;shape_divider_bottom_negative&quot;:&quot;yes&quot;}\">\n\t\t\t\t\t\t\t<div class=\"elementor-background-overlay\"><\/div>\n\t\t\t\t\t\t<div class=\"elementor-shape elementor-shape-bottom\" aria-hidden=\"true\" data-negative=\"true\">\n\t\t\t<svg xmlns=\"http:\/\/www.w3.org\/2000\/svg\" viewBox=\"0 0 1000 100\" preserveAspectRatio=\"none\">\n\t<path class=\"elementor-shape-fill\" d=\"M500,97C126.7,96.3,0.8,19.8,0,0v100l1000,0V1C1000,19.4,873.3,97.8,500,97z\"\/>\n<\/svg>\t\t<\/div>\n\t\t\t\t\t<div class=\"elementor-container elementor-column-gap-default\">\n\t\t\t\t\t<div class=\"elementor-column elementor-col-33 elementor-top-column elementor-element elementor-element-494a99a8\" data-id=\"494a99a8\" data-element_type=\"column\" data-e-type=\"column\">\n\t\t\t<div class=\"elementor-widget-wrap elementor-element-populated\">\n\t\t\t\t\t\t<div class=\"elementor-element elementor-element-17992556 elementor-nav-menu--dropdown-tablet elementor-nav-menu__text-align-aside elementor-nav-menu--toggle elementor-nav-menu--burger elementor-widget elementor-widget-nav-menu\" data-id=\"17992556\" data-element_type=\"widget\" data-e-type=\"widget\" data-settings=\"{&quot;layout&quot;:&quot;horizontal&quot;,&quot;submenu_icon&quot;:{&quot;value&quot;:&quot;&lt;i class=\\&quot;fas fa-caret-down\\&quot; aria-hidden=\\&quot;true\\&quot;&gt;&lt;\\\/i&gt;&quot;,&quot;library&quot;:&quot;fa-solid&quot;},&quot;toggle&quot;:&quot;burger&quot;}\" data-widget_type=\"nav-menu.default\">\n\t\t\t\t<div class=\"elementor-widget-container\">\n\t\t\t\t\t\t\t\t<nav aria-label=\"Menu\" class=\"elementor-nav-menu--main elementor-nav-menu__container elementor-nav-menu--layout-horizontal e--pointer-underline e--animation-fade\">\n\t\t\t\t<ul id=\"menu-1-17992556\" class=\"elementor-nav-menu\"><li class=\"menu-item menu-item-type-post_type menu-item-object-page menu-item-2164\"><a href=\"https:\/\/tollertales.nl\/index.php\/fokkers\/\" data-ps2id-api=\"true\" class=\"elementor-item menu-link\">Fokkers<\/a><\/li>\n<li class=\"menu-item menu-item-type-post_type menu-item-object-page menu-item-6275\"><a href=\"https:\/\/tollertales.nl\/index.php\/basisregels\/\" data-ps2id-api=\"true\" class=\"elementor-item menu-link\">Basisregels<\/a><\/li>\n<li class=\"menu-item menu-item-type-post_type menu-item-object-page menu-item-2163\"><a href=\"https:\/\/tollertales.nl\/index.php\/dekreuen\/\" data-ps2id-api=\"true\" class=\"elementor-item menu-link\">Dekreuen<\/a><\/li>\n<li class=\"menu-item menu-item-type-post_type menu-item-object-page menu-item-2166\"><a href=\"https:\/\/tollertales.nl\/index.php\/fokken\/\" data-ps2id-api=\"true\" class=\"elementor-item menu-link\">Fokken<\/a><\/li>\n<li class=\"menu-item menu-item-type-post_type menu-item-object-page menu-item-2162\"><a href=\"https:\/\/tollertales.nl\/index.php\/raad-van-beheer\/\" data-ps2id-api=\"true\" class=\"elementor-item menu-link\">Raad van Beheer<\/a><\/li>\n<li class=\"menu-item menu-item-type-post_type menu-item-object-page menu-item-2161\"><a href=\"https:\/\/tollertales.nl\/index.php\/nest-statistieken\/\" data-ps2id-api=\"true\" class=\"elementor-item menu-link\">Nest statistieken<\/a><\/li>\n<\/ul>\t\t\t<\/nav>\n\t\t\t\t\t<div class=\"elementor-menu-toggle\" role=\"button\" tabindex=\"0\" aria-label=\"Menu toggle\" aria-expanded=\"false\">\n\t\t\t<i aria-hidden=\"true\" role=\"presentation\" class=\"elementor-menu-toggle__icon--open eicon-menu-bar\"><\/i><i aria-hidden=\"true\" role=\"presentation\" class=\"elementor-menu-toggle__icon--close eicon-close\"><\/i>\t\t<\/div>\n\t\t\t\t\t<nav class=\"elementor-nav-menu--dropdown elementor-nav-menu__container\" aria-hidden=\"true\">\n\t\t\t\t<ul id=\"menu-2-17992556\" class=\"elementor-nav-menu\"><li class=\"menu-item menu-item-type-post_type menu-item-object-page menu-item-2164\"><a href=\"https:\/\/tollertales.nl\/index.php\/fokkers\/\" data-ps2id-api=\"true\" class=\"elementor-item menu-link\" tabindex=\"-1\">Fokkers<\/a><\/li>\n<li class=\"menu-item menu-item-type-post_type menu-item-object-page menu-item-6275\"><a href=\"https:\/\/tollertales.nl\/index.php\/basisregels\/\" data-ps2id-api=\"true\" class=\"elementor-item menu-link\" tabindex=\"-1\">Basisregels<\/a><\/li>\n<li class=\"menu-item menu-item-type-post_type menu-item-object-page menu-item-2163\"><a href=\"https:\/\/tollertales.nl\/index.php\/dekreuen\/\" data-ps2id-api=\"true\" class=\"elementor-item menu-link\" tabindex=\"-1\">Dekreuen<\/a><\/li>\n<li class=\"menu-item menu-item-type-post_type menu-item-object-page menu-item-2166\"><a href=\"https:\/\/tollertales.nl\/index.php\/fokken\/\" data-ps2id-api=\"true\" class=\"elementor-item menu-link\" tabindex=\"-1\">Fokken<\/a><\/li>\n<li class=\"menu-item menu-item-type-post_type menu-item-object-page menu-item-2162\"><a href=\"https:\/\/tollertales.nl\/index.php\/raad-van-beheer\/\" data-ps2id-api=\"true\" class=\"elementor-item menu-link\" tabindex=\"-1\">Raad van Beheer<\/a><\/li>\n<li class=\"menu-item menu-item-type-post_type menu-item-object-page menu-item-2161\"><a href=\"https:\/\/tollertales.nl\/index.php\/nest-statistieken\/\" data-ps2id-api=\"true\" class=\"elementor-item menu-link\" tabindex=\"-1\">Nest statistieken<\/a><\/li>\n<\/ul>\t\t\t<\/nav>\n\t\t\t\t\t\t<\/div>\n\t\t\t\t<\/div>\n\t\t\t\t\t<\/div>\n\t\t<\/div>\n\t\t\t\t<div class=\"elementor-column elementor-col-33 elementor-top-column elementor-element elementor-element-7d1a3caa\" data-id=\"7d1a3caa\" data-element_type=\"column\" data-e-type=\"column\">\n\t\t\t<div class=\"elementor-widget-wrap elementor-element-populated\">\n\t\t\t\t\t\t<div class=\"elementor-element elementor-element-7e6a95ca elementor-widget elementor-widget-image\" data-id=\"7e6a95ca\" data-element_type=\"widget\" data-e-type=\"widget\" data-widget_type=\"image.default\">\n\t\t\t\t<div class=\"elementor-widget-container\">\n\t\t\t\t\t\t\t\t\t\t\t\t\t\t\t<img fetchpriority=\"high\" decoding=\"async\" width=\"906\" height=\"208\" src=\"https:\/\/tollertales.nl\/wp-content\/uploads\/2021\/08\/header-14a.png\" class=\"attachment-large size-large wp-image-1504\" alt=\"\" srcset=\"https:\/\/tollertales.nl\/wp-content\/uploads\/2021\/08\/header-14a.png 906w, https:\/\/tollertales.nl\/wp-content\/uploads\/2021\/08\/header-14a-300x69.png 300w, https:\/\/tollertales.nl\/wp-content\/uploads\/2021\/08\/header-14a-768x176.png 768w\" sizes=\"(max-width: 906px) 100vw, 906px\" \/>\t\t\t\t\t\t\t\t\t\t\t\t\t\t\t<\/div>\n\t\t\t\t<\/div>\n\t\t\t\t\t<\/div>\n\t\t<\/div>\n\t\t\t\t<div class=\"elementor-column elementor-col-33 elementor-top-column elementor-element elementor-element-142cc97e\" data-id=\"142cc97e\" data-element_type=\"column\" data-e-type=\"column\">\n\t\t\t<div class=\"elementor-widget-wrap\">\n\t\t\t\t\t\t\t<\/div>\n\t\t<\/div>\n\t\t\t\t\t<\/div>\n\t\t<\/section>\n\t\t\t\t<section class=\"elementor-section elementor-top-section elementor-element elementor-element-149ba758 elementor-section-boxed elementor-section-height-default elementor-section-height-default\" data-id=\"149ba758\" data-element_type=\"section\" data-e-type=\"section\">\n\t\t\t\t\t\t<div class=\"elementor-container elementor-column-gap-default\">\n\t\t\t\t\t<div class=\"elementor-column elementor-col-100 elementor-top-column elementor-element elementor-element-500ae940\" data-id=\"500ae940\" data-element_type=\"column\" data-e-type=\"column\">\n\t\t\t<div class=\"elementor-widget-wrap elementor-element-populated\">\n\t\t\t\t\t\t<div class=\"elementor-element elementor-element-4f94837b elementor-widget elementor-widget-text-editor\" data-id=\"4f94837b\" data-element_type=\"widget\" data-e-type=\"widget\" data-widget_type=\"text-editor.default\">\n\t\t\t\t<div class=\"elementor-widget-container\">\n\t\t\t\t\t\t\t\t\t<p><a href=\"https:\/\/tollertales.nl\/wp-content\/uploads\/2025\/05\/NSDTRCN-VFR-afvinklijstje_update-mei2025.pdf\" target=\"_blank\" rel=\"noopener\">Klik hier<\/a> om het afvinklijstje in pdf te downloaden.<\/p><p>Naast de VFR checklist, kijk ook naar de \u2018<a href=\"https:\/\/www.houdenvanhonden.nl\/fokken-met-je-hond\/stambomen-aanvragen-voor-pups\/\" target=\"_blank\" rel=\"noopener\">checklist fokker stamboomhonden<\/a>\u2019 op de pagina \u2018Stambomen aanvragen voor pups\u2019!<\/p><table style=\"color: var( --e-global-color-text ); font-family: var( --e-global-typography-text-font-family ), Sans-serif; font-size: var( --e-global-typography-text-font-size ); font-style: var( --e-global-typography-text-font-style ); font-weight: var( --e-global-typography-text-font-weight ); letter-spacing: var( --e-global-typography-text-letter-spacing );\" width=\"1200\"><tbody><tr><td width=\"550\"><strong>REU<\/strong><\/td><td width=\"85\"><strong>\u00a0<\/strong><\/td><td colspan=\"2\" width=\"500\"><strong>TEEF<\/strong><\/td><td colspan=\"2\" width=\"123\"><strong>\u00a0<\/strong><\/td><\/tr><tr><td width=\"369\">\u00a0<\/td><td width=\"85\">\u00a0<\/td><td colspan=\"2\" width=\"369\">Teef is in mijn eigendom?<\/td><td colspan=\"2\" width=\"123\">\u00a0<\/td><\/tr><tr><td width=\"369\">Check VFR artikel 2 FOKREGELS<\/td><td width=\"85\">\u00a0<\/td><td colspan=\"2\" width=\"369\">Check VFR artikel 2 FOKREGELS en<br \/>3 3. WELZIJNSREGELS (Artikel VIII.1 KR)<\/td><td colspan=\"2\" width=\"123\">\u00a0<\/td><\/tr><tr><td width=\"369\">Herhaalcombi? Indien ja, check VFR artikel 2.2.1<\/td><td width=\"85\">\u00a0<\/td><td colspan=\"2\" width=\"369\">Herhaalcombi? Indien ja, check VFR artikel 2.2.1<\/td><td colspan=\"2\" width=\"123\">\u00a0<\/td><\/tr><tr><td width=\"369\">Reu is minimaal 24 maanden?<\/td><td width=\"85\">\u00a0<\/td><td colspan=\"2\" width=\"369\">Teef is minimaal 24 maanden?<\/td><td colspan=\"2\" width=\"123\">\u00a0<\/td><\/tr><tr><td width=\"369\">Aantal dekkingen reu &lt;10 (in Nederland)?<\/td><td width=\"85\">\u00a0<\/td><td colspan=\"2\" width=\"369\">Let op! Teef, waaruit niet eerder pups zijn geboren, mag niet worden gedekt na de dag waarop zij de leeftijd van 72 maanden (6 jaar) heeft bereikt.<\/td><td colspan=\"2\" width=\"123\">\u00a0<\/td><\/tr><tr><td width=\"369\">\u00a0<\/td><td width=\"85\">\u00a0<\/td><td colspan=\"2\" width=\"369\">\u00a0<\/td><td colspan=\"2\" width=\"123\">\u00a0<\/td><\/tr><tr><td width=\"369\">VFR artikel 4. GEZONDHEIDSREGELS<\/td><td width=\"85\">\u00a0<\/td><td colspan=\"2\" width=\"369\">VFR artikel 4. GEZONDHEIDSREGELS<\/td><td colspan=\"2\" width=\"123\">\u00a0<\/td><\/tr><tr><td width=\"369\"><strong>Verplicht screeningsonderzoek:<\/strong><\/td><td width=\"85\">\u00a0<\/td><td colspan=\"2\" width=\"369\"><strong>Verplicht screeningsonderzoek:<\/strong><\/td><td colspan=\"2\" width=\"123\">\u00a0<\/td><\/tr><tr><td width=\"369\">Heupdysplasie<\/td><td width=\"85\">\u00a0<\/td><td colspan=\"2\" width=\"369\">Heupdysplasie<\/td><td colspan=\"2\" width=\"123\">\u00a0<\/td><\/tr><tr><td width=\"369\">Elleboogdysplasie <em>(voor honden geboren op of na 1 juni 2019)<\/em><\/td><td width=\"85\">\u00a0<\/td><td colspan=\"2\" width=\"369\">Elleboogdysplasie <em>(voor honden geboren op of na 1 juni 2019)<\/em><\/td><td colspan=\"2\" width=\"123\">\u00a0<\/td><\/tr><tr><td width=\"369\">Geldige ECVO<\/td><td width=\"85\">\u00a0<\/td><td colspan=\"2\" width=\"369\">Geldige ECVO<\/td><td colspan=\"2\" width=\"123\">\u00a0<\/td><\/tr><tr><td width=\"369\">DNA* onderzoek:<\/td><td width=\"85\">\u00a0<\/td><td colspan=\"2\" width=\"369\">DNA* onderzoek:<\/td><td colspan=\"2\" width=\"123\">\u00a0<\/td><\/tr><tr><td width=\"369\">Prcd-PRA (Progressive Retinal Atrophy)<br \/>&#8211;\u00a0<em style=\"font-weight: inherit; color: var( --e-global-color-text ); font-family: var( --e-global-typography-text-font-family ), Sans-serif; letter-spacing: var( --e-global-typography-text-letter-spacing );\">minimaal \u00e9\u00e9n ouderdier moet \u2018vrij\u2019 zijn.<\/em><\/td><td width=\"85\">\u00a0<\/td><td colspan=\"2\" width=\"369\">Prcd-PRA (Progressive Retinal Atrophy)<br \/><em>&#8211; minimaal \u00e9\u00e9n ouderdier moet \u2018vrij\u2019 zijn.<\/em><\/td><td colspan=\"2\" width=\"123\">\u00a0<\/td><\/tr><tr><td width=\"369\">JADD (Juvenile Addison\u2019s Disease)<br \/><em>&#8211; minimaal \u00e9\u00e9n ouderdier moet \u2018vrij\u2019 zijn.<br \/><\/em><\/td><td width=\"85\">\u00a0<\/td><td colspan=\"2\" width=\"369\">JADD (Juvenile Addison\u2019s Disease)<br \/><em>&#8211; minimaal \u00e9\u00e9n ouderdier moet \u2018vrij\u2019 zijn.<br \/><\/em><\/td><td colspan=\"2\" width=\"123\">\u00a0<\/td><\/tr><tr><td width=\"369\">DEN (Degenerative Encephalopathy)<br \/><em>&#8211; minimaal \u00e9\u00e9n ouderdier moet \u2018vrij\u2019 zijn.<br \/><\/em><\/td><td width=\"85\">\u00a0<\/td><td colspan=\"2\" width=\"369\">DEN (Degenerative Encephalopathy)<br \/><em>&#8211; minimaal \u00e9\u00e9n ouderdier moet \u2018vrij\u2019 zijn.<br \/><\/em><\/td><td colspan=\"2\" width=\"123\">\u00a0<\/td><\/tr><tr><td width=\"369\">CDMC (Cerebellar Degeneration and Myositis Complex)<br \/><em>&#8211; minimaal \u00e9\u00e9n ouderdier moet \u2018vrij\u2019 zijn.<br \/><\/em><\/td><td width=\"85\">\u00a0<\/td><td colspan=\"2\" width=\"369\">CDMC (Cerebellar Degeneration and Myositis Complex)<br \/><em>&#8211; minimaal \u00e9\u00e9n ouderdier moet \u2018vrij\u2019 zijn.<\/em><em><br \/><\/em><\/td><td colspan=\"2\" width=\"123\">\u00a0<\/td><\/tr><tr><td width=\"369\"><em>*<\/em> <em>Vrij door vererving door ouders tot maximaal 1 generatie is<br \/>toegestaan.<\/em><\/td><td width=\"85\"><em>\u00a0<\/em><\/td><td colspan=\"2\" width=\"369\"><em>*<\/em> <em>Vrij door vererving door ouders tot maximaal 1 generatie is<br \/>toegestaan.<\/em><\/td><td colspan=\"2\" width=\"123\"><em>\u00a0<\/em><\/td><\/tr><tr><td width=\"369\"><em>\u00a0<\/em><\/td><td width=\"85\"><em>\u00a0<\/em><\/td><td colspan=\"2\" width=\"369\"><em>\u00a0<\/em><\/td><td colspan=\"2\" width=\"123\"><em>\u00a0<\/em><\/td><\/tr><tr><td width=\"369\">Artikel 7. EXTERIEURREGELS<\/td><td width=\"85\">\u00a0<\/td><td colspan=\"2\" width=\"369\">Artikel 7. EXTERIEURREGELS<\/td><td colspan=\"2\" width=\"123\">\u00a0<\/td><\/tr><tr><td width=\"369\">Exterieurkwalificatie<\/td><td width=\"85\">\u00a0<\/td><td colspan=\"2\" width=\"369\">Exterieurkwalificatie<\/td><td colspan=\"2\" width=\"123\">\u00a0<\/td><\/tr><tr><td width=\"369\">&#8230; in combinatie met werkkwalificatie<\/td><td width=\"85\">\u00a0<\/td><td colspan=\"2\" width=\"369\">&#8230; in combinatie met werkkwalificatie<\/td><td colspan=\"2\" width=\"123\">\u00a0<\/td><\/tr><tr><td width=\"369\">&#8230; in combinatie met Fokgeschiktheidskeuring<\/td><td width=\"85\">\u00a0<\/td><td colspan=\"2\" width=\"369\">&#8230; in combinatie met Fokgeschiktheidskeuring<\/td><td colspan=\"2\" width=\"123\">\u00a0<\/td><\/tr><tr><td width=\"369\">&#8230; in combinatie met \u00e9\u00e9n Fokgeschiktheidskeuring en met<br \/>werkkwalificatie<\/td><td width=\"85\">\u00a0<\/td><td colspan=\"2\" width=\"369\">&#8230; in combinatie met \u00e9\u00e9n Fokgeschiktheidskeuring en met<br \/>werkkwalificatie<\/td><td colspan=\"2\" width=\"123\">\u00a0<\/td><\/tr><tr><td width=\"369\">Fokgeschiktheidskeuring<\/td><td width=\"85\">\u00a0<\/td><td colspan=\"2\" width=\"369\">Fokgeschiktheidskeuring<\/td><td colspan=\"2\" width=\"123\">\u00a0<\/td><\/tr><tr><td width=\"369\">&#8230;<\/td><td width=\"85\">\u00a0<\/td><td colspan=\"2\" width=\"369\">\u00a0<\/td><td colspan=\"2\" width=\"123\">\u00a0<\/td><\/tr><tr><td width=\"369\">DNA profiel aanwezig?<\/td><td width=\"85\">\u00a0<\/td><td colspan=\"2\" width=\"369\">DNA profiel aanwezig?<br \/><em>(kan bij teef ook tijdens chippen pups worden gedaan)<\/em><\/td><td colspan=\"2\" width=\"123\">\u00a0<\/td><\/tr><tr><td colspan=\"3\" width=\"812\"><strong><u>Aanvullend:<\/u><\/strong><\/td><td colspan=\"3\" width=\"121\">\u00a0<\/td><\/tr><tr><td colspan=\"3\" width=\"812\">VFR &gt; <a href=\"https:\/\/tollertales.nl\/index.php\/fokreglement\/\">https:\/\/www.tollertales.nl\/de-toller\/fokreglement<\/a><\/td><td colspan=\"3\" width=\"121\">\u00a0<\/td><\/tr><tr><td colspan=\"3\" width=\"812\">UBN nummer geregeld via <a href=\"https:\/\/www.rvo.nl\/onderwerpen\/identificatie-en-registratie-dieren\/honden#:~:text=Een%20UBN%20is%20nodig%20om,pup%20bij%20een%20aangewezen%20portaal\" target=\"_blank\" rel=\"noopener\">RVO<\/a>?<\/td><td colspan=\"3\" width=\"121\">\u00a0<\/td><\/tr><tr><td colspan=\"3\" width=\"812\"><p><a href=\"https:\/\/www.formdesk.com\/NSDTRCN\/aanvraagdekbeoordeling2.0\" target=\"_blank\" rel=\"noopener\">Aanvraagformulier<\/a> dekbeoordeling NSDTRCN ingestuurd?\u00a0<br \/>Een dekbeoordeling kan enkel aangevraagd worden door de eigenaar van de teef. Als eigenaar wordt gezien degene die op het eigendomsbewijs (behorende bij de stamboom) van de teef vermeld staat.<\/p><p>Fokkers kunnen voor hun teef \u00e9\u00e9n dekaanvraag indienen plus eventueel een aanvraag voor een reserve dekreu (tenzij de wijziging van dekreu betrekking heeft op niet eerder gesignaleerd mogelijk risico van de combinatie).<\/p><p><em>Let op: de aanvraag voor een dekbeoordeling moet tenminste \u00e9\u00e9n (1) maand voor de verwachte loopsheid door middel van het volledig ingevulde online dekbeoordelingsformulier bij de Fokaangelegenhedencommissie (FAC) te worden ingediend.<\/em><\/p><p><em>De Fokaangelegenhedencommissie hanteert een termijn van 3 weken, na bevestiging van ontvangst, voor het behandelen van het beoordelingsformulier en voor het publiceren van de combinatie op de website.<\/em><\/p><\/td><td colspan=\"3\" width=\"121\">\u00a0<\/td><\/tr><tr><td colspan=\"3\" width=\"812\">Bewijs van <a href=\"https:\/\/tollertales.nl\/index.php\/lidmaatschap\/\" target=\"_blank\" rel=\"noopener\">lidmaatschap<\/a> NSDTRCN aangevraagd?<\/td><td colspan=\"3\" width=\"121\">\u00a0<\/td><\/tr><tr><td colspan=\"3\" width=\"812\"><a href=\"https:\/\/tollertales.nl\/index.php\/dekmelding\/\" target=\"_blank\" rel=\"noopener\">Dekking<\/a> gemeld via formulier NSDTRCN?<\/td><td colspan=\"3\" width=\"121\">\u00a0<\/td><\/tr><tr><td colspan=\"3\" width=\"812\"><a href=\"https:\/\/tollertales.nl\/index.php\/geboortemelding\/\" target=\"_blank\" rel=\"noopener\">Geboorte<\/a> gemeld via formulier NSDTRCN?<\/td><td colspan=\"3\" width=\"121\">\u00a0<\/td><\/tr><tr><td colspan=\"3\" width=\"812\">Nakomelingen toegevoegd aan The Breed Archive \/ Nova Scotia Duck Tolling Retriever ?<br \/><a href=\"https:\/\/nsdtr.breedarchive.com\/home\/index\" target=\"_blank\" rel=\"noopener\">The breed archive<\/a><\/td><td colspan=\"3\" width=\"121\">\u00a0<\/td><\/tr><\/tbody><\/table><p>Er zijn meer DNA testen voor ons ras (<a href=\"https:\/\/www.combibreed.nl\/combibreed-nova-scotia-duck-tolling-retriever-den\/\" target=\"_blank\" rel=\"noopener\">zie het CombiBreed raspakket H656)<\/a>, ze zijn niet allemaal verplicht maar voor de wet bent u verantwoordelijk voor de pups die uw hond op de wereld zet. Daarbij bepaalt de wet dat u verplicht bent om \u2018zoveel mogelijk te voorkomen dat ernstige erfelijke afwijkingen en ziekten worden doorgegeven aan of kunnen ontstaan bij nakomelingen\u2019. Dus als uw reu drager is van een aandoening die via het DNA is getest, dan moet volgens de wet de teef vrij zijn en andersom ook; is de teef drager van DNA gen x, dan moet uw reu vrij zijn!<\/p><p>Conform artikel VI.3 lid 3 KR is het verboden honden voor de fokkerij in te zetten die aantoonbaar lijden aan een of meer aandoeningen die de gezondheid en het welzijn van de honden of zijn nakomelingen ernstig in gevaar kunnen brengen.<br \/>Indien uw teef drager is van zo\u2019n erfelijke aandoening dan is het raadzaam dat de dekreu bewezen vrij getest is. Op deze manier kunnen er uit de combinatie alleen honden geboren worden die vrij of drager zijn van het gen.<\/p><p>De FAC vraagt u het volgende: als \u00e9\u00e9n of beide ouderdieren (via het DNA) zijn getest op \u00e9\u00e9n of meerdere erfelijke aandoeningen\/eigenschappen, een kopie van het certificaat (per e-mail) te sturen aan de FAC. <br \/>Note: Vrij door vererving door ouders tot maximaal 1 generatie is toegestaan conform het geldende VFR.<\/p><h3><strong>Note t.a.v. DNA testen en het doorsturen van de informatie aan de FAC:<\/strong><\/h3><p>CombiBreed \/ Embark \/ Laboklin \/ Labogen of andere laboratoria uitslagen kan de FAC overnemen als er een geregistreerd kenmerk van de hond op de uitslag vermeld staat. Geregistreerde kenmerken zijn: stamboom naam, chipnummer en NHSB nummer. Er moeten minimaal 2 van deze kenmerken vermeld zijn op de uitslag.<\/p><p>LET OP! DNA afgenomen vanaf 1 september 2024 moet tevens vergezeld zijn van een bewijs dat het DNA is afgenomen door een dierenarts of buitendienstmedewerker van de Raad van Beheer en dat er een identiteitscontrole van de hond heeft plaatsgevonden. Door een monster getuigenverklaring (CombiBreed) of door het ingevulde en ondertekende formulier <a href=\"https:\/\/tollertales.nl\/wp-content\/uploads\/2024\/08\/DNA-formulier_Veterinary-Verification-of-Permanent-Identification-NSDTRCN-RvB.pdf\" target=\"_blank\" rel=\"noopener\">\u201cVeterinary Verification of Permanent Identification t.b.v. Embark \/ OFA \/ UC Davis<\/a>\u201d<\/p><p>Meer informatie over gezondheidsonderzoeken kunt u <strong><span style=\"text-decoration: underline;\"><a href=\"https:\/\/tollertales.nl\/index.php\/informatie-onderzoeken\/\" target=\"_blank\" rel=\"noopener\">HIER<\/a><\/span><\/strong> vinden!<\/p><p>Neem ook een kijkje op <a href=\"https:\/\/www.houdenvanhonden.nl\/veelgestelde-vragen\/faq-it4dogs\/\" target=\"_blank\" rel=\"noopener\">https:\/\/www.houdenvanhonden.nl\/veelgestelde-vragen\/faq-it4dogs\/<\/a><br \/>Op de pagina IT4Dogs staan handleidingen voor fokkers en pupkopers&#8230;<\/p>\t\t\t\t\t\t\t\t<\/div>\n\t\t\t\t<\/div>\n\t\t\t\t\t<\/div>\n\t\t<\/div>\n\t\t\t\t\t<\/div>\n\t\t<\/section>\n\t\t\t\t<section class=\"elementor-section elementor-top-section elementor-element elementor-element-88c23c7 elementor-section-boxed elementor-section-height-default elementor-section-height-default\" data-id=\"88c23c7\" data-element_type=\"section\" data-e-type=\"section\">\n\t\t\t\t\t\t<div class=\"elementor-container elementor-column-gap-default\">\n\t\t\t\t\t<div class=\"elementor-column elementor-col-100 elementor-top-column elementor-element elementor-element-c831000\" data-id=\"c831000\" data-element_type=\"column\" data-e-type=\"column\">\n\t\t\t<div class=\"elementor-widget-wrap elementor-element-populated\">\n\t\t\t\t\t\t\t<\/div>\n\t\t<\/div>\n\t\t\t\t\t<\/div>\n\t\t<\/section>\n\t\t\t\t<\/div>\n\t\t","protected":false},"excerpt":{"rendered":"<p>Klik hier om het afvinklijstje in pdf te downloaden. Naast de VFR checklist, kijk ook naar de \u2018checklist fokker stamboomhonden\u2019 op de pagina \u2018Stambomen aanvragen voor pups\u2019! REU \u00a0 TEEF \u00a0 \u00a0 \u00a0 Teef is in mijn eigendom? \u00a0 Check VFR artikel 2 FOKREGELS \u00a0 Check VFR artikel 2 FOKREGELS en3 3. WELZIJNSREGELS (Artikel VIII.1 [&hellip;]<\/p>\n","protected":false},"author":7,"featured_media":0,"parent":0,"menu_order":0,"comment_status":"closed","ping_status":"closed","template":"elementor_header_footer","meta":{"site-sidebar-layout":"no-sidebar","site-content-layout":"page-builder","ast-site-content-layout":"default","site-content-style":"default","site-sidebar-style":"default","ast-global-header-display":"","ast-banner-title-visibility":"","ast-main-header-display":"","ast-hfb-above-header-display":"","ast-hfb-below-header-display":"","ast-hfb-mobile-header-display":"","site-post-title":"disabled","ast-breadcrumbs-content":"","ast-featured-img":"disabled","footer-sml-layout":"","ast-disable-related-posts":"","theme-transparent-header-meta":"","adv-header-id-meta":"","stick-header-meta":"","header-above-stick-meta":"","header-main-stick-meta":"","header-below-stick-meta":"","astra-migrate-meta-layouts":"default","ast-page-background-enabled":"default","ast-page-background-meta":{"desktop":{"background-color":"var(--ast-global-color-4)","background-image":"","background-repeat":"repeat","background-position":"center center","background-size":"auto","background-attachment":"scroll","background-type":"","background-media":"","overlay-type":"","overlay-color":"","overlay-opacity":"","overlay-gradient":""},"tablet":{"background-color":"","background-image":"","background-repeat":"repeat","background-position":"center center","background-size":"auto","background-attachment":"scroll","background-type":"","background-media":"","overlay-type":"","overlay-color":"","overlay-opacity":"","overlay-gradient":""},"mobile":{"background-color":"","background-image":"","background-repeat":"repeat","background-position":"center center","background-size":"auto","background-attachment":"scroll","background-type":"","background-media":"","overlay-type":"","overlay-color":"","overlay-opacity":"","overlay-gradient":""}},"ast-content-background-meta":{"desktop":{"background-color":"var(--ast-global-color-5)","background-image":"","background-repeat":"repeat","background-position":"center center","background-size":"auto","background-attachment":"scroll","background-type":"","background-media":"","overlay-type":"","overlay-color":"","overlay-opacity":"","overlay-gradient":""},"tablet":{"background-color":"var(--ast-global-color-5)","background-image":"","background-repeat":"repeat","background-position":"center center","background-size":"auto","background-attachment":"scroll","background-type":"","background-media":"","overlay-type":"","overlay-color":"","overlay-opacity":"","overlay-gradient":""},"mobile":{"background-color":"var(--ast-global-color-5)","background-image":"","background-repeat":"repeat","background-position":"center center","background-size":"auto","background-attachment":"scroll","background-type":"","background-media":"","overlay-type":"","overlay-color":"","overlay-opacity":"","overlay-gradient":""}},"footnotes":""},"class_list":["post-8516","page","type-page","status-publish","hentry"],"_links":{"self":[{"href":"https:\/\/tollertales.nl\/index.php\/wp-json\/wp\/v2\/pages\/8516","targetHints":{"allow":["GET"]}}],"collection":[{"href":"https:\/\/tollertales.nl\/index.php\/wp-json\/wp\/v2\/pages"}],"about":[{"href":"https:\/\/tollertales.nl\/index.php\/wp-json\/wp\/v2\/types\/page"}],"author":[{"embeddable":true,"href":"https:\/\/tollertales.nl\/index.php\/wp-json\/wp\/v2\/users\/7"}],"replies":[{"embeddable":true,"href":"https:\/\/tollertales.nl\/index.php\/wp-json\/wp\/v2\/comments?post=8516"}],"version-history":[{"count":112,"href":"https:\/\/tollertales.nl\/index.php\/wp-json\/wp\/v2\/pages\/8516\/revisions"}],"predecessor-version":[{"id":19779,"href":"https:\/\/tollertales.nl\/index.php\/wp-json\/wp\/v2\/pages\/8516\/revisions\/19779"}],"wp:attachment":[{"href":"https:\/\/tollertales.nl\/index.php\/wp-json\/wp\/v2\/media?parent=8516"}],"curies":[{"name":"wp","href":"https:\/\/api.w.org\/{rel}","templated":true}]}}