{"id":6313,"date":"2021-11-05T00:40:32","date_gmt":"2021-11-04T23:40:32","guid":{"rendered":"https:\/\/tollertales.nl\/?page_id=6313"},"modified":"2025-10-22T21:14:34","modified_gmt":"2025-10-22T19:14:34","slug":"clubdiplomadag-2","status":"publish","type":"page","link":"https:\/\/tollertales.nl\/index.php\/clubdiplomadag-2\/","title":{"rendered":"Clubdiplomadag"},"content":{"rendered":"\t\t<div data-elementor-type=\"wp-page\" data-elementor-id=\"6313\" class=\"elementor elementor-6313\" data-elementor-post-type=\"page\">\n\t\t\t\t\t\t<section class=\"elementor-section elementor-top-section elementor-element elementor-element-2c91b43d elementor-section-boxed elementor-section-height-default elementor-section-height-default\" data-id=\"2c91b43d\" data-element_type=\"section\" data-e-type=\"section\" data-settings=\"{&quot;shape_divider_bottom&quot;:&quot;curve&quot;,&quot;shape_divider_bottom_negative&quot;:&quot;yes&quot;}\">\n\t\t\t\t\t\t\t<div class=\"elementor-background-overlay\"><\/div>\n\t\t\t\t\t\t<div class=\"elementor-shape elementor-shape-bottom\" aria-hidden=\"true\" data-negative=\"true\">\n\t\t\t<svg xmlns=\"http:\/\/www.w3.org\/2000\/svg\" viewBox=\"0 0 1000 100\" preserveAspectRatio=\"none\">\n\t<path class=\"elementor-shape-fill\" d=\"M500,97C126.7,96.3,0.8,19.8,0,0v100l1000,0V1C1000,19.4,873.3,97.8,500,97z\"\/>\n<\/svg>\t\t<\/div>\n\t\t\t\t\t<div class=\"elementor-container elementor-column-gap-default\">\n\t\t\t\t\t<div class=\"elementor-column elementor-col-33 elementor-top-column elementor-element elementor-element-16db2341\" data-id=\"16db2341\" data-element_type=\"column\" data-e-type=\"column\">\n\t\t\t<div class=\"elementor-widget-wrap elementor-element-populated\">\n\t\t\t\t\t\t<div class=\"elementor-element elementor-element-4725947c elementor-nav-menu--dropdown-tablet elementor-nav-menu__text-align-aside elementor-nav-menu--toggle elementor-nav-menu--burger elementor-widget elementor-widget-nav-menu\" data-id=\"4725947c\" data-element_type=\"widget\" data-e-type=\"widget\" data-settings=\"{&quot;layout&quot;:&quot;horizontal&quot;,&quot;submenu_icon&quot;:{&quot;value&quot;:&quot;&lt;i class=\\&quot;fas fa-caret-down\\&quot; aria-hidden=\\&quot;true\\&quot;&gt;&lt;\\\/i&gt;&quot;,&quot;library&quot;:&quot;fa-solid&quot;},&quot;toggle&quot;:&quot;burger&quot;}\" data-widget_type=\"nav-menu.default\">\n\t\t\t\t<div class=\"elementor-widget-container\">\n\t\t\t\t\t\t\t\t<nav aria-label=\"Menu\" class=\"elementor-nav-menu--main elementor-nav-menu__container elementor-nav-menu--layout-horizontal e--pointer-underline e--animation-fade\">\n\t\t\t\t<ul id=\"menu-1-4725947c\" class=\"elementor-nav-menu\"><li class=\"menu-item menu-item-type-post_type menu-item-object-page menu-item-1334\"><a href=\"https:\/\/tollertales.nl\/index.php\/activiteiten\/\" data-ps2id-api=\"true\" class=\"elementor-item menu-link\">Activiteiten<\/a><\/li>\n<li class=\"menu-item menu-item-type-post_type menu-item-object-page menu-item-1333\"><a href=\"https:\/\/tollertales.nl\/index.php\/hondensport\/\" data-ps2id-api=\"true\" class=\"elementor-item menu-link\">Hondensport<\/a><\/li>\n<li class=\"menu-item menu-item-type-post_type menu-item-object-page menu-item-1332\"><a href=\"https:\/\/tollertales.nl\/index.php\/jacht\/\" data-ps2id-api=\"true\" class=\"elementor-item menu-link\">Jacht<\/a><\/li>\n<li class=\"menu-item menu-item-type-post_type menu-item-object-page menu-item-1331\"><a href=\"https:\/\/tollertales.nl\/index.php\/show\/\" data-ps2id-api=\"true\" class=\"elementor-item menu-link\">Show<\/a><\/li>\n<li class=\"menu-item menu-item-type-post_type menu-item-object-page menu-item-1330\"><a href=\"https:\/\/tollertales.nl\/index.php\/vrije-tijd\/\" data-ps2id-api=\"true\" class=\"elementor-item menu-link\">Vrije tijd<\/a><\/li>\n<li class=\"menu-item menu-item-type-post_type menu-item-object-page menu-item-13520\"><a href=\"https:\/\/tollertales.nl\/index.php\/inschrijven-jpc-evenement\/\" data-ps2id-api=\"true\" class=\"elementor-item menu-link\">Inschrijven JPC<\/a><\/li>\n<\/ul>\t\t\t<\/nav>\n\t\t\t\t\t<div class=\"elementor-menu-toggle\" role=\"button\" tabindex=\"0\" aria-label=\"Menu toggle\" aria-expanded=\"false\">\n\t\t\t<i aria-hidden=\"true\" role=\"presentation\" class=\"elementor-menu-toggle__icon--open eicon-menu-bar\"><\/i><i aria-hidden=\"true\" role=\"presentation\" class=\"elementor-menu-toggle__icon--close eicon-close\"><\/i>\t\t<\/div>\n\t\t\t\t\t<nav class=\"elementor-nav-menu--dropdown elementor-nav-menu__container\" aria-hidden=\"true\">\n\t\t\t\t<ul id=\"menu-2-4725947c\" class=\"elementor-nav-menu\"><li class=\"menu-item menu-item-type-post_type menu-item-object-page menu-item-1334\"><a href=\"https:\/\/tollertales.nl\/index.php\/activiteiten\/\" data-ps2id-api=\"true\" class=\"elementor-item menu-link\" tabindex=\"-1\">Activiteiten<\/a><\/li>\n<li class=\"menu-item menu-item-type-post_type menu-item-object-page menu-item-1333\"><a href=\"https:\/\/tollertales.nl\/index.php\/hondensport\/\" data-ps2id-api=\"true\" class=\"elementor-item menu-link\" tabindex=\"-1\">Hondensport<\/a><\/li>\n<li class=\"menu-item menu-item-type-post_type menu-item-object-page menu-item-1332\"><a href=\"https:\/\/tollertales.nl\/index.php\/jacht\/\" data-ps2id-api=\"true\" class=\"elementor-item menu-link\" tabindex=\"-1\">Jacht<\/a><\/li>\n<li class=\"menu-item menu-item-type-post_type menu-item-object-page menu-item-1331\"><a href=\"https:\/\/tollertales.nl\/index.php\/show\/\" data-ps2id-api=\"true\" class=\"elementor-item menu-link\" tabindex=\"-1\">Show<\/a><\/li>\n<li class=\"menu-item menu-item-type-post_type menu-item-object-page menu-item-1330\"><a href=\"https:\/\/tollertales.nl\/index.php\/vrije-tijd\/\" data-ps2id-api=\"true\" class=\"elementor-item menu-link\" tabindex=\"-1\">Vrije tijd<\/a><\/li>\n<li class=\"menu-item menu-item-type-post_type menu-item-object-page menu-item-13520\"><a href=\"https:\/\/tollertales.nl\/index.php\/inschrijven-jpc-evenement\/\" data-ps2id-api=\"true\" class=\"elementor-item menu-link\" tabindex=\"-1\">Inschrijven JPC<\/a><\/li>\n<\/ul>\t\t\t<\/nav>\n\t\t\t\t\t\t<\/div>\n\t\t\t\t<\/div>\n\t\t\t\t\t<\/div>\n\t\t<\/div>\n\t\t\t\t<div class=\"elementor-column elementor-col-33 elementor-top-column elementor-element elementor-element-6f693afb\" data-id=\"6f693afb\" data-element_type=\"column\" data-e-type=\"column\">\n\t\t\t<div class=\"elementor-widget-wrap elementor-element-populated\">\n\t\t\t\t\t\t<div class=\"elementor-element elementor-element-30adb998 elementor-invisible elementor-widget elementor-widget-image\" data-id=\"30adb998\" data-element_type=\"widget\" data-e-type=\"widget\" data-settings=\"{&quot;_animation&quot;:&quot;zoomIn&quot;}\" data-widget_type=\"image.default\">\n\t\t\t\t<div class=\"elementor-widget-container\">\n\t\t\t\t\t\t\t\t\t\t\t\t\t\t\t<img fetchpriority=\"high\" decoding=\"async\" width=\"768\" height=\"177\" src=\"https:\/\/tollertales.nl\/wp-content\/uploads\/2021\/09\/header-17a-768x177.png\" class=\"attachment-medium_large size-medium_large wp-image-1779\" alt=\"\" srcset=\"https:\/\/tollertales.nl\/wp-content\/uploads\/2021\/09\/header-17a-768x177.png 768w, https:\/\/tollertales.nl\/wp-content\/uploads\/2021\/09\/header-17a-300x69.png 300w, https:\/\/tollertales.nl\/wp-content\/uploads\/2021\/09\/header-17a.png 909w\" sizes=\"(max-width: 768px) 100vw, 768px\" \/>\t\t\t\t\t\t\t\t\t\t\t\t\t\t\t<\/div>\n\t\t\t\t<\/div>\n\t\t\t\t\t<\/div>\n\t\t<\/div>\n\t\t\t\t<div class=\"elementor-column elementor-col-33 elementor-top-column elementor-element elementor-element-2e3012ea\" data-id=\"2e3012ea\" data-element_type=\"column\" data-e-type=\"column\">\n\t\t\t<div class=\"elementor-widget-wrap\">\n\t\t\t\t\t\t\t<\/div>\n\t\t<\/div>\n\t\t\t\t\t<\/div>\n\t\t<\/section>\n\t\t\t\t<section class=\"elementor-section elementor-top-section elementor-element elementor-element-6b86fba elementor-section-boxed elementor-section-height-default elementor-section-height-default\" data-id=\"6b86fba\" data-element_type=\"section\" data-e-type=\"section\">\n\t\t\t\t\t\t<div class=\"elementor-container elementor-column-gap-default\">\n\t\t\t\t\t<div class=\"elementor-column elementor-col-100 elementor-top-column elementor-element elementor-element-71d64225\" data-id=\"71d64225\" data-element_type=\"column\" data-e-type=\"column\">\n\t\t\t<div class=\"elementor-widget-wrap elementor-element-populated\">\n\t\t\t\t\t\t<div class=\"elementor-element elementor-element-1ba1d09b elementor-widget elementor-widget-text-editor\" data-id=\"1ba1d09b\" data-element_type=\"widget\" data-e-type=\"widget\" data-widget_type=\"text-editor.default\">\n\t\t\t\t<div class=\"elementor-widget-container\">\n\t\t\t\t\t\t\t\t\t<h3>Clubdiplomadagen (CDD)<\/h3><p>Elk jaar organiseren wij en onze zusterretrieververeningen (CCRCN, CBRN, FRC, GRCN, GRV, LKN, NLV en WFRG) diverse clubdiplomadagen die opengesteld zijn voor alle retrieverrassen. Bij de clubdiplomadagen wordt er gewerkt met dummy\u2019s. Wij willen iedereen die jachttraining met zijn\/haar Toller doet, uitnodigen om hieraan mee te doen, zodat u aan de voorjagers van de andere retrieverrassen de capaciteiten van Tollers kan demonstreren en u de mogelijkheid heeft tot het behalen van de club diploma\u2019s C, B en A.<\/p><p>Een Clubdiplomadag omvat een aantal gestandaardiseerde proeven van kunstmatige aard, waarbij het niveau en de bruikbaarheid van de hond voor het werk na het schot getest en beoordeeld worden. Tijdens deze dagen worden een aantal vast omschreven proeven afgelegd in de categorie\u00ebn C, B en A, die vast omschreven zijn in het <a href=\"https:\/\/tollertales.nl\/wp-content\/uploads\/2025\/10\/NSDTRCN-JPC-Reglement_update-07102025.pdf\" target=\"_blank\" rel=\"noopener\">Jachtproeven reglement<\/a> van de NSDTRCN. <br \/>Bij voldoende prestatie wordt het C-, B- of A-diploma verkregen.<\/p><div><div><div><p>Er kan op drie nivo\u2019s worden deelgenomen, van beginner (nivo C) tot ver gevorderd (nivo A) met voor elk nivo overeenkomstige proeven. <br \/>De C- en B-proeven worden afgelegd met dummy\u2019s, de A-proeven met wild (duif en eend).<\/p><p>De minimumleeftijd om mee te mogen doen is:<\/p><ul><li>in de C-klasse: 9 maanden<\/li><li>in de B-klasse: 12 maanden<\/li><li>in de A-klasse: 18 maanden<\/li><\/ul><p>Diploma C:<br \/>Proef A: Aangelijnd en los volgen<br \/>Proef B: Uitsturen en komen op bevel<br \/>Proef C: Houden van de aangewezen plaats<br \/>Proef D: Apport te land<br \/>Proef E: Apport uit diep water<\/p><p>Diploma B <em>(C-proeven A t\/m E plus)<\/em>:<br \/>Proef F: Verloren apport te land<br \/>Proef G: Markeerapport te land<br \/>Proef H: Apport over diep water<\/p><p>Diploma A <em>(B- en C-proeven A t\/m H plus)<\/em>:<br \/>Proef I: Dirigeerproef te land<br \/>Proef J: Apport van verre loper over breed water<\/p><p>Een diploma wordt afgegeven voor het niveau waarop alle proeven met een voldoende zijn beoordeeld. Dat kan dus afwijken van het niveau waarop is ingeschreven.<\/p><\/div><\/div><\/div><p>Het deelnemen aan een Clubdiplomadag dient om te meten welk trainingsniveau de combinatie van baas en hond heeft bereikt.<\/p><div>De deelnemer is verantwoordelijk voor de inschrijving in de juiste klasse. Indien tijdens of na de wedstrijd blijkt, dat is ingeschreven in een onjuiste klasse volgt diskwalificatie e\/o verwijdering uit de uitslag.<\/div><div>\u00a0<\/div><p>In welke klasse inschrijven voor CD met buitenlandse FCI erkende kwalificatie?<\/p><p><img decoding=\"async\" src=\"https:\/\/tollertales.nl\/wp-content\/uploads\/2023\/01\/in-welke-klasse-inschrijven-met-buitenlandse-kwalificatie.jpg\" alt=\"\" width=\"850\" height=\"207\" \/><\/p><h3>Annuleringen<\/h3><p>Het is mogelijk dat een eerder gedane inschrijving wordt geannuleerd. Wij hanteren daarbij de volgende procedure: <br \/>* Annuleringen v\u00f3\u00f3r de sluitingsdatum, indien reeds betaald: inschrijfgeld (minus bankkosten) retour.<br \/>* Annuleringen n\u00e1 de sluitingsdatum ontvangen inschrijfgeld (minus administratiekosten) retour, alleen als een reservekandidaat mee kan doen.<br \/>* Annuleringen n\u00e1 sluitingsdatum &#8211; welke reden dan ook &#8211; zonder dat er een reserve voor in de plaats komt: g\u00e9\u00e9n inschrijfgeld retour.<\/p>\t\t\t\t\t\t\t\t<\/div>\n\t\t\t\t<\/div>\n\t\t\t\t\t<\/div>\n\t\t<\/div>\n\t\t\t\t\t<\/div>\n\t\t<\/section>\n\t\t\t\t<\/div>\n\t\t","protected":false},"excerpt":{"rendered":"<p>Clubdiplomadagen (CDD) Elk jaar organiseren wij en onze zusterretrieververeningen (CCRCN, CBRN, FRC, GRCN, GRV, LKN, NLV en WFRG) diverse clubdiplomadagen die opengesteld zijn voor alle retrieverrassen. Bij de clubdiplomadagen wordt er gewerkt met dummy\u2019s. Wij willen iedereen die jachttraining met zijn\/haar Toller doet, uitnodigen om hieraan mee te doen, zodat u aan de voorjagers van [&hellip;]<\/p>\n","protected":false},"author":7,"featured_media":0,"parent":0,"menu_order":0,"comment_status":"closed","ping_status":"closed","template":"elementor_header_footer","meta":{"site-sidebar-layout":"no-sidebar","site-content-layout":"page-builder","ast-site-content-layout":"default","site-content-style":"default","site-sidebar-style":"default","ast-global-header-display":"","ast-banner-title-visibility":"","ast-main-header-display":"","ast-hfb-above-header-display":"","ast-hfb-below-header-display":"","ast-hfb-mobile-header-display":"","site-post-title":"disabled","ast-breadcrumbs-content":"","ast-featured-img":"disabled","footer-sml-layout":"","ast-disable-related-posts":"","theme-transparent-header-meta":"","adv-header-id-meta":"","stick-header-meta":"","header-above-stick-meta":"","header-main-stick-meta":"","header-below-stick-meta":"","astra-migrate-meta-layouts":"default","ast-page-background-enabled":"default","ast-page-background-meta":{"desktop":{"background-color":"var(--ast-global-color-4)","background-image":"","background-repeat":"repeat","background-position":"center center","background-size":"auto","background-attachment":"scroll","background-type":"","background-media":"","overlay-type":"","overlay-color":"","overlay-opacity":"","overlay-gradient":""},"tablet":{"background-color":"","background-image":"","background-repeat":"repeat","background-position":"center center","background-size":"auto","background-attachment":"scroll","background-type":"","background-media":"","overlay-type":"","overlay-color":"","overlay-opacity":"","overlay-gradient":""},"mobile":{"background-color":"","background-image":"","background-repeat":"repeat","background-position":"center center","background-size":"auto","background-attachment":"scroll","background-type":"","background-media":"","overlay-type":"","overlay-color":"","overlay-opacity":"","overlay-gradient":""}},"ast-content-background-meta":{"desktop":{"background-color":"var(--ast-global-color-5)","background-image":"","background-repeat":"repeat","background-position":"center center","background-size":"auto","background-attachment":"scroll","background-type":"","background-media":"","overlay-type":"","overlay-color":"","overlay-opacity":"","overlay-gradient":""},"tablet":{"background-color":"var(--ast-global-color-5)","background-image":"","background-repeat":"repeat","background-position":"center center","background-size":"auto","background-attachment":"scroll","background-type":"","background-media":"","overlay-type":"","overlay-color":"","overlay-opacity":"","overlay-gradient":""},"mobile":{"background-color":"var(--ast-global-color-5)","background-image":"","background-repeat":"repeat","background-position":"center center","background-size":"auto","background-attachment":"scroll","background-type":"","background-media":"","overlay-type":"","overlay-color":"","overlay-opacity":"","overlay-gradient":""}},"footnotes":""},"class_list":["post-6313","page","type-page","status-publish","hentry"],"_links":{"self":[{"href":"https:\/\/tollertales.nl\/index.php\/wp-json\/wp\/v2\/pages\/6313","targetHints":{"allow":["GET"]}}],"collection":[{"href":"https:\/\/tollertales.nl\/index.php\/wp-json\/wp\/v2\/pages"}],"about":[{"href":"https:\/\/tollertales.nl\/index.php\/wp-json\/wp\/v2\/types\/page"}],"author":[{"embeddable":true,"href":"https:\/\/tollertales.nl\/index.php\/wp-json\/wp\/v2\/users\/7"}],"replies":[{"embeddable":true,"href":"https:\/\/tollertales.nl\/index.php\/wp-json\/wp\/v2\/comments?post=6313"}],"version-history":[{"count":67,"href":"https:\/\/tollertales.nl\/index.php\/wp-json\/wp\/v2\/pages\/6313\/revisions"}],"predecessor-version":[{"id":18591,"href":"https:\/\/tollertales.nl\/index.php\/wp-json\/wp\/v2\/pages\/6313\/revisions\/18591"}],"wp:attachment":[{"href":"https:\/\/tollertales.nl\/index.php\/wp-json\/wp\/v2\/media?parent=6313"}],"curies":[{"name":"wp","href":"https:\/\/api.w.org\/{rel}","templated":true}]}}