{"id":3366,"date":"2021-10-13T19:04:22","date_gmt":"2021-10-13T17:04:22","guid":{"rendered":"https:\/\/tollertales.nl\/?page_id=3366"},"modified":"2025-11-21T09:08:31","modified_gmt":"2025-11-21T08:08:31","slug":"fokkerslijst","status":"publish","type":"page","link":"https:\/\/tollertales.nl\/index.php\/fokkerslijst\/","title":{"rendered":"Fokkerslijst"},"content":{"rendered":"\t\t<div data-elementor-type=\"wp-page\" data-elementor-id=\"3366\" class=\"elementor elementor-3366\" data-elementor-post-type=\"page\">\n\t\t\t\t\t\t<section class=\"elementor-section elementor-top-section elementor-element elementor-element-7e64c1c4 elementor-section-boxed elementor-section-height-default elementor-section-height-default\" data-id=\"7e64c1c4\" data-element_type=\"section\" data-e-type=\"section\" data-settings=\"{&quot;shape_divider_bottom&quot;:&quot;curve&quot;,&quot;shape_divider_bottom_negative&quot;:&quot;yes&quot;}\">\n\t\t\t\t\t\t\t<div class=\"elementor-background-overlay\"><\/div>\n\t\t\t\t\t\t<div class=\"elementor-shape elementor-shape-bottom\" aria-hidden=\"true\" data-negative=\"true\">\n\t\t\t<svg xmlns=\"http:\/\/www.w3.org\/2000\/svg\" viewBox=\"0 0 1000 100\" preserveAspectRatio=\"none\">\n\t<path class=\"elementor-shape-fill\" d=\"M500,97C126.7,96.3,0.8,19.8,0,0v100l1000,0V1C1000,19.4,873.3,97.8,500,97z\"\/>\n<\/svg>\t\t<\/div>\n\t\t\t\t\t<div class=\"elementor-container elementor-column-gap-default\">\n\t\t\t\t\t<div class=\"elementor-column elementor-col-33 elementor-top-column elementor-element elementor-element-33427bec\" data-id=\"33427bec\" data-element_type=\"column\" data-e-type=\"column\">\n\t\t\t<div class=\"elementor-widget-wrap elementor-element-populated\">\n\t\t\t\t\t\t<div class=\"elementor-element elementor-element-60348a90 elementor-nav-menu--dropdown-tablet elementor-nav-menu__text-align-aside elementor-nav-menu--toggle elementor-nav-menu--burger elementor-widget elementor-widget-nav-menu\" data-id=\"60348a90\" data-element_type=\"widget\" data-e-type=\"widget\" data-settings=\"{&quot;layout&quot;:&quot;horizontal&quot;,&quot;submenu_icon&quot;:{&quot;value&quot;:&quot;&lt;i class=\\&quot;fas fa-caret-down\\&quot; aria-hidden=\\&quot;true\\&quot;&gt;&lt;\\\/i&gt;&quot;,&quot;library&quot;:&quot;fa-solid&quot;},&quot;toggle&quot;:&quot;burger&quot;}\" data-widget_type=\"nav-menu.default\">\n\t\t\t\t<div class=\"elementor-widget-container\">\n\t\t\t\t\t\t\t\t<nav aria-label=\"Menu\" class=\"elementor-nav-menu--main elementor-nav-menu__container elementor-nav-menu--layout-horizontal e--pointer-underline e--animation-fade\">\n\t\t\t\t<ul id=\"menu-1-60348a90\" class=\"elementor-nav-menu\"><li class=\"menu-item menu-item-type-post_type menu-item-object-page menu-item-2164\"><a href=\"https:\/\/tollertales.nl\/index.php\/fokkers\/\" data-ps2id-api=\"true\" class=\"elementor-item menu-link\">Fokkers<\/a><\/li>\n<li class=\"menu-item menu-item-type-post_type menu-item-object-page menu-item-6275\"><a href=\"https:\/\/tollertales.nl\/index.php\/basisregels\/\" data-ps2id-api=\"true\" class=\"elementor-item menu-link\">Basisregels<\/a><\/li>\n<li class=\"menu-item menu-item-type-post_type menu-item-object-page menu-item-2163\"><a href=\"https:\/\/tollertales.nl\/index.php\/dekreuen\/\" data-ps2id-api=\"true\" class=\"elementor-item menu-link\">Dekreuen<\/a><\/li>\n<li class=\"menu-item menu-item-type-post_type menu-item-object-page menu-item-2166\"><a href=\"https:\/\/tollertales.nl\/index.php\/fokken\/\" data-ps2id-api=\"true\" class=\"elementor-item menu-link\">Fokken<\/a><\/li>\n<li class=\"menu-item menu-item-type-post_type menu-item-object-page menu-item-2162\"><a href=\"https:\/\/tollertales.nl\/index.php\/raad-van-beheer\/\" data-ps2id-api=\"true\" class=\"elementor-item menu-link\">Raad van Beheer<\/a><\/li>\n<li class=\"menu-item menu-item-type-post_type menu-item-object-page menu-item-2161\"><a href=\"https:\/\/tollertales.nl\/index.php\/nest-statistieken\/\" data-ps2id-api=\"true\" class=\"elementor-item menu-link\">Nest statistieken<\/a><\/li>\n<\/ul>\t\t\t<\/nav>\n\t\t\t\t\t<div class=\"elementor-menu-toggle\" role=\"button\" tabindex=\"0\" aria-label=\"Menu toggle\" aria-expanded=\"false\">\n\t\t\t<i aria-hidden=\"true\" role=\"presentation\" class=\"elementor-menu-toggle__icon--open eicon-menu-bar\"><\/i><i aria-hidden=\"true\" role=\"presentation\" class=\"elementor-menu-toggle__icon--close eicon-close\"><\/i>\t\t<\/div>\n\t\t\t\t\t<nav class=\"elementor-nav-menu--dropdown elementor-nav-menu__container\" aria-hidden=\"true\">\n\t\t\t\t<ul id=\"menu-2-60348a90\" class=\"elementor-nav-menu\"><li class=\"menu-item menu-item-type-post_type menu-item-object-page menu-item-2164\"><a href=\"https:\/\/tollertales.nl\/index.php\/fokkers\/\" data-ps2id-api=\"true\" class=\"elementor-item menu-link\" tabindex=\"-1\">Fokkers<\/a><\/li>\n<li class=\"menu-item menu-item-type-post_type menu-item-object-page menu-item-6275\"><a href=\"https:\/\/tollertales.nl\/index.php\/basisregels\/\" data-ps2id-api=\"true\" class=\"elementor-item menu-link\" tabindex=\"-1\">Basisregels<\/a><\/li>\n<li class=\"menu-item menu-item-type-post_type menu-item-object-page menu-item-2163\"><a href=\"https:\/\/tollertales.nl\/index.php\/dekreuen\/\" data-ps2id-api=\"true\" class=\"elementor-item menu-link\" tabindex=\"-1\">Dekreuen<\/a><\/li>\n<li class=\"menu-item menu-item-type-post_type menu-item-object-page menu-item-2166\"><a href=\"https:\/\/tollertales.nl\/index.php\/fokken\/\" data-ps2id-api=\"true\" class=\"elementor-item menu-link\" tabindex=\"-1\">Fokken<\/a><\/li>\n<li class=\"menu-item menu-item-type-post_type menu-item-object-page menu-item-2162\"><a href=\"https:\/\/tollertales.nl\/index.php\/raad-van-beheer\/\" data-ps2id-api=\"true\" class=\"elementor-item menu-link\" tabindex=\"-1\">Raad van Beheer<\/a><\/li>\n<li class=\"menu-item menu-item-type-post_type menu-item-object-page menu-item-2161\"><a href=\"https:\/\/tollertales.nl\/index.php\/nest-statistieken\/\" data-ps2id-api=\"true\" class=\"elementor-item menu-link\" tabindex=\"-1\">Nest statistieken<\/a><\/li>\n<\/ul>\t\t\t<\/nav>\n\t\t\t\t\t\t<\/div>\n\t\t\t\t<\/div>\n\t\t\t\t\t<\/div>\n\t\t<\/div>\n\t\t\t\t<div class=\"elementor-column elementor-col-33 elementor-top-column elementor-element elementor-element-6d4ae663\" data-id=\"6d4ae663\" data-element_type=\"column\" data-e-type=\"column\">\n\t\t\t<div class=\"elementor-widget-wrap elementor-element-populated\">\n\t\t\t\t\t\t<div class=\"elementor-element elementor-element-1244f9b3 elementor-invisible elementor-widget elementor-widget-image\" data-id=\"1244f9b3\" data-element_type=\"widget\" data-e-type=\"widget\" data-settings=\"{&quot;_animation&quot;:&quot;zoomIn&quot;}\" data-widget_type=\"image.default\">\n\t\t\t\t<div class=\"elementor-widget-container\">\n\t\t\t\t\t\t\t\t\t\t\t\t\t\t\t<img decoding=\"async\" src=\"https:\/\/tollertales.nl\/wp-content\/uploads\/elementor\/thumbs\/header-2b-1000x288-1-qr5zyvew4cj7g5mwz2prn0dvyzrz15f9le1myujggo.jpg\" title=\"header-2b-1000&#215;288\" alt=\"header-2b-1000x288\" loading=\"lazy\" \/>\t\t\t\t\t\t\t\t\t\t\t\t\t\t\t<\/div>\n\t\t\t\t<\/div>\n\t\t\t\t\t<\/div>\n\t\t<\/div>\n\t\t\t\t<div class=\"elementor-column elementor-col-33 elementor-top-column elementor-element elementor-element-3191d579\" data-id=\"3191d579\" data-element_type=\"column\" data-e-type=\"column\">\n\t\t\t<div class=\"elementor-widget-wrap\">\n\t\t\t\t\t\t\t<\/div>\n\t\t<\/div>\n\t\t\t\t\t<\/div>\n\t\t<\/section>\n\t\t\t\t<section class=\"elementor-section elementor-top-section elementor-element elementor-element-30100672 elementor-section-boxed elementor-section-height-default elementor-section-height-default\" data-id=\"30100672\" data-element_type=\"section\" data-e-type=\"section\">\n\t\t\t\t\t\t<div class=\"elementor-container elementor-column-gap-default\">\n\t\t\t\t\t<div class=\"elementor-column elementor-col-100 elementor-top-column elementor-element elementor-element-44dca8b7\" data-id=\"44dca8b7\" data-element_type=\"column\" data-e-type=\"column\">\n\t\t\t<div class=\"elementor-widget-wrap elementor-element-populated\">\n\t\t\t\t\t\t<div class=\"elementor-element elementor-element-410ad035 elementor-widget elementor-widget-text-editor\" data-id=\"410ad035\" data-element_type=\"widget\" data-e-type=\"widget\" data-widget_type=\"text-editor.default\">\n\t\t\t\t<div class=\"elementor-widget-container\">\n\t\t\t\t\t\t\t\t\t<h3>Fokkerslijst<\/h3><table cellspacing=\"0\" cellpadding=\"0\"><tbody><tr><td valign=\"top\"><center>Kies een provincie<\/center><center><\/center><center><br \/><a style=\"font-style: inherit; font-family: var( --e-global-typography-text-font-family ), Sans-serif; letter-spacing: var( --e-global-typography-text-letter-spacing ); background-color: #fffbf6;\" href=\"https:\/\/www.tollertales.nl\/index.php\/fokkerslijst-in-groningen\/\">Groningen<\/a><br \/><a style=\"font-style: inherit; font-family: var( --e-global-typography-text-font-family ), Sans-serif; letter-spacing: var( --e-global-typography-text-letter-spacing ); background-color: #fffbf6;\" href=\"https:\/\/www.tollertales.nl\/index.php\/fokkerslijst-in-friesland\/\">Friesland<\/a><br \/><a style=\"font-style: inherit; font-family: var( --e-global-typography-text-font-family ), Sans-serif; letter-spacing: var( --e-global-typography-text-letter-spacing ); background-color: #fffbf6;\" href=\"https:\/\/www.tollertales.nl\/index.php\/fokkerslijst-in-drenthe\/\">Drenthe<\/a><br \/><a style=\"font-style: inherit; font-family: var( --e-global-typography-text-font-family ), Sans-serif; letter-spacing: var( --e-global-typography-text-letter-spacing ); background-color: #fffbf6;\" href=\"https:\/\/www.tollertales.nl\/index.php\/fokkerslijst-in-overijssel\/\">Overijssel<\/a><br \/><a style=\"font-style: inherit; font-family: var( --e-global-typography-text-font-family ), Sans-serif; letter-spacing: var( --e-global-typography-text-letter-spacing ); background-color: #fffbf6;\" href=\"https:\/\/www.tollertales.nl\/index.php\/fokkerslijst-in-flevoland\/\">Flevoland<\/a><br \/><a style=\"font-style: inherit; font-family: var( --e-global-typography-text-font-family ), Sans-serif; letter-spacing: var( --e-global-typography-text-letter-spacing ); background-color: #fffbf6;\" href=\"https:\/\/www.tollertales.nl\/index.php\/fokkerslijst-in-noord-holland\/\">Noord-Holland<\/a><br \/><a style=\"font-style: inherit; font-family: var( --e-global-typography-text-font-family ), Sans-serif; letter-spacing: var( --e-global-typography-text-letter-spacing ); background-color: #fffbf6;\" href=\"https:\/\/www.tollertales.nl\/index.php\/fokkerslijst-in-zuid-holland\/\">Zuid-Holland<\/a><br \/><a style=\"font-style: inherit; font-family: var( --e-global-typography-text-font-family ), Sans-serif; letter-spacing: var( --e-global-typography-text-letter-spacing ); background-color: #fffbf6;\" href=\"https:\/\/www.tollertales.nl\/index.php\/fokkerslijst-in-gelderland\/\">Gelderland<\/a><br \/><a style=\"font-style: inherit; font-family: var( --e-global-typography-text-font-family ), Sans-serif; letter-spacing: var( --e-global-typography-text-letter-spacing ); background-color: #fffbf6;\" href=\"https:\/\/www.tollertales.nl\/index.php\/fokkerslijst-in-utrecht\/\">Utrecht<\/a><br \/><a style=\"font-style: inherit; font-family: var( --e-global-typography-text-font-family ), Sans-serif; letter-spacing: var( --e-global-typography-text-letter-spacing ); background-color: #fffbf6;\" href=\"https:\/\/www.tollertales.nl\/index.php\/fokkerslijst-in-noord-brabant\/\">Brabant<\/a><br \/><a style=\"font-style: inherit; font-family: var( --e-global-typography-text-font-family ), Sans-serif; letter-spacing: var( --e-global-typography-text-letter-spacing ); background-color: #fffbf6;\" href=\"https:\/\/www.tollertales.nl\/index.php\/fokkerslijst-in-zeeland\/\">Zeeland<\/a><br \/><a style=\"font-style: inherit; font-family: var( --e-global-typography-text-font-family ), Sans-serif; letter-spacing: var( --e-global-typography-text-letter-spacing ); background-color: #fffbf6;\" href=\"https:\/\/www.tollertales.nl\/index.php\/fokkerslijst-in-limburg\/\">Limburg<\/a><\/center><\/td><td valign=\"top\"><center>Of klik op de kaart<\/center><map id=\"ImageMap_1_1286764354\" name=\"ImageMap_1_1286764354\"> <area title=\"Zuid-Holland\" alt=\"Zuid-Holland\" coords=\"20,144,59,101,65,104,65,111,71,108,81,113,77,118,80,126,78,131,83,136,89,130,97,129,93,140,84,143,77,146,63,154,54,153,55,160,46,160\" shape=\"poly\" href=\"https:\/\/www.tollertales.nl\/index.php\/fokkerslijst\/fokkerslijst-in-zuid-holland\" \/> <area title=\"Noord-Holland\" alt=\"Noord-Holland\" coords=\"58,103,66,38,78,30,89,34,103,72,90,97,107,106,100,107,97,113,93,110,91,103,86,103,80,110,71,107,65,109,65,103\" shape=\"poly\" href=\"https:\/\/www.tollertales.nl\/index.php\/fokkerslijst\/fokkerslijst-in-noord-holland\" \/> <area title=\"Friesland\" alt=\"Friesland\" coords=\"71,29,122,0,159,-1,145,7,149,16,145,31,153,35,158,48,155,53,151,49,142,59,106,60,95,33\" shape=\"poly\" href=\"https:\/\/www.tollertales.nl\/index.php\/fokkerslijst\/fokkerslijst-in-friesland\" \/> <area title=\"Groningen\" alt=\"Groningen\" coords=\"146,31,150px,15,147,10,180,1,199,21,198,51,194,59,191,50,188,50,181,42,176,35,170,33,163,27,158,28,156,33\" shape=\"poly\" href=\"https:\/\/www.tollertales.nl\/index.php\/fokkerslijst\/fokkerslijst-in-groningen\" \/> <area title=\"Drenthe\" alt=\"Drenthe\" coords=\"143,59,149,50,155,53,157,50,154,35,155,27,162,27,166,34,174,34,181,43,189,51,190,56,193,58,195,74,180,79,166,74,161,76,142,69\" shape=\"poly\" href=\"https:\/\/www.tollertales.nl\/index.php\/fokkerslijst\/fokkerslijst-in-drenthe\" \/> <area title=\"Flevoland\" alt=\"Flevoland\" coords=\"91,97,114,61,125,61,138,77,132,81,133,88,122,98,116,98,114,106,107,109\" shape=\"poly\" href=\"https:\/\/www.tollertales.nl\/index.php\/fokkerslijst\/fokkerslijst-in-flevoland\" \/> <area title=\"Overijssel\" alt=\"Overijssel\" coords=\"125,59,141,60,145,60,149,63,144,67,161,77,167,74,180,76,179,87,195,93,195,109,182,121,173,121,173,115,168,114,163,107,155,111,144,108,140,100,149,100,143,88,136,89\" shape=\"poly\" href=\"https:\/\/www.tollertales.nl\/index.php\/fokkerslijst\/fokkerslijst-in-overijssel\" \/> <area title=\"Gelderland\" alt=\"Gelderland\" coords=\"106,109,113,109,114,98,132,87,142,87,145,98,143,102,146,110,160,109,167,115,175,115,176,121,182,122,179,126,187,135,161,149,149,143,142,151,136,151,117,145,101,151,94,150px,94,147,88,142,95,139,95,132,122,132,117,122,109,123,113,117\" shape=\"poly\" href=\"https:\/\/www.tollertales.nl\/index.php\/fokkerslijst\/fokkerslijst-in-gelderland\" \/> <area title=\"Utrecht\" alt=\"Utrecht\" coords=\"83,133,79,129,80,128,80,123,77,119,79,113,78,109,86,103,88,103,91,108,94,109,95,114,100,112,101,104,107,109,109,113,114,115,109,119,116,124,121,132\" shape=\"poly\" href=\"https:\/\/www.tollertales.nl\/index.php\/fokkerslijst\/fokkerslijst-in-utrecht\" \/> <area title=\"Limburg\" alt=\"Limburg\" coords=\"118,193,123,184,136,181,134,178,134,165,140,165,137,152,143,150px,154,166,150px,237,121,236\" shape=\"poly\" href=\"https:\/\/www.tollertales.nl\/index.php\/fokkerslijst\/fokkerslijst-in-limburg\" \/> <area title=\"Noord-Brabant\" alt=\"Noord-Brabant\" coords=\"49,187,43,159,55,158,55,153,61,155,72,152,78,147,88,144,90,148,94,148,93,150px,107,149,108,143,124,144,128,151,135,150px,138,156,139,167,135,167,133,175,137,180,129,183,124,188,121,193\" shape=\"poly\" href=\"https:\/\/www.tollertales.nl\/index.php\/fokkerslijst\/fokkerslijst-in-noord-brabant\" \/> <area title=\"Zeeland\" alt=\"Zeeland\" coords=\"2,195,-1,185,-1,162,16,146,43,159,51,181,33,200\" shape=\"poly\" href=\"https:\/\/www.tollertales.nl\/index.php\/fokkerslijst\/fokkerslijst-in-zeeland\" \/><\/map><p><img decoding=\"async\" class=\"aligncenter\" src=\"https:\/\/nieuw.tollertales.nl\/wp-content\/uploads\/2021\/08\/nederland.png\" usemap=\"#ImageMap_1_1286764354\" width=\"200\" height=\"235\" \/><\/p><\/td><\/tr><\/tbody><\/table><table cellspacing=\"0\" cellpadding=\"0\"><tbody><tr><td>\u00a0<\/td><td><a href=\"https:\/\/tollertales.nl\/index.php\/website-vermelding\/\" target=\"_blank\" rel=\"noopener\">Websitevermelding<\/a><\/td><\/tr><tr><td>\u00a0<\/td><td>Kennelvermelding voor fokkers &amp; vermelding van uw reu op de dekreuenlijst.<\/td><\/tr><\/tbody><\/table>\t\t\t\t\t\t\t\t<\/div>\n\t\t\t\t<\/div>\n\t\t\t\t\t<\/div>\n\t\t<\/div>\n\t\t\t\t\t<\/div>\n\t\t<\/section>\n\t\t\t\t<section class=\"elementor-section elementor-top-section elementor-element elementor-element-3d91543 elementor-section-boxed elementor-section-height-default elementor-section-height-default\" data-id=\"3d91543\" data-element_type=\"section\" data-e-type=\"section\">\n\t\t\t\t\t\t<div class=\"elementor-container elementor-column-gap-default\">\n\t\t\t\t\t<div class=\"elementor-column elementor-col-100 elementor-top-column elementor-element elementor-element-77b4837\" data-id=\"77b4837\" data-element_type=\"column\" data-e-type=\"column\">\n\t\t\t<div class=\"elementor-widget-wrap elementor-element-populated\">\n\t\t\t\t\t\t<div class=\"elementor-element elementor-element-7acbc4d elementor-widget elementor-widget-image\" data-id=\"7acbc4d\" data-element_type=\"widget\" data-e-type=\"widget\" data-widget_type=\"image.default\">\n\t\t\t\t<div class=\"elementor-widget-container\">\n\t\t\t\t\t\t\t\t\t\t\t\t\t\t\t<img fetchpriority=\"high\" decoding=\"async\" width=\"850\" height=\"400\" src=\"https:\/\/tollertales.nl\/wp-content\/uploads\/2021\/08\/pup2.png\" class=\"attachment-large size-large wp-image-854\" alt=\"\" srcset=\"https:\/\/tollertales.nl\/wp-content\/uploads\/2021\/08\/pup2.png 850w, https:\/\/tollertales.nl\/wp-content\/uploads\/2021\/08\/pup2-300x141.png 300w, https:\/\/tollertales.nl\/wp-content\/uploads\/2021\/08\/pup2-768x361.png 768w\" sizes=\"(max-width: 850px) 100vw, 850px\" \/>\t\t\t\t\t\t\t\t\t\t\t\t\t\t\t<\/div>\n\t\t\t\t<\/div>\n\t\t\t\t\t<\/div>\n\t\t<\/div>\n\t\t\t\t\t<\/div>\n\t\t<\/section>\n\t\t\t\t<section class=\"elementor-section elementor-top-section elementor-element elementor-element-58dd9e2 elementor-section-boxed elementor-section-height-default elementor-section-height-default\" data-id=\"58dd9e2\" data-element_type=\"section\" data-e-type=\"section\">\n\t\t\t\t\t\t<div class=\"elementor-container elementor-column-gap-default\">\n\t\t\t\t\t<div class=\"elementor-column elementor-col-100 elementor-top-column elementor-element elementor-element-4e2ca0c\" data-id=\"4e2ca0c\" data-element_type=\"column\" data-e-type=\"column\">\n\t\t\t<div class=\"elementor-widget-wrap elementor-element-populated\">\n\t\t\t\t\t\t<div class=\"elementor-element elementor-element-818f76a elementor-widget elementor-widget-text-editor\" data-id=\"818f76a\" data-element_type=\"widget\" data-e-type=\"widget\" data-widget_type=\"text-editor.default\">\n\t\t\t\t<div class=\"elementor-widget-container\">\n\t\t\t\t\t\t\t\t\t<div>De NSDTRCN is nooit verantwoordelijk noch aansprakelijk voor mogelijke (erfelijke en niet erfelijke) gebreken die zich in een nest of een latere levensfase van een pup\/hond openbaren.<br \/>Fokkers en dekreu-eigenaren zijn verplicht om voorafgaande aan de dekking elkaar alle relevante informatie te verstrekken over hun fokdier en de mogelijke risico&#8217;s die er in een combinatie aanwezig kunnen zijn.<br \/><br \/>Ons advies aan fokkers: controleer voorafgaande aan de dekking ook zelf de gezondheidsuitslagen en eisen zoals omschreven in het VFR (Verenigingsfokreglement). Het is zeer onplezierig als u later geconfronteerd wordt met gegevens die u had kunnen weten maar niet wist omdat u er niet naar heeft gevraagd.<br \/><br \/>Ons advies aan pupkopers: vraag inzage in de gezondheidsuitslagen en lees de eisen die gesteld worden in het VFR (Verenigingsfokreglement).<br \/><br \/>Niet alle fokkers vragen een aanbetaling maar indien een fokker een aanbetaling vraagt dan geldt het volgende:<br \/><br \/>\u2022 een aanbetaling is pas gerechtvaardigd (conform het consumentenrecht) als er daadwerkelijk een product (pup) tegenover staat, dus pas als de pups daadwerkelijk geboren zijn en de koper voor een pup in aanmerking komt.<br \/>\u2022\u00a0er mag dus g\u00e9\u00e9n aanbetaling worden gevraagd als er g\u00e9\u00e9n product (pup) beschikbaar is (m.a.w. er nog geen pups geboren zijn).<br \/>\u2022\u00a0een aanbetaling mag wettelijk niet meer bedragen dan 50% van de verkoopwaarde.<br \/>\u2022\u00a0zien partijen af van de koop dan dient de aanbetaling in zijn geheel te worden terugbetaald (er wordt immers g\u00e9\u00e9n pup (product) geleverd).<br \/>\u2022\u00a0let op! Vraag vooraf altijd inzage in de koopovereenkomst en teken niets waar u het niet mee eens bent.<\/div><div>\u00a0<\/div>\t\t\t\t\t\t\t\t<\/div>\n\t\t\t\t<\/div>\n\t\t\t\t\t<\/div>\n\t\t<\/div>\n\t\t\t\t\t<\/div>\n\t\t<\/section>\n\t\t\t\t<\/div>\n\t\t","protected":false},"excerpt":{"rendered":"<p>Fokkerslijst Kies een provincieGroningenFrieslandDrentheOverijsselFlevolandNoord-HollandZuid-HollandGelderlandUtrechtBrabantZeelandLimburg Of klik op de kaart \u00a0 Websitevermelding \u00a0 Kennelvermelding voor fokkers &amp; vermelding van uw reu op de dekreuenlijst. De NSDTRCN is nooit verantwoordelijk noch aansprakelijk voor mogelijke (erfelijke en niet erfelijke) gebreken die zich in een nest of een latere levensfase van een pup\/hond openbaren.Fokkers en dekreu-eigenaren zijn verplicht om [&hellip;]<\/p>\n","protected":false},"author":7,"featured_media":0,"parent":0,"menu_order":0,"comment_status":"closed","ping_status":"closed","template":"elementor_header_footer","meta":{"site-sidebar-layout":"no-sidebar","site-content-layout":"page-builder","ast-site-content-layout":"default","site-content-style":"default","site-sidebar-style":"default","ast-global-header-display":"","ast-banner-title-visibility":"","ast-main-header-display":"","ast-hfb-above-header-display":"","ast-hfb-below-header-display":"","ast-hfb-mobile-header-display":"","site-post-title":"disabled","ast-breadcrumbs-content":"","ast-featured-img":"disabled","footer-sml-layout":"","ast-disable-related-posts":"","theme-transparent-header-meta":"default","adv-header-id-meta":"","stick-header-meta":"","header-above-stick-meta":"","header-main-stick-meta":"","header-below-stick-meta":"","astra-migrate-meta-layouts":"default","ast-page-background-enabled":"default","ast-page-background-meta":{"desktop":{"background-color":"var(--ast-global-color-4)","background-image":"","background-repeat":"repeat","background-position":"center center","background-size":"auto","background-attachment":"scroll","background-type":"","background-media":"","overlay-type":"","overlay-color":"","overlay-opacity":"","overlay-gradient":""},"tablet":{"background-color":"","background-image":"","background-repeat":"repeat","background-position":"center center","background-size":"auto","background-attachment":"scroll","background-type":"","background-media":"","overlay-type":"","overlay-color":"","overlay-opacity":"","overlay-gradient":""},"mobile":{"background-color":"","background-image":"","background-repeat":"repeat","background-position":"center center","background-size":"auto","background-attachment":"scroll","background-type":"","background-media":"","overlay-type":"","overlay-color":"","overlay-opacity":"","overlay-gradient":""}},"ast-content-background-meta":{"desktop":{"background-color":"var(--ast-global-color-5)","background-image":"","background-repeat":"repeat","background-position":"center center","background-size":"auto","background-attachment":"scroll","background-type":"","background-media":"","overlay-type":"","overlay-color":"","overlay-opacity":"","overlay-gradient":""},"tablet":{"background-color":"var(--ast-global-color-5)","background-image":"","background-repeat":"repeat","background-position":"center center","background-size":"auto","background-attachment":"scroll","background-type":"","background-media":"","overlay-type":"","overlay-color":"","overlay-opacity":"","overlay-gradient":""},"mobile":{"background-color":"var(--ast-global-color-5)","background-image":"","background-repeat":"repeat","background-position":"center center","background-size":"auto","background-attachment":"scroll","background-type":"","background-media":"","overlay-type":"","overlay-color":"","overlay-opacity":"","overlay-gradient":""}},"footnotes":""},"class_list":["post-3366","page","type-page","status-publish","hentry"],"_links":{"self":[{"href":"https:\/\/tollertales.nl\/index.php\/wp-json\/wp\/v2\/pages\/3366","targetHints":{"allow":["GET"]}}],"collection":[{"href":"https:\/\/tollertales.nl\/index.php\/wp-json\/wp\/v2\/pages"}],"about":[{"href":"https:\/\/tollertales.nl\/index.php\/wp-json\/wp\/v2\/types\/page"}],"author":[{"embeddable":true,"href":"https:\/\/tollertales.nl\/index.php\/wp-json\/wp\/v2\/users\/7"}],"replies":[{"embeddable":true,"href":"https:\/\/tollertales.nl\/index.php\/wp-json\/wp\/v2\/comments?post=3366"}],"version-history":[{"count":100,"href":"https:\/\/tollertales.nl\/index.php\/wp-json\/wp\/v2\/pages\/3366\/revisions"}],"predecessor-version":[{"id":18733,"href":"https:\/\/tollertales.nl\/index.php\/wp-json\/wp\/v2\/pages\/3366\/revisions\/18733"}],"wp:attachment":[{"href":"https:\/\/tollertales.nl\/index.php\/wp-json\/wp\/v2\/media?parent=3366"}],"curies":[{"name":"wp","href":"https:\/\/api.w.org\/{rel}","templated":true}]}}