{"id":2599,"date":"2021-10-05T16:12:39","date_gmt":"2021-10-05T14:12:39","guid":{"rendered":"https:\/\/tollertales.nl\/?page_id=2599"},"modified":"2026-01-13T19:39:56","modified_gmt":"2026-01-13T18:39:56","slug":"degeneratieve-myelopathie","status":"publish","type":"page","link":"https:\/\/tollertales.nl\/index.php\/degeneratieve-myelopathie\/","title":{"rendered":"Degeneratieve Myelopathie"},"content":{"rendered":"\t\t<div data-elementor-type=\"wp-page\" data-elementor-id=\"2599\" class=\"elementor elementor-2599\" data-elementor-post-type=\"page\">\n\t\t\t\t\t\t<section class=\"elementor-section elementor-top-section elementor-element elementor-element-70b71b6a elementor-section-boxed elementor-section-height-default elementor-section-height-default\" data-id=\"70b71b6a\" data-element_type=\"section\" data-e-type=\"section\" data-settings=\"{&quot;shape_divider_bottom&quot;:&quot;curve&quot;,&quot;shape_divider_bottom_negative&quot;:&quot;yes&quot;}\">\n\t\t\t\t\t\t\t<div class=\"elementor-background-overlay\"><\/div>\n\t\t\t\t\t\t<div class=\"elementor-shape elementor-shape-bottom\" aria-hidden=\"true\" data-negative=\"true\">\n\t\t\t<svg xmlns=\"http:\/\/www.w3.org\/2000\/svg\" viewBox=\"0 0 1000 100\" preserveAspectRatio=\"none\">\n\t<path class=\"elementor-shape-fill\" d=\"M500,97C126.7,96.3,0.8,19.8,0,0v100l1000,0V1C1000,19.4,873.3,97.8,500,97z\"\/>\n<\/svg>\t\t<\/div>\n\t\t\t\t\t<div class=\"elementor-container elementor-column-gap-default\">\n\t\t\t\t\t<div class=\"elementor-column elementor-col-33 elementor-top-column elementor-element elementor-element-5d85a818\" data-id=\"5d85a818\" data-element_type=\"column\" data-e-type=\"column\">\n\t\t\t<div class=\"elementor-widget-wrap elementor-element-populated\">\n\t\t\t\t\t\t<div class=\"elementor-element elementor-element-34a5dcb4 elementor-nav-menu--dropdown-tablet elementor-nav-menu__text-align-aside elementor-nav-menu--toggle elementor-nav-menu--burger elementor-widget elementor-widget-nav-menu\" data-id=\"34a5dcb4\" data-element_type=\"widget\" data-e-type=\"widget\" data-settings=\"{&quot;layout&quot;:&quot;horizontal&quot;,&quot;submenu_icon&quot;:{&quot;value&quot;:&quot;&lt;i class=\\&quot;fas fa-caret-down\\&quot; aria-hidden=\\&quot;true\\&quot;&gt;&lt;\\\/i&gt;&quot;,&quot;library&quot;:&quot;fa-solid&quot;},&quot;toggle&quot;:&quot;burger&quot;}\" data-widget_type=\"nav-menu.default\">\n\t\t\t\t<div class=\"elementor-widget-container\">\n\t\t\t\t\t\t\t\t<nav aria-label=\"Menu\" class=\"elementor-nav-menu--main elementor-nav-menu__container elementor-nav-menu--layout-horizontal e--pointer-underline e--animation-fade\">\n\t\t\t\t<ul id=\"menu-1-34a5dcb4\" class=\"elementor-nav-menu\"><li class=\"menu-item menu-item-type-post_type menu-item-object-page menu-item-1980\"><a href=\"https:\/\/tollertales.nl\/index.php\/gezondheid\/\" data-ps2id-api=\"true\" class=\"elementor-item menu-link\">Gezondheid<\/a><\/li>\n<li class=\"menu-item menu-item-type-post_type menu-item-object-page menu-item-1979\"><a href=\"https:\/\/tollertales.nl\/index.php\/algemeen\/\" data-ps2id-api=\"true\" class=\"elementor-item menu-link\">Algemeen<\/a><\/li>\n<li class=\"menu-item menu-item-type-post_type menu-item-object-page menu-item-6036\"><a href=\"https:\/\/tollertales.nl\/index.php\/ziekten\/\" data-ps2id-api=\"true\" class=\"elementor-item menu-link\">Ziekten<\/a><\/li>\n<li class=\"menu-item menu-item-type-post_type menu-item-object-page menu-item-1977\"><a href=\"https:\/\/tollertales.nl\/index.php\/vergiftigingen\/\" data-ps2id-api=\"true\" class=\"elementor-item menu-link\">Vergiftigingen<\/a><\/li>\n<li class=\"menu-item menu-item-type-post_type menu-item-object-page menu-item-6616\"><a href=\"https:\/\/tollertales.nl\/index.php\/informatie-onderzoeken\/\" data-ps2id-api=\"true\" class=\"elementor-item menu-link\">Informatie<\/a><\/li>\n<li class=\"menu-item menu-item-type-post_type menu-item-object-page menu-item-1975\"><a href=\"https:\/\/tollertales.nl\/index.php\/uitslagen\/\" data-ps2id-api=\"true\" class=\"elementor-item menu-link\">Uitslagen<\/a><\/li>\n<\/ul>\t\t\t<\/nav>\n\t\t\t\t\t<div class=\"elementor-menu-toggle\" role=\"button\" tabindex=\"0\" aria-label=\"Menu toggle\" aria-expanded=\"false\">\n\t\t\t<i aria-hidden=\"true\" role=\"presentation\" class=\"elementor-menu-toggle__icon--open eicon-menu-bar\"><\/i><i aria-hidden=\"true\" role=\"presentation\" class=\"elementor-menu-toggle__icon--close eicon-close\"><\/i>\t\t<\/div>\n\t\t\t\t\t<nav class=\"elementor-nav-menu--dropdown elementor-nav-menu__container\" aria-hidden=\"true\">\n\t\t\t\t<ul id=\"menu-2-34a5dcb4\" class=\"elementor-nav-menu\"><li class=\"menu-item menu-item-type-post_type menu-item-object-page menu-item-1980\"><a href=\"https:\/\/tollertales.nl\/index.php\/gezondheid\/\" data-ps2id-api=\"true\" class=\"elementor-item menu-link\" tabindex=\"-1\">Gezondheid<\/a><\/li>\n<li class=\"menu-item menu-item-type-post_type menu-item-object-page menu-item-1979\"><a href=\"https:\/\/tollertales.nl\/index.php\/algemeen\/\" data-ps2id-api=\"true\" class=\"elementor-item menu-link\" tabindex=\"-1\">Algemeen<\/a><\/li>\n<li class=\"menu-item menu-item-type-post_type menu-item-object-page menu-item-6036\"><a href=\"https:\/\/tollertales.nl\/index.php\/ziekten\/\" data-ps2id-api=\"true\" class=\"elementor-item menu-link\" tabindex=\"-1\">Ziekten<\/a><\/li>\n<li class=\"menu-item menu-item-type-post_type menu-item-object-page menu-item-1977\"><a href=\"https:\/\/tollertales.nl\/index.php\/vergiftigingen\/\" data-ps2id-api=\"true\" class=\"elementor-item menu-link\" tabindex=\"-1\">Vergiftigingen<\/a><\/li>\n<li class=\"menu-item menu-item-type-post_type menu-item-object-page menu-item-6616\"><a href=\"https:\/\/tollertales.nl\/index.php\/informatie-onderzoeken\/\" data-ps2id-api=\"true\" class=\"elementor-item menu-link\" tabindex=\"-1\">Informatie<\/a><\/li>\n<li class=\"menu-item menu-item-type-post_type menu-item-object-page menu-item-1975\"><a href=\"https:\/\/tollertales.nl\/index.php\/uitslagen\/\" data-ps2id-api=\"true\" class=\"elementor-item menu-link\" tabindex=\"-1\">Uitslagen<\/a><\/li>\n<\/ul>\t\t\t<\/nav>\n\t\t\t\t\t\t<\/div>\n\t\t\t\t<\/div>\n\t\t\t\t\t<\/div>\n\t\t<\/div>\n\t\t\t\t<div class=\"elementor-column elementor-col-33 elementor-top-column elementor-element elementor-element-378d1269\" data-id=\"378d1269\" data-element_type=\"column\" data-e-type=\"column\">\n\t\t\t<div class=\"elementor-widget-wrap elementor-element-populated\">\n\t\t\t\t\t\t<div class=\"elementor-element elementor-element-11f52953 elementor-invisible elementor-widget elementor-widget-image\" data-id=\"11f52953\" data-element_type=\"widget\" data-e-type=\"widget\" data-settings=\"{&quot;_animation&quot;:&quot;zoomIn&quot;}\" data-widget_type=\"image.default\">\n\t\t\t\t<div class=\"elementor-widget-container\">\n\t\t\t\t\t\t\t\t\t\t\t\t\t\t\t<img fetchpriority=\"high\" decoding=\"async\" width=\"768\" height=\"177\" src=\"https:\/\/tollertales.nl\/wp-content\/uploads\/2021\/09\/header-3a-768x177.png\" class=\"attachment-medium_large size-medium_large wp-image-1799\" alt=\"\" srcset=\"https:\/\/tollertales.nl\/wp-content\/uploads\/2021\/09\/header-3a-768x177.png 768w, https:\/\/tollertales.nl\/wp-content\/uploads\/2021\/09\/header-3a-300x69.png 300w, https:\/\/tollertales.nl\/wp-content\/uploads\/2021\/09\/header-3a.png 909w\" sizes=\"(max-width: 768px) 100vw, 768px\" \/>\t\t\t\t\t\t\t\t\t\t\t\t\t\t\t<\/div>\n\t\t\t\t<\/div>\n\t\t\t\t\t<\/div>\n\t\t<\/div>\n\t\t\t\t<div class=\"elementor-column elementor-col-33 elementor-top-column elementor-element elementor-element-318cc185\" data-id=\"318cc185\" data-element_type=\"column\" data-e-type=\"column\">\n\t\t\t<div class=\"elementor-widget-wrap\">\n\t\t\t\t\t\t\t<\/div>\n\t\t<\/div>\n\t\t\t\t\t<\/div>\n\t\t<\/section>\n\t\t\t\t<section class=\"elementor-section elementor-top-section elementor-element elementor-element-7d615ac7 elementor-section-boxed elementor-section-height-default elementor-section-height-default\" data-id=\"7d615ac7\" data-element_type=\"section\" data-e-type=\"section\">\n\t\t\t\t\t\t<div class=\"elementor-container elementor-column-gap-default\">\n\t\t\t\t\t<div class=\"elementor-column elementor-col-100 elementor-top-column elementor-element elementor-element-2a7921bf\" data-id=\"2a7921bf\" data-element_type=\"column\" data-e-type=\"column\">\n\t\t\t<div class=\"elementor-widget-wrap elementor-element-populated\">\n\t\t\t\t\t\t<div class=\"elementor-element elementor-element-4ecfc240 elementor-widget elementor-widget-text-editor\" data-id=\"4ecfc240\" data-element_type=\"widget\" data-e-type=\"widget\" data-widget_type=\"text-editor.default\">\n\t\t\t\t<div class=\"elementor-widget-container\">\n\t\t\t\t\t\t\t\t\t<h3>DM (Degeneratieve Myelopathie)<\/h3><div>\u00a0<\/div><div>Lees <a href=\"https:\/\/tollertales.nl\/wp-content\/uploads\/2025\/08\/NSDTRCN-nieuwsbrief-augustus2025_DM.pdf\" target=\"_blank\" rel=\"noopener\">Nieuwsbrief augustus 2025!<\/a><\/div><div><p>Het is mogelijk om de NSDTR te testen op dragerschap van het sod1 mutatie gen, dit kan via een dna test. De DNA test kan worden aangevraagd o.a. via\u00a0<a href=\"http:\/\/www.vhlgenetics.com\/vhl\/\" target=\"_blank\" rel=\"noopener\">Dr. Van Haeringen Laboratorium bv Nederland en <\/a><a href=\"http:\/\/nl.laboklin.info\/\" target=\"_blank\" rel=\"noopener\">Laboklin<\/a><\/p><p><span style=\"font-style: inherit; font-weight: inherit; color: var( --e-global-color-text ); font-family: var( --e-global-typography-text-font-family ), Sans-serif; letter-spacing: var( --e-global-typography-text-letter-spacing );\">Mocht u vragen hebben of meer informatie over het aanvragen van de SOD1 mutatie test kunt u een email sturen naar <\/span><a href=\"mailto:fac@tollertales.nl\">fac@tollertales.nl<\/a><span style=\"font-style: inherit; font-weight: inherit; color: var( --e-global-color-text ); font-family: var( --e-global-typography-text-font-family ), Sans-serif; letter-spacing: var( --e-global-typography-text-letter-spacing );\">.<\/span><\/p><h3><span style=\"color: var( --e-global-color-primary ); font-family: Verdana, sans-serif; font-style: inherit; font-weight: 600; letter-spacing: -0.67px;\">Degeneratieve Myelopathie<\/span><\/h3><\/div><p>Degeneratieve Myelopathie is een fatale progressieve neurologische aandoening van het ruggenmerg bij honden, vergelijkbaar met multiple sclerose bij mensen. Honden met Degeneratieve Myelopathie beginnen meetal tekenen van de ziekte te vertonen rond de 7-8 jaar, maar sommige vertonen pas symptomen als ze veel ouder zijn rond 15 jaar oud. Vanaf de eerste tekenen tot het einde verloopt meestal 6 tot 18 maanden.<\/p><h3>Symptomen<\/h3><p>Degeneratieve Myelopathie begint met zwakte en co\u00f6rdinatieverlies in de achterste ledematen. Eerst \u00e9\u00e9n poot en later de andere poot. De hond gaat slepen en waggelen met de achterpoten en struikelen. De nagels slijten en beschadiging van de poot kunnen volgen, waarna mogelijk infecties kunnen optreden. Later, als de verlamming verergert, valt de hond om, vooral op een gladde ondergrond. Lopen wordt steeds moeilijker. Een hond in goede conditie kan echter nog wel rennen (zolang de tweede poot nog bruikbaar is). Incontinentie betekent meestal dat het einde nabij is. Uiteindelijk worden de vitale organen aangetast. Het verloop van de ziekte is afhankelijk van de fysieke conditie en omgevingsfactoren.<\/p><h3>Oorzaak<\/h3><p>In het ruggenmerg lopen de zenuwbanen welke de spieren aansturen. Deze zenuwen liggen in bundels gegroepeerd in de zogenoemde &#8220;witte stof&#8221;. Deze witte stof wordt aangetast, de isolatie (myeline) van de zenuwen verdwijnt en de zenuwen sterven af, waardoor de aansturing van de spieren steeds minder wordt.<\/p><h3>Diagnose<\/h3><p>De diagnose gebeurd door middel van eliminatie. Er kunnen meerdere oorzaken zijn voor de uiterlijke kentekenen van Degeneratieve Myelopathie, zoals onder andere Hernia, Spondylose, Tumor, Cyste, infecties of hartaanval. Er kan een EMG, CT-scan en\/of MRI-scan worden gemaakt. Geeft dit geen resultaat, dan wordt de waarschijnlijkheids diagnose Degeneratieve Myelopathie gesteld. De definitieve diagnose is slechts mogelijk door middel van een autopsie.<\/p><h3>Behandeling<\/h3><p>Er bestaat geen behandeling welke Degeneratieve Myelopathie tot staan brengt. Echter, soms is het mogelijk de ziekte te vertragen. De verschillende behandelingen welke op het Internet worden aanbevolen zijn zonder wetenschappelijk gemeten resultaat. Training bevordert de spieropbouw van de nog bruikbare spieren, waardoor de hond langer mobiel blijft. Aanbevolen training is, bijvoorbeeld wandelen (niet slenteren) en zwemmen.<br \/>Uiteindelijk laat de levenskwaliteit van de hond te wensen over en rest niets anders dan euthanasie.<\/p><h3>Welke rassen zijn bekend met de aandoening<\/h3><p>Degeneratieve Myelopathie was tot voor kort geen aandoening die met de Toller werd geassocieerd. De aandoening werd in 1973 voor het eerst ontdekt en omschreven bij de Duitse Herder en wordt ook gezien bij de Boxer, de Chesapeake Bay Retriever, de Welsh Corgi Pembroke, Saarloos Wolfhonden en de Rhodesian Ridgeback. Tegenwoordig is een genetische risicofactor voor het ontwikkelen van Degeneratieve Myelopathie bij veel meer rassen aangetoond. Waaronder ook rassen die mogelijk de basis hebben gevormd van de Toller; Collie, Labrador Retriever, Ierse Setter.<br \/>Sinds eind 2009 is deze genetische risicofactor ook aangetoond bij de Toller in combinatie met klinische klachten.<\/p><h3>Degeneratieve Myelopathie DNA-Test<\/h3><p>Bij Degeneratieve Myelopathie is er een herkenbaar ziekteproces dat bestudeerd kan worden en in post-mortem monsters werd dit op de juiste manier in verband gebracht met de genetische marker.<br \/>In 2007 verscheen een onderzoeksrapport waarin de erfelijke informatie voor Degeneratieve Myelopathie duidelijk werd omschreven. Uit een nadere studie bleek dat veranderingen in het *SOD1 gen geassocieerd konden worden met Degeneratieve Myelopathie. Dit komt ook voor bij de ziekte ALS bij mensen. Uit verzameld en onderzocht menselijk en dierlijk weefsel, blijkt dat Degeneratieve Myelopathie de dierlijke vorm van ALS is. De genetische marker *SOD1 vormt een belangrijk risicofactor voor het ontwikkelen van Degeneratieve Myelopathie en werd ontdekt in meerdere hondenrassen het is ge\u00efdentificeerd als autosomaal recessief en wordt omschreven met A\/A: loopt risico, A\/N: drager en N\/N: normaal.<\/p><p>Andere gerelateerde of naast elkaar bestaande genetische markers, die het begin van de ziekte kunnen be\u00efnvloeden, heeft men nog niet kunnen vinden, maar er wordt in diverse laboratoria nog steeds onderzoek naar gedaan. Dit verandert echter niets aan de nauwkeurigheid van de bekende genetische marker en zijn link naar de menselijke marker voor ALS.<\/p><p>Mogelijke ziekteprocessen die van invloed kunnen zijn op het begin van Degeneratieve Myelopathie kunnen onder andere auto-immuun problemen zijn, waarvan bekend is dat ze invloed hebben op de vitamineopname en de zenuwfuncties, zoals aandoeningen van de Pancreas, ziekte van Addison, ziekte van Cushing en Hypothyreo\u00efdie. Men werkt nog altijd aan de identificatie van genetische markers voor deze aandoeningen. Er moet dus nog meer gedaan worden om te onderzoeken of deze markers een rol spelen bij het begin van de klinische verschijnselen van Degeneratieve Myelopathie.<\/p><p>Via de Amerikaanse OFA (Orthopedic Foundation for Animals) kwam er in mei 2008 voor alle rassen een DNA-test voor deze genetische marker beschikbaar. De test wordt tegenwoordig ook door andere laboratoria in Europa aangeboden.<\/p><p>In een aantal onderzochte rassen zijn honden met testresultaten N\/A en N\/N nooit bewezen lijder van Degeneratieve Myelopathie bevonden. Alle honden met Degeneratieve Myelopathie hadden het A\/A testresultaat. Toch zijn er veel honden met een A\/A testresultaat die geen klinische symptomen van Degeneratieve Myelopathie hebben. Honden met Degeneratieve Myelopathie beginnen meestal tekenen van de ziekte te vertonen rond de 8 jaar, maar sommige vertonen pas symptomen als ze veel ouder zijn rond 15 jaar oud. Dus een aantal van de honden die als A\/A zijn getest zijn nu &#8220;normaal&#8221; maar kunnen nog steeds tekenen van Degeneratieve Myelopathie ontwikkelen als ze ouder worden. Er zijn enkele honden van 15 jaar oud getest als A\/A die geen klinische symptomen van Degeneratieve Myelopathie vertoonde. Helaas, op dit punt is er nog geen goede schatting te maken van hoeveel procent van de honden met de A\/A testresultaat Degeneratieve Myelopathie zal ontwikkelen binnen hun levensduur. Bij de Nova Scotia Duck Tolling Retriever is er \u00e9\u00e9n geval bekend waarbij de diagnose Degeneratieve Myelopathie is gesteld op basis van klinische klachten en waarbij het testresultaat N\/A is gebleken.<\/p><h3>Samenvatting<\/h3><p>Honden die N\/A of N\/N zijn getest zullen zeer onwaarschijnlijk Degeneratieve Myelopathie ontwikkelen. Honden met test-resultaat A\/A hebben veel meer kans om Degeneratieve Myelopathie te ontwikkelen. Het onderzoek zal zich nu concentreren op hoeveel A\/A geteste honden kunnen overleven tot op hoge leeftijd zonder de ontwikkeling van Degeneratieve Myelopathie en waarom. Tevens wordt onderzocht waarom ook honden met test-resultaat N\/A klinische symptomen kunnen ontwikkelen.<\/p><p>Mogelijk ontstaat er bezorgdheid over het feit dat nieuwe testen voor de fokkers aanleiding zal zijn om honden, die drager zijn of risicovol, uit hun fokprogramma te mijden. Dit kan ook leiden tot het verlies van kwalitatief goede honden en een onnodige verkleining van de genenpool.<br \/>Op dit moment moet nog onderzocht worden hoe vaak het mutant bij de Toller voorkomt en welke waarde wij hieraan moeten hechten. Dit kan alleen door het uitwisselen van informatie en door meer honden te testen. In plaats van &#8220;blind&#8221; te fokken, hebben we beschikking over een DNA-test die combinaties tussen genetische dragers en het produceren van genetische lijders voorkomt.<br \/>De DNA-test, zoals die er nu ligt voor Degeneratieve Myelopathie, biedt een mogelijkheid voor een betere toekomst voor de fokkers op de lange termijn.<\/p><p>Zie ook&#8230;<br \/><a href=\"https:\/\/nieuw.tollertales.nl\/index.php\/uitslagen-dm-test\/\" target=\"_blank\" rel=\"noopener\">Uitslagen DM test<\/a><\/p><div>Er wordt fokkers aangeraden rekening te houden met de Degeneratieve Myelopathie testresultaten in fokcombinaties.<\/div><div>\u00a0<\/div><div>\u00a0<\/div><p>*Superoxide dismutase-1 (SOD1)<\/p><h3><a href=\"https:\/\/ofa.org\/degenerative-myelopathy\/\" target=\"_blank\" rel=\"noopener\">Rassen waarbij volgens de OFA het SOD1 mutant is aangetoond<\/a><\/h3><table cellspacing=\"0\" cellpadding=\"0\"><tbody><tr><td>Airedale Terrier<br \/>American Eskimo Dogs<br \/>American Water Spaniel<br \/>Australian Shepherd<br \/>Bernese Mountain Dog<br \/>Bloodhound<br \/>Borzoi<br \/>Boxers<br \/>Boykin Spaniel<br \/>Cardigan Welsh Corgi<br \/>Cavalier King Charles Spaniel<br \/>Chesapeake Bay Retrievers<\/td><td>\u00a0<\/td><td>Collie<br \/>English Springer Spaniel<br \/>German Shepherd Dog<br \/>Golden Retriever<br \/>Glen of Imaal Terrier<br \/>Jack Russell Terrer<br \/>Kerry Blue Terriers<br \/>Komondor<br \/>Labrador Retriever<br \/>Nova Scotia Duck Tolling Retriever<br \/>Pembroke Welsh Corgis<br \/>Poodle<\/td><td>\u00a0<\/td><td><p>Pug<br \/>Rhodesian Ridgeback<br \/>Shetland Sheepdog<br \/>Siberian Husky<br \/>Soft Coated Wheaten Terriers<br \/>Wire Fox Terrier<\/p><p>\u00a0<\/p><p>\u00a0<\/p><\/td><td>\u00a0<\/td><td valign=\"top\">\u00a0<\/td><\/tr><\/tbody><\/table>\t\t\t\t\t\t\t\t<\/div>\n\t\t\t\t<\/div>\n\t\t\t\t\t<\/div>\n\t\t<\/div>\n\t\t\t\t\t<\/div>\n\t\t<\/section>\n\t\t\t\t<\/div>\n\t\t","protected":false},"excerpt":{"rendered":"<p>DM (Degeneratieve Myelopathie) \u00a0Lees Nieuwsbrief augustus 2025! Het is mogelijk om de NSDTR te testen op dragerschap van het sod1 mutatie gen, dit kan via een dna test. De DNA test kan worden aangevraagd o.a. via\u00a0Dr. Van Haeringen Laboratorium bv Nederland en Laboklin Mocht u vragen hebben of meer informatie over het aanvragen van de [&hellip;]<\/p>\n","protected":false},"author":7,"featured_media":0,"parent":0,"menu_order":0,"comment_status":"closed","ping_status":"closed","template":"elementor_header_footer","meta":{"site-sidebar-layout":"no-sidebar","site-content-layout":"page-builder","ast-site-content-layout":"default","site-content-style":"default","site-sidebar-style":"default","ast-global-header-display":"","ast-banner-title-visibility":"","ast-main-header-display":"","ast-hfb-above-header-display":"","ast-hfb-below-header-display":"","ast-hfb-mobile-header-display":"","site-post-title":"disabled","ast-breadcrumbs-content":"","ast-featured-img":"disabled","footer-sml-layout":"","ast-disable-related-posts":"","theme-transparent-header-meta":"default","adv-header-id-meta":"","stick-header-meta":"","header-above-stick-meta":"","header-main-stick-meta":"","header-below-stick-meta":"","astra-migrate-meta-layouts":"default","ast-page-background-enabled":"default","ast-page-background-meta":{"desktop":{"background-color":"var(--ast-global-color-4)","background-image":"","background-repeat":"repeat","background-position":"center center","background-size":"auto","background-attachment":"scroll","background-type":"","background-media":"","overlay-type":"","overlay-color":"","overlay-opacity":"","overlay-gradient":""},"tablet":{"background-color":"","background-image":"","background-repeat":"repeat","background-position":"center center","background-size":"auto","background-attachment":"scroll","background-type":"","background-media":"","overlay-type":"","overlay-color":"","overlay-opacity":"","overlay-gradient":""},"mobile":{"background-color":"","background-image":"","background-repeat":"repeat","background-position":"center center","background-size":"auto","background-attachment":"scroll","background-type":"","background-media":"","overlay-type":"","overlay-color":"","overlay-opacity":"","overlay-gradient":""}},"ast-content-background-meta":{"desktop":{"background-color":"var(--ast-global-color-5)","background-image":"","background-repeat":"repeat","background-position":"center center","background-size":"auto","background-attachment":"scroll","background-type":"","background-media":"","overlay-type":"","overlay-color":"","overlay-opacity":"","overlay-gradient":""},"tablet":{"background-color":"var(--ast-global-color-5)","background-image":"","background-repeat":"repeat","background-position":"center center","background-size":"auto","background-attachment":"scroll","background-type":"","background-media":"","overlay-type":"","overlay-color":"","overlay-opacity":"","overlay-gradient":""},"mobile":{"background-color":"var(--ast-global-color-5)","background-image":"","background-repeat":"repeat","background-position":"center center","background-size":"auto","background-attachment":"scroll","background-type":"","background-media":"","overlay-type":"","overlay-color":"","overlay-opacity":"","overlay-gradient":""}},"footnotes":""},"class_list":["post-2599","page","type-page","status-publish","hentry"],"_links":{"self":[{"href":"https:\/\/tollertales.nl\/index.php\/wp-json\/wp\/v2\/pages\/2599","targetHints":{"allow":["GET"]}}],"collection":[{"href":"https:\/\/tollertales.nl\/index.php\/wp-json\/wp\/v2\/pages"}],"about":[{"href":"https:\/\/tollertales.nl\/index.php\/wp-json\/wp\/v2\/types\/page"}],"author":[{"embeddable":true,"href":"https:\/\/tollertales.nl\/index.php\/wp-json\/wp\/v2\/users\/7"}],"replies":[{"embeddable":true,"href":"https:\/\/tollertales.nl\/index.php\/wp-json\/wp\/v2\/comments?post=2599"}],"version-history":[{"count":43,"href":"https:\/\/tollertales.nl\/index.php\/wp-json\/wp\/v2\/pages\/2599\/revisions"}],"predecessor-version":[{"id":19060,"href":"https:\/\/tollertales.nl\/index.php\/wp-json\/wp\/v2\/pages\/2599\/revisions\/19060"}],"wp:attachment":[{"href":"https:\/\/tollertales.nl\/index.php\/wp-json\/wp\/v2\/media?parent=2599"}],"curies":[{"name":"wp","href":"https:\/\/api.w.org\/{rel}","templated":true}]}}