{"id":2581,"date":"2021-10-05T15:56:38","date_gmt":"2021-10-05T13:56:38","guid":{"rendered":"https:\/\/tollertales.nl\/?page_id=2581"},"modified":"2023-04-06T23:37:58","modified_gmt":"2023-04-06T21:37:58","slug":"clps","status":"publish","type":"page","link":"https:\/\/tollertales.nl\/index.php\/clps\/","title":{"rendered":"CLPS"},"content":{"rendered":"\t\t<div data-elementor-type=\"wp-page\" data-elementor-id=\"2581\" class=\"elementor elementor-2581\" data-elementor-post-type=\"page\">\n\t\t\t\t\t\t<section class=\"elementor-section elementor-top-section elementor-element elementor-element-71ba13a elementor-section-boxed elementor-section-height-default elementor-section-height-default\" data-id=\"71ba13a\" data-element_type=\"section\" data-e-type=\"section\" data-settings=\"{&quot;shape_divider_bottom&quot;:&quot;curve&quot;,&quot;shape_divider_bottom_negative&quot;:&quot;yes&quot;}\">\n\t\t\t\t\t\t\t<div class=\"elementor-background-overlay\"><\/div>\n\t\t\t\t\t\t<div class=\"elementor-shape elementor-shape-bottom\" aria-hidden=\"true\" data-negative=\"true\">\n\t\t\t<svg xmlns=\"http:\/\/www.w3.org\/2000\/svg\" viewBox=\"0 0 1000 100\" preserveAspectRatio=\"none\">\n\t<path class=\"elementor-shape-fill\" d=\"M500,97C126.7,96.3,0.8,19.8,0,0v100l1000,0V1C1000,19.4,873.3,97.8,500,97z\"\/>\n<\/svg>\t\t<\/div>\n\t\t\t\t\t<div class=\"elementor-container elementor-column-gap-default\">\n\t\t\t\t\t<div class=\"elementor-column elementor-col-33 elementor-top-column elementor-element elementor-element-16211cc9\" data-id=\"16211cc9\" data-element_type=\"column\" data-e-type=\"column\">\n\t\t\t<div class=\"elementor-widget-wrap elementor-element-populated\">\n\t\t\t\t\t\t<div class=\"elementor-element elementor-element-5e1cda1b elementor-nav-menu--dropdown-tablet elementor-nav-menu__text-align-aside elementor-nav-menu--toggle elementor-nav-menu--burger elementor-widget elementor-widget-nav-menu\" data-id=\"5e1cda1b\" data-element_type=\"widget\" data-e-type=\"widget\" data-settings=\"{&quot;layout&quot;:&quot;horizontal&quot;,&quot;submenu_icon&quot;:{&quot;value&quot;:&quot;&lt;i class=\\&quot;fas fa-caret-down\\&quot; aria-hidden=\\&quot;true\\&quot;&gt;&lt;\\\/i&gt;&quot;,&quot;library&quot;:&quot;fa-solid&quot;},&quot;toggle&quot;:&quot;burger&quot;}\" data-widget_type=\"nav-menu.default\">\n\t\t\t\t<div class=\"elementor-widget-container\">\n\t\t\t\t\t\t\t\t<nav aria-label=\"Menu\" class=\"elementor-nav-menu--main elementor-nav-menu__container elementor-nav-menu--layout-horizontal e--pointer-underline e--animation-fade\">\n\t\t\t\t<ul id=\"menu-1-5e1cda1b\" class=\"elementor-nav-menu\"><li class=\"menu-item menu-item-type-post_type menu-item-object-page menu-item-1980\"><a href=\"https:\/\/tollertales.nl\/index.php\/gezondheid\/\" data-ps2id-api=\"true\" class=\"elementor-item menu-link\">Gezondheid<\/a><\/li>\n<li class=\"menu-item menu-item-type-post_type menu-item-object-page menu-item-1979\"><a href=\"https:\/\/tollertales.nl\/index.php\/algemeen\/\" data-ps2id-api=\"true\" class=\"elementor-item menu-link\">Algemeen<\/a><\/li>\n<li class=\"menu-item menu-item-type-post_type menu-item-object-page menu-item-6036\"><a href=\"https:\/\/tollertales.nl\/index.php\/ziekten\/\" data-ps2id-api=\"true\" class=\"elementor-item menu-link\">Ziekten<\/a><\/li>\n<li class=\"menu-item menu-item-type-post_type menu-item-object-page menu-item-1977\"><a href=\"https:\/\/tollertales.nl\/index.php\/vergiftigingen\/\" data-ps2id-api=\"true\" class=\"elementor-item menu-link\">Vergiftigingen<\/a><\/li>\n<li class=\"menu-item menu-item-type-post_type menu-item-object-page menu-item-6616\"><a href=\"https:\/\/tollertales.nl\/index.php\/informatie-onderzoeken\/\" data-ps2id-api=\"true\" class=\"elementor-item menu-link\">Informatie<\/a><\/li>\n<li class=\"menu-item menu-item-type-post_type menu-item-object-page menu-item-1975\"><a href=\"https:\/\/tollertales.nl\/index.php\/uitslagen\/\" data-ps2id-api=\"true\" class=\"elementor-item menu-link\">Uitslagen<\/a><\/li>\n<\/ul>\t\t\t<\/nav>\n\t\t\t\t\t<div class=\"elementor-menu-toggle\" role=\"button\" tabindex=\"0\" aria-label=\"Menu toggle\" aria-expanded=\"false\">\n\t\t\t<i aria-hidden=\"true\" role=\"presentation\" class=\"elementor-menu-toggle__icon--open eicon-menu-bar\"><\/i><i aria-hidden=\"true\" role=\"presentation\" class=\"elementor-menu-toggle__icon--close eicon-close\"><\/i>\t\t<\/div>\n\t\t\t\t\t<nav class=\"elementor-nav-menu--dropdown elementor-nav-menu__container\" aria-hidden=\"true\">\n\t\t\t\t<ul id=\"menu-2-5e1cda1b\" class=\"elementor-nav-menu\"><li class=\"menu-item menu-item-type-post_type menu-item-object-page menu-item-1980\"><a href=\"https:\/\/tollertales.nl\/index.php\/gezondheid\/\" data-ps2id-api=\"true\" class=\"elementor-item menu-link\" tabindex=\"-1\">Gezondheid<\/a><\/li>\n<li class=\"menu-item menu-item-type-post_type menu-item-object-page menu-item-1979\"><a href=\"https:\/\/tollertales.nl\/index.php\/algemeen\/\" data-ps2id-api=\"true\" class=\"elementor-item menu-link\" tabindex=\"-1\">Algemeen<\/a><\/li>\n<li class=\"menu-item menu-item-type-post_type menu-item-object-page menu-item-6036\"><a href=\"https:\/\/tollertales.nl\/index.php\/ziekten\/\" data-ps2id-api=\"true\" class=\"elementor-item menu-link\" tabindex=\"-1\">Ziekten<\/a><\/li>\n<li class=\"menu-item menu-item-type-post_type menu-item-object-page menu-item-1977\"><a href=\"https:\/\/tollertales.nl\/index.php\/vergiftigingen\/\" data-ps2id-api=\"true\" class=\"elementor-item menu-link\" tabindex=\"-1\">Vergiftigingen<\/a><\/li>\n<li class=\"menu-item menu-item-type-post_type menu-item-object-page menu-item-6616\"><a href=\"https:\/\/tollertales.nl\/index.php\/informatie-onderzoeken\/\" data-ps2id-api=\"true\" class=\"elementor-item menu-link\" tabindex=\"-1\">Informatie<\/a><\/li>\n<li class=\"menu-item menu-item-type-post_type menu-item-object-page menu-item-1975\"><a href=\"https:\/\/tollertales.nl\/index.php\/uitslagen\/\" data-ps2id-api=\"true\" class=\"elementor-item menu-link\" tabindex=\"-1\">Uitslagen<\/a><\/li>\n<\/ul>\t\t\t<\/nav>\n\t\t\t\t\t\t<\/div>\n\t\t\t\t<\/div>\n\t\t\t\t\t<\/div>\n\t\t<\/div>\n\t\t\t\t<div class=\"elementor-column elementor-col-33 elementor-top-column elementor-element elementor-element-3e5d0ab4\" data-id=\"3e5d0ab4\" data-element_type=\"column\" data-e-type=\"column\">\n\t\t\t<div class=\"elementor-widget-wrap elementor-element-populated\">\n\t\t\t\t\t\t<div class=\"elementor-element elementor-element-25e878f2 elementor-invisible elementor-widget elementor-widget-image\" data-id=\"25e878f2\" data-element_type=\"widget\" data-e-type=\"widget\" data-settings=\"{&quot;_animation&quot;:&quot;zoomIn&quot;}\" data-widget_type=\"image.default\">\n\t\t\t\t<div class=\"elementor-widget-container\">\n\t\t\t\t\t\t\t\t\t\t\t\t\t\t\t<img fetchpriority=\"high\" decoding=\"async\" width=\"768\" height=\"177\" src=\"https:\/\/tollertales.nl\/wp-content\/uploads\/2021\/09\/header-3a-768x177.png\" class=\"attachment-medium_large size-medium_large wp-image-1799\" alt=\"\" srcset=\"https:\/\/tollertales.nl\/wp-content\/uploads\/2021\/09\/header-3a-768x177.png 768w, https:\/\/tollertales.nl\/wp-content\/uploads\/2021\/09\/header-3a-300x69.png 300w, https:\/\/tollertales.nl\/wp-content\/uploads\/2021\/09\/header-3a.png 909w\" sizes=\"(max-width: 768px) 100vw, 768px\" \/>\t\t\t\t\t\t\t\t\t\t\t\t\t\t\t<\/div>\n\t\t\t\t<\/div>\n\t\t\t\t\t<\/div>\n\t\t<\/div>\n\t\t\t\t<div class=\"elementor-column elementor-col-33 elementor-top-column elementor-element elementor-element-768e3419\" data-id=\"768e3419\" data-element_type=\"column\" data-e-type=\"column\">\n\t\t\t<div class=\"elementor-widget-wrap\">\n\t\t\t\t\t\t\t<\/div>\n\t\t<\/div>\n\t\t\t\t\t<\/div>\n\t\t<\/section>\n\t\t\t\t<section class=\"elementor-section elementor-top-section elementor-element elementor-element-1d570fa6 elementor-section-boxed elementor-section-height-default elementor-section-height-default\" data-id=\"1d570fa6\" data-element_type=\"section\" data-e-type=\"section\">\n\t\t\t\t\t\t<div class=\"elementor-container elementor-column-gap-default\">\n\t\t\t\t\t<div class=\"elementor-column elementor-col-100 elementor-top-column elementor-element elementor-element-52f33af9\" data-id=\"52f33af9\" data-element_type=\"column\" data-e-type=\"column\">\n\t\t\t<div class=\"elementor-widget-wrap elementor-element-populated\">\n\t\t\t\t\t\t<div class=\"elementor-element elementor-element-8ef0ab9 elementor-widget elementor-widget-text-editor\" data-id=\"8ef0ab9\" data-element_type=\"widget\" data-e-type=\"widget\" data-widget_type=\"text-editor.default\">\n\t\t\t\t<div class=\"elementor-widget-container\">\n\t\t\t\t\t\t\t\t\t<h3>CLPS (Cleft lip\/palate en syndactyly)\u00a0 in de Nova Scotia Duck Tolling Retriever (NSDTR)<\/h3><p>Gespleten gehemelte is een sluitingsdefect in de bovenzijde van de mond (verhemelte) dat tijdens de ontwikkeling van de pup optreedt. Puppy&#8217;s worden dan geboren met gespleten gehemelte. Gespleten lip is een spleet in de lip en kan aan \u00e9\u00e9n of beide zijden van de mond optreden. Syndactyly is het verschijnsel dat naast elkaar gelegen tenen aan elkaar vastgegroeid zijn over (een deel van) de lengte. Bij cutane syndactyly is de huid tussen de samengegroeide tenen niet gescheiden. Bij benige syndactyly kunnen botdelen ook aan elkaar vastgegroeid zijn. Bij syndactyly heeft in de foetale ontwikkeling de scheiding van de tenen onvoldoende plaatsgevonden.<\/p>\t\t\t\t\t\t\t\t<\/div>\n\t\t\t\t<\/div>\n\t\t\t\t\t<\/div>\n\t\t<\/div>\n\t\t\t\t\t<\/div>\n\t\t<\/section>\n\t\t\t\t<section class=\"elementor-section elementor-top-section elementor-element elementor-element-d790c45 elementor-section-boxed elementor-section-height-default elementor-section-height-default\" data-id=\"d790c45\" data-element_type=\"section\" data-e-type=\"section\">\n\t\t\t\t\t\t<div class=\"elementor-container elementor-column-gap-default\">\n\t\t\t\t\t<div class=\"elementor-column elementor-col-100 elementor-top-column elementor-element elementor-element-d9a032e\" data-id=\"d9a032e\" data-element_type=\"column\" data-e-type=\"column\">\n\t\t\t<div class=\"elementor-widget-wrap elementor-element-populated\">\n\t\t\t\t\t\t<div class=\"elementor-element elementor-element-c90e6c7 elementor-widget elementor-widget-image\" data-id=\"c90e6c7\" data-element_type=\"widget\" data-e-type=\"widget\" data-widget_type=\"image.default\">\n\t\t\t\t<div class=\"elementor-widget-container\">\n\t\t\t\t\t\t\t\t\t\t\t\t\t\t\t<img decoding=\"async\" width=\"605\" height=\"147\" src=\"https:\/\/tollertales.nl\/wp-content\/uploads\/2021\/08\/3cleft.png\" class=\"attachment-large size-large wp-image-648\" alt=\"\" srcset=\"https:\/\/tollertales.nl\/wp-content\/uploads\/2021\/08\/3cleft.png 605w, https:\/\/tollertales.nl\/wp-content\/uploads\/2021\/08\/3cleft-300x73.png 300w\" sizes=\"(max-width: 605px) 100vw, 605px\" \/>\t\t\t\t\t\t\t\t\t\t\t\t\t\t\t<\/div>\n\t\t\t\t<\/div>\n\t\t\t\t\t<\/div>\n\t\t<\/div>\n\t\t\t\t\t<\/div>\n\t\t<\/section>\n\t\t\t\t<section class=\"elementor-section elementor-top-section elementor-element elementor-element-c9b7ef8 elementor-section-boxed elementor-section-height-default elementor-section-height-default\" data-id=\"c9b7ef8\" data-element_type=\"section\" data-e-type=\"section\">\n\t\t\t\t\t\t<div class=\"elementor-container elementor-column-gap-default\">\n\t\t\t\t\t<div class=\"elementor-column elementor-col-50 elementor-top-column elementor-element elementor-element-a26a8b6\" data-id=\"a26a8b6\" data-element_type=\"column\" data-e-type=\"column\">\n\t\t\t<div class=\"elementor-widget-wrap elementor-element-populated\">\n\t\t\t\t\t\t<div class=\"elementor-element elementor-element-329da7e elementor-widget elementor-widget-image\" data-id=\"329da7e\" data-element_type=\"widget\" data-e-type=\"widget\" data-widget_type=\"image.default\">\n\t\t\t\t<div class=\"elementor-widget-container\">\n\t\t\t\t\t\t\t\t\t\t\t\t\t\t\t<img decoding=\"async\" width=\"216\" height=\"199\" src=\"https:\/\/tollertales.nl\/wp-content\/uploads\/2021\/08\/cleftpalet.png\" class=\"attachment-large size-large wp-image-683\" alt=\"\" \/>\t\t\t\t\t\t\t\t\t\t\t\t\t\t\t<\/div>\n\t\t\t\t<\/div>\n\t\t\t\t\t<\/div>\n\t\t<\/div>\n\t\t\t\t<div class=\"elementor-column elementor-col-50 elementor-top-column elementor-element elementor-element-e2dccb1\" data-id=\"e2dccb1\" data-element_type=\"column\" data-e-type=\"column\">\n\t\t\t<div class=\"elementor-widget-wrap elementor-element-populated\">\n\t\t\t\t\t\t<div class=\"elementor-element elementor-element-66c387f elementor-widget elementor-widget-image\" data-id=\"66c387f\" data-element_type=\"widget\" data-e-type=\"widget\" data-widget_type=\"image.default\">\n\t\t\t\t<div class=\"elementor-widget-container\">\n\t\t\t\t\t\t\t\t\t\t\t\t\t\t\t<img loading=\"lazy\" decoding=\"async\" width=\"179\" height=\"200\" src=\"https:\/\/tollertales.nl\/wp-content\/uploads\/2021\/08\/splitnose.png\" class=\"attachment-large size-large wp-image-885\" alt=\"\" \/>\t\t\t\t\t\t\t\t\t\t\t\t\t\t\t<\/div>\n\t\t\t\t<\/div>\n\t\t\t\t\t<\/div>\n\t\t<\/div>\n\t\t\t\t\t<\/div>\n\t\t<\/section>\n\t\t\t\t<section class=\"elementor-section elementor-top-section elementor-element elementor-element-50d9782 elementor-section-boxed elementor-section-height-default elementor-section-height-default\" data-id=\"50d9782\" data-element_type=\"section\" data-e-type=\"section\">\n\t\t\t\t\t\t<div class=\"elementor-container elementor-column-gap-default\">\n\t\t\t\t\t<div class=\"elementor-column elementor-col-100 elementor-top-column elementor-element elementor-element-a4fc8e2\" data-id=\"a4fc8e2\" data-element_type=\"column\" data-e-type=\"column\">\n\t\t\t<div class=\"elementor-widget-wrap elementor-element-populated\">\n\t\t\t\t\t\t<div class=\"elementor-element elementor-element-737d725 elementor-widget elementor-widget-text-editor\" data-id=\"737d725\" data-element_type=\"widget\" data-e-type=\"widget\" data-widget_type=\"text-editor.default\">\n\t\t\t\t<div class=\"elementor-widget-container\">\n\t\t\t\t\t\t\t\t\t<p>Bij de Nova Scotia Duck Tolling Retriever zijn meerdere genetische oorzaken van gespleten gehemelte. Een mutatietest voor gespleten gehemelte CP1, \u00e9\u00e9n vorm waardoor gespleten gehemelte ontstaat, is al beschikbaar voor de Toller. Maar ook uit twee CP1 vrij geteste honden kunnen gespleten gehemelte pups geboren worden. Recentelijk is een tweede mutatie, waardoor gespleten lip of gespleten gehemelte genaamd CLPS kan ontstaan, ge\u00efdentificeerd. Deze mutatietest is ras specifieke en niet van toepassing op andere rassen.<\/p><h3>Ontdekking<\/h3><p>Wetenschappers van het Bannasch laboratorium aan de Universiteit van Californi\u00eb, Davis en het Wade laboratorium van de Universiteit van Sydney, hebben de genetische oorzaak ontdekt van een tweede vorm van gespleten gehemelte bij de Nova Scotia Duck Tolling Retriever. Honden met deze vorm van gespleten gehemelte hebben een inactiverende mutatie van een gen die belangrijk is voor normale ontwikkeling. De mutatie is niet aanwezig bij andere rashonden op basis van tests van meer dan 80 rassen en meer dan 300 individuele dieren.<\/p><h3>De wijze van vererving<\/h3><p>CLPS vererft autosomaal recessief dat betekend dat pups met de afwijking twee mutaties hebben ge\u00ebrfd \u00e9\u00e9n van zowel vader als moeder. Het fenotype van puppy&#8217;s met twee exemplaren van de CLPS mutatie kan vari\u00ebren van alleen gespleten gehemelte tot gespleten lip \u00e9n gespleten gehemelte. In beide gevallen kunnen de pups ook syndactyly hebben, maar niet altijd in alle gevallen. E\u00e9n geval had een gespleten neus en syndactyly.<\/p><p>Hieronder vindt u een samenvatting van de variatie in het klinische beeld dat twee exemplaren van de CLPS mutaties kan laten zien.<\/p><table cellspacing=\"0\" cellpadding=\"0\"><tbody><tr><td>Cleft type<\/td><td colspan=\"3\">Syndactyly<\/td><\/tr><tr><td>\u00a0<\/td><td>Yes<\/td><td>No<\/td><td>Total<\/td><\/tr><tr><td>Cleft Palate<\/td><td>0<\/td><td>1<\/td><td>1<\/td><\/tr><tr><td>Cleft Nose<\/td><td>1<\/td><td>0<\/td><td>1<\/td><\/tr><tr><td>Cleft Nose\/Palate<\/td><td>5<\/td><td>0<\/td><td>5<\/td><\/tr><tr><td>Cleft Lip\/ Palate<\/td><td>2<\/td><td>0<\/td><td>2<\/td><\/tr><tr><td>Cleft Lip\/Nose\/Palate<\/td><td>0<\/td><td>4<\/td><td>4<\/td><\/tr><tr><td>None<\/td><td>1<\/td><td>0<\/td><td>1<\/td><\/tr><tr><td>Total<\/td><td>9<\/td><td>5<\/td><td>14<\/td><\/tr><\/tbody><\/table><h3>De test<\/h3><p>CLPS Clear (N\/N): deze hond heeft twee normale kopie\u00ebn van CLPS<br \/>CLPS Carrier (N\/A): deze hond heeft \u00e9\u00e9n mutatie (abnormal) kopie of CLPS<br \/>CLPS Affected (A\/A): deze hond heeft twee mutaties (abnormal) kopie\u00ebn van CLPS<\/p><h3>Betekenis<\/h3><p>CLPS vererft autosomaal recessief dat betekend dat Tollers met N\/A normaal zijn maar puppy&#8217;s met een afwijking kunnen geven wanneer zij met een andere drager (N\/A) gekruist worden. 2% van de Tollers dragen CLPS (N\/A) op het moment dat de test op de markt werd gebracht, dit aantal kan veranderen met elke generatie. We hebben 36 monsters van cleft Toller puppy&#8217;s uit Noord America en 14 daarvan werden veroorzaakt door CLPS. Honden die drager zijn (N\/A) zijn zelf volkomen normaal en kunnen veilig worden gekruist aan N\/N honden om de diversiteit binnen het RAS te behouden en te selecteer voor andere positieve kenmerken die de honden dragen. Puppy&#8217;s met gespleten gehemelte kunnen kosteloos worden getest. Neem contact op met Zena Wolf voor meer details\u00a0<a href=\"mailto:(ztwolf@ucdavis.edu\">(ztwolf@ucdavis.edu<\/a>).<\/p><p>DNA test voor CLPS (Cleft lip\/palate en syndactyly) alleen voor Nova Scotia Duck Tolling Retrievers<br \/>De test(en) zijn online te besteld via de beveiligde website van Veterinary Genetics Laboratory (VGL). Betaling online met credit card (MasterCard en VISA). Eigenaren kunnen gemakkelijk zelf thuis DNA monsters verzamelen. Informatie hierover kunt u ook op onze\u00a0 website onder de knop formulieren vinden. De afname van DNA van uw hond is heel eenvoudig, er is geen dierenarts afspraak noodzakelijk.<\/p><p>$50 per animal single test<br \/>$80 per animal two tests same animal<br \/>$110 per animal three tests same animal<br \/>$140 per animal four tests same animal<br \/>$170 per animal five tests same animal<br \/>$200 per animal six tests same animal<br \/>Additional $5 discount on 3 or more dogs<\/p><p>Interdental\/GUM brushes supplied by owner or<br \/>Cytology Brush-supplied by VGL<\/p><p>Meer informatie is te vinden op<a href=\"http:\/\/www.vgl.ucdavis.edu\/services\/dog\/NSDTRTests.php#CLPS\" target=\"_blank\" rel=\"noopener\">\u00a0http:\/\/www.vgl.ucdavis.edu\/services\/dog\/NSDTRTests.php#CLPS<\/a>\u00a0<\/p><p>Test bestellen via\u00a0\u00a0<a href=\"https:\/\/www.vgl.ucdavis.edu\/services\/dog.php\" target=\"_blank\" rel=\"noopener\">https:\/\/www.vgl.ucdavis.edu\/services\/dog.php\u00a0<\/a><\/p>\t\t\t\t\t\t\t\t<\/div>\n\t\t\t\t<\/div>\n\t\t\t\t\t<\/div>\n\t\t<\/div>\n\t\t\t\t\t<\/div>\n\t\t<\/section>\n\t\t\t\t<\/div>\n\t\t","protected":false},"excerpt":{"rendered":"<p>CLPS (Cleft lip\/palate en syndactyly)\u00a0 in de Nova Scotia Duck Tolling Retriever (NSDTR) Gespleten gehemelte is een sluitingsdefect in de bovenzijde van de mond (verhemelte) dat tijdens de ontwikkeling van de pup optreedt. Puppy&#8217;s worden dan geboren met gespleten gehemelte. Gespleten lip is een spleet in de lip en kan aan \u00e9\u00e9n of beide zijden [&hellip;]<\/p>\n","protected":false},"author":7,"featured_media":0,"parent":0,"menu_order":0,"comment_status":"closed","ping_status":"closed","template":"elementor_header_footer","meta":{"site-sidebar-layout":"no-sidebar","site-content-layout":"page-builder","ast-site-content-layout":"default","site-content-style":"default","site-sidebar-style":"default","ast-global-header-display":"","ast-banner-title-visibility":"","ast-main-header-display":"","ast-hfb-above-header-display":"","ast-hfb-below-header-display":"","ast-hfb-mobile-header-display":"","site-post-title":"disabled","ast-breadcrumbs-content":"","ast-featured-img":"disabled","footer-sml-layout":"","ast-disable-related-posts":"","theme-transparent-header-meta":"default","adv-header-id-meta":"","stick-header-meta":"","header-above-stick-meta":"","header-main-stick-meta":"","header-below-stick-meta":"","astra-migrate-meta-layouts":"default","ast-page-background-enabled":"default","ast-page-background-meta":{"desktop":{"background-color":"var(--ast-global-color-4)","background-image":"","background-repeat":"repeat","background-position":"center center","background-size":"auto","background-attachment":"scroll","background-type":"","background-media":"","overlay-type":"","overlay-color":"","overlay-opacity":"","overlay-gradient":""},"tablet":{"background-color":"","background-image":"","background-repeat":"repeat","background-position":"center center","background-size":"auto","background-attachment":"scroll","background-type":"","background-media":"","overlay-type":"","overlay-color":"","overlay-opacity":"","overlay-gradient":""},"mobile":{"background-color":"","background-image":"","background-repeat":"repeat","background-position":"center center","background-size":"auto","background-attachment":"scroll","background-type":"","background-media":"","overlay-type":"","overlay-color":"","overlay-opacity":"","overlay-gradient":""}},"ast-content-background-meta":{"desktop":{"background-color":"var(--ast-global-color-5)","background-image":"","background-repeat":"repeat","background-position":"center center","background-size":"auto","background-attachment":"scroll","background-type":"","background-media":"","overlay-type":"","overlay-color":"","overlay-opacity":"","overlay-gradient":""},"tablet":{"background-color":"var(--ast-global-color-5)","background-image":"","background-repeat":"repeat","background-position":"center center","background-size":"auto","background-attachment":"scroll","background-type":"","background-media":"","overlay-type":"","overlay-color":"","overlay-opacity":"","overlay-gradient":""},"mobile":{"background-color":"var(--ast-global-color-5)","background-image":"","background-repeat":"repeat","background-position":"center center","background-size":"auto","background-attachment":"scroll","background-type":"","background-media":"","overlay-type":"","overlay-color":"","overlay-opacity":"","overlay-gradient":""}},"footnotes":""},"class_list":["post-2581","page","type-page","status-publish","hentry"],"_links":{"self":[{"href":"https:\/\/tollertales.nl\/index.php\/wp-json\/wp\/v2\/pages\/2581","targetHints":{"allow":["GET"]}}],"collection":[{"href":"https:\/\/tollertales.nl\/index.php\/wp-json\/wp\/v2\/pages"}],"about":[{"href":"https:\/\/tollertales.nl\/index.php\/wp-json\/wp\/v2\/types\/page"}],"author":[{"embeddable":true,"href":"https:\/\/tollertales.nl\/index.php\/wp-json\/wp\/v2\/users\/7"}],"replies":[{"embeddable":true,"href":"https:\/\/tollertales.nl\/index.php\/wp-json\/wp\/v2\/comments?post=2581"}],"version-history":[{"count":10,"href":"https:\/\/tollertales.nl\/index.php\/wp-json\/wp\/v2\/pages\/2581\/revisions"}],"predecessor-version":[{"id":12391,"href":"https:\/\/tollertales.nl\/index.php\/wp-json\/wp\/v2\/pages\/2581\/revisions\/12391"}],"wp:attachment":[{"href":"https:\/\/tollertales.nl\/index.php\/wp-json\/wp\/v2\/media?parent=2581"}],"curies":[{"name":"wp","href":"https:\/\/api.w.org\/{rel}","templated":true}]}}