{"id":2204,"date":"2021-09-28T00:33:04","date_gmt":"2021-09-27T22:33:04","guid":{"rendered":"https:\/\/tollertales.nl\/?page_id=2204"},"modified":"2023-04-18T13:47:46","modified_gmt":"2023-04-18T11:47:46","slug":"nest-informatie-2020","status":"publish","type":"page","link":"https:\/\/tollertales.nl\/index.php\/nest-informatie-2020\/","title":{"rendered":"Nest informatie 2020"},"content":{"rendered":"\t\t<div data-elementor-type=\"wp-page\" data-elementor-id=\"2204\" class=\"elementor elementor-2204\" data-elementor-post-type=\"page\">\n\t\t\t\t\t\t<section class=\"elementor-section elementor-top-section elementor-element elementor-element-49623864 elementor-section-boxed elementor-section-height-default elementor-section-height-default\" data-id=\"49623864\" data-element_type=\"section\" data-e-type=\"section\" data-settings=\"{&quot;shape_divider_bottom&quot;:&quot;curve&quot;,&quot;shape_divider_bottom_negative&quot;:&quot;yes&quot;}\">\n\t\t\t\t\t\t\t<div class=\"elementor-background-overlay\"><\/div>\n\t\t\t\t\t\t<div class=\"elementor-shape elementor-shape-bottom\" aria-hidden=\"true\" data-negative=\"true\">\n\t\t\t<svg xmlns=\"http:\/\/www.w3.org\/2000\/svg\" viewBox=\"0 0 1000 100\" preserveAspectRatio=\"none\">\n\t<path class=\"elementor-shape-fill\" d=\"M500,97C126.7,96.3,0.8,19.8,0,0v100l1000,0V1C1000,19.4,873.3,97.8,500,97z\"\/>\n<\/svg>\t\t<\/div>\n\t\t\t\t\t<div class=\"elementor-container elementor-column-gap-default\">\n\t\t\t\t\t<div class=\"elementor-column elementor-col-33 elementor-top-column elementor-element elementor-element-194ad38b\" data-id=\"194ad38b\" data-element_type=\"column\" data-e-type=\"column\">\n\t\t\t<div class=\"elementor-widget-wrap elementor-element-populated\">\n\t\t\t\t\t\t<div class=\"elementor-element elementor-element-3ce2dc6 elementor-nav-menu__align-start elementor-nav-menu--dropdown-tablet elementor-nav-menu__text-align-aside elementor-nav-menu--toggle elementor-nav-menu--burger elementor-widget elementor-widget-nav-menu\" data-id=\"3ce2dc6\" data-element_type=\"widget\" data-e-type=\"widget\" data-settings=\"{&quot;layout&quot;:&quot;horizontal&quot;,&quot;submenu_icon&quot;:{&quot;value&quot;:&quot;&lt;i class=\\&quot;fas fa-caret-down\\&quot; aria-hidden=\\&quot;true\\&quot;&gt;&lt;\\\/i&gt;&quot;,&quot;library&quot;:&quot;fa-solid&quot;},&quot;toggle&quot;:&quot;burger&quot;}\" data-widget_type=\"nav-menu.default\">\n\t\t\t\t<div class=\"elementor-widget-container\">\n\t\t\t\t\t\t\t\t<nav aria-label=\"Menu\" class=\"elementor-nav-menu--main elementor-nav-menu__container elementor-nav-menu--layout-horizontal e--pointer-underline e--animation-fade\">\n\t\t\t\t<ul id=\"menu-1-3ce2dc6\" class=\"elementor-nav-menu\"><li class=\"menu-item menu-item-type-post_type menu-item-object-page menu-item-2164\"><a href=\"https:\/\/tollertales.nl\/index.php\/fokkers\/\" data-ps2id-api=\"true\" class=\"elementor-item menu-link\">Fokkers<\/a><\/li>\n<li class=\"menu-item menu-item-type-post_type menu-item-object-page menu-item-6275\"><a href=\"https:\/\/tollertales.nl\/index.php\/basisregels\/\" data-ps2id-api=\"true\" class=\"elementor-item menu-link\">Basisregels<\/a><\/li>\n<li class=\"menu-item menu-item-type-post_type menu-item-object-page menu-item-2163\"><a href=\"https:\/\/tollertales.nl\/index.php\/dekreuen\/\" data-ps2id-api=\"true\" class=\"elementor-item menu-link\">Dekreuen<\/a><\/li>\n<li class=\"menu-item menu-item-type-post_type menu-item-object-page menu-item-2166\"><a href=\"https:\/\/tollertales.nl\/index.php\/fokken\/\" data-ps2id-api=\"true\" class=\"elementor-item menu-link\">Fokken<\/a><\/li>\n<li class=\"menu-item menu-item-type-post_type menu-item-object-page menu-item-2162\"><a href=\"https:\/\/tollertales.nl\/index.php\/raad-van-beheer\/\" data-ps2id-api=\"true\" class=\"elementor-item menu-link\">Raad van Beheer<\/a><\/li>\n<li class=\"menu-item menu-item-type-post_type menu-item-object-page menu-item-2161\"><a href=\"https:\/\/tollertales.nl\/index.php\/nest-statistieken\/\" data-ps2id-api=\"true\" class=\"elementor-item menu-link\">Nest statistieken<\/a><\/li>\n<\/ul>\t\t\t<\/nav>\n\t\t\t\t\t<div class=\"elementor-menu-toggle\" role=\"button\" tabindex=\"0\" aria-label=\"Menu toggle\" aria-expanded=\"false\">\n\t\t\t<i aria-hidden=\"true\" role=\"presentation\" class=\"elementor-menu-toggle__icon--open eicon-menu-bar\"><\/i><i aria-hidden=\"true\" role=\"presentation\" class=\"elementor-menu-toggle__icon--close eicon-close\"><\/i>\t\t<\/div>\n\t\t\t\t\t<nav class=\"elementor-nav-menu--dropdown elementor-nav-menu__container\" aria-hidden=\"true\">\n\t\t\t\t<ul id=\"menu-2-3ce2dc6\" class=\"elementor-nav-menu\"><li class=\"menu-item menu-item-type-post_type menu-item-object-page menu-item-2164\"><a href=\"https:\/\/tollertales.nl\/index.php\/fokkers\/\" data-ps2id-api=\"true\" class=\"elementor-item menu-link\" tabindex=\"-1\">Fokkers<\/a><\/li>\n<li class=\"menu-item menu-item-type-post_type menu-item-object-page menu-item-6275\"><a href=\"https:\/\/tollertales.nl\/index.php\/basisregels\/\" data-ps2id-api=\"true\" class=\"elementor-item menu-link\" tabindex=\"-1\">Basisregels<\/a><\/li>\n<li class=\"menu-item menu-item-type-post_type menu-item-object-page menu-item-2163\"><a href=\"https:\/\/tollertales.nl\/index.php\/dekreuen\/\" data-ps2id-api=\"true\" class=\"elementor-item menu-link\" tabindex=\"-1\">Dekreuen<\/a><\/li>\n<li class=\"menu-item menu-item-type-post_type menu-item-object-page menu-item-2166\"><a href=\"https:\/\/tollertales.nl\/index.php\/fokken\/\" data-ps2id-api=\"true\" class=\"elementor-item menu-link\" tabindex=\"-1\">Fokken<\/a><\/li>\n<li class=\"menu-item menu-item-type-post_type menu-item-object-page menu-item-2162\"><a href=\"https:\/\/tollertales.nl\/index.php\/raad-van-beheer\/\" data-ps2id-api=\"true\" class=\"elementor-item menu-link\" tabindex=\"-1\">Raad van Beheer<\/a><\/li>\n<li class=\"menu-item menu-item-type-post_type menu-item-object-page menu-item-2161\"><a href=\"https:\/\/tollertales.nl\/index.php\/nest-statistieken\/\" data-ps2id-api=\"true\" class=\"elementor-item menu-link\" tabindex=\"-1\">Nest statistieken<\/a><\/li>\n<\/ul>\t\t\t<\/nav>\n\t\t\t\t\t\t<\/div>\n\t\t\t\t<\/div>\n\t\t\t\t\t<\/div>\n\t\t<\/div>\n\t\t\t\t<div class=\"elementor-column elementor-col-33 elementor-top-column elementor-element elementor-element-29f37451\" data-id=\"29f37451\" data-element_type=\"column\" data-e-type=\"column\">\n\t\t\t<div class=\"elementor-widget-wrap elementor-element-populated\">\n\t\t\t\t\t\t<div class=\"elementor-element elementor-element-5c78dd7d elementor-invisible elementor-widget elementor-widget-image\" data-id=\"5c78dd7d\" data-element_type=\"widget\" data-e-type=\"widget\" data-settings=\"{&quot;_animation&quot;:&quot;zoomIn&quot;}\" data-widget_type=\"image.default\">\n\t\t\t\t<div class=\"elementor-widget-container\">\n\t\t\t\t\t\t\t\t\t\t\t\t\t\t\t<img fetchpriority=\"high\" decoding=\"async\" width=\"768\" height=\"178\" src=\"https:\/\/tollertales.nl\/wp-content\/uploads\/2021\/09\/header-4a-768x178.png\" class=\"attachment-medium_large size-medium_large wp-image-1698\" alt=\"\" srcset=\"https:\/\/tollertales.nl\/wp-content\/uploads\/2021\/09\/header-4a-768x178.png 768w, https:\/\/tollertales.nl\/wp-content\/uploads\/2021\/09\/header-4a-300x69.png 300w, https:\/\/tollertales.nl\/wp-content\/uploads\/2021\/09\/header-4a.png 907w\" sizes=\"(max-width: 768px) 100vw, 768px\" \/>\t\t\t\t\t\t\t\t\t\t\t\t\t\t\t<\/div>\n\t\t\t\t<\/div>\n\t\t\t\t\t<\/div>\n\t\t<\/div>\n\t\t\t\t<div class=\"elementor-column elementor-col-33 elementor-top-column elementor-element elementor-element-562ae34a\" data-id=\"562ae34a\" data-element_type=\"column\" data-e-type=\"column\">\n\t\t\t<div class=\"elementor-widget-wrap\">\n\t\t\t\t\t\t\t<\/div>\n\t\t<\/div>\n\t\t\t\t\t<\/div>\n\t\t<\/section>\n\t\t\t\t<section class=\"elementor-section elementor-top-section elementor-element elementor-element-267d3563 elementor-section-boxed elementor-section-height-default elementor-section-height-default\" data-id=\"267d3563\" data-element_type=\"section\" data-e-type=\"section\">\n\t\t\t\t\t\t<div class=\"elementor-container elementor-column-gap-default\">\n\t\t\t\t\t<div class=\"elementor-column elementor-col-100 elementor-top-column elementor-element elementor-element-2405faba\" data-id=\"2405faba\" data-element_type=\"column\" data-e-type=\"column\">\n\t\t\t<div class=\"elementor-widget-wrap elementor-element-populated\">\n\t\t\t\t\t\t<div class=\"elementor-element elementor-element-55b50ddf elementor-widget elementor-widget-text-editor\" data-id=\"55b50ddf\" data-element_type=\"widget\" data-e-type=\"widget\" data-widget_type=\"text-editor.default\">\n\t\t\t\t<div class=\"elementor-widget-container\">\n\t\t\t\t\t\t\t\t\t<h3><span class=\"groot-rood\">Nest informatie voor 2020<\/span><\/h3><div><span class=\"groot-rood\">\u00a0<\/span><\/div><table cellspacing=\"0\" cellpadding=\"0\"><tbody><tr><td>\u00a0\u00a0<strong>Kennel<\/strong><\/td><td><strong>Vader<\/strong><\/td><td><strong>Moeder<\/strong><\/td><td><strong>Geb. datum<\/strong><\/td><td><strong>Reu \/ Teef<\/strong><\/td><\/tr><tr class=\"table-groen\"><td>\u00a0\u00a0Sirirosca<\/td><td>Rhineferry\u2032s Sirius Zax<\/td><td>Shaggy Toller\u2032s 2nd Choice For Mira<\/td><td>02-01-2020<\/td><td>2 \/ 3<\/td><\/tr><tr class=\"table-geel\"><td>\u00a0\u00a0************************<\/td><td>Bello Nhsb 2962573<\/td><td>Alliance De La Vie Oona Bergo<\/td><td>06-01-2020<\/td><td>1 \/ 2<\/td><\/tr><tr class=\"table-groen\"><td>\u00a0\u00a0Zusenzo<\/td><td>Rhineferry\u2032s King Louis Two<\/td><td>No Nonzus Of Great Pleasure<\/td><td>19-01-2020<\/td><td>2 \/ 3<\/td><\/tr><tr class=\"table-geel\"><td>\u00a0\u00a0V.d.victoria Hof<\/td><td>Absolutely Tristan Garonera<\/td><td>M\u00e4l\u00fcl\u00fc Withy V.d.victoria Hof<\/td><td>23-01-2020<\/td><td>8 \/ 5<\/td><\/tr><tr class=\"table-groen\"><td>\u00a0\u00a0************************<\/td><td>Ilay-bena V. Loosbroekerhaus<\/td><td>Turquoise Nhsb 3096092<\/td><td>11-02-2020<\/td><td>3 \/ 3<\/td><\/tr><tr class=\"table-geel\"><td>\u00a0\u00a0From Toller Secrets<\/td><td>Trindy\u2032s Finnish Miracle<\/td><td>Maxcellent Abby<\/td><td>24-02-2020<\/td><td>5 \/ 4<\/td><\/tr><tr class=\"table-groen\"><td>\u00a0\u00a0V.d. Westervenne<\/td><td>Chico Red Rebel V.d. Stam De Duffelt<\/td><td>Red Riverlands Morgandy Nabli<\/td><td>01-03-2020<\/td><td>3 \/ 4<\/td><\/tr><tr class=\"table-geel\"><td>\u00a0\u00a0V. Loosbroekerhaus<\/td><td>Javahill\u2032s Rider In The Sky<\/td><td>Ilze-bena V. Loosbroekerhaus<\/td><td>03-03-2020<\/td><td>1 \/ 3<\/td><\/tr><tr class=\"table-groen\"><td>\u00a0\u00a0Rubrum Venandi<\/td><td>Lorevy Limon Life<\/td><td>Fr\u00e1 Hreinir-veller Red-sunna<\/td><td>08-03-2020<\/td><td>3 \/ 6<\/td><\/tr><tr class=\"table-geel\"><td>\u00a0\u00a0V.d. Stam De Duffelt<\/td><td>Ylyo\u2032s Jolly Yagger V. Telgter Spreng<\/td><td>Manitou Inti Aisha\u2032s Time To Fly To De Duffelt<\/td><td>18-03-2020<\/td><td>3 \/ 2<\/td><\/tr><tr class=\"table-groen\"><td>\u00a0\u00a0V. Loosbroekerhaus<\/td><td>Javahill\u2032s Rider In The Sky<\/td><td>Holly V. Loosbroekerhaus<\/td><td>21-03-2020<\/td><td>7 \/ 2<\/td><\/tr><tr class=\"table-geel\"><td>\u00a0\u00a0************************<\/td><td>Lars Nhsb 2885639<\/td><td>Steffy Nhsb 3184901<\/td><td>22-03-2020<\/td><td>3 \/ 4<\/td><\/tr><tr class=\"table-groen\"><td>\u00a0\u00a0V. Loosbroekerhaus<\/td><td>Absolutely Tristan Garonera<\/td><td>Moon Indy V. Loosbroekerhaus<\/td><td>29-03-2020<\/td><td>3 \/ 4<\/td><\/tr><tr class=\"table-geel\"><td>\u00a0\u00a0Nirvelli<\/td><td>Manitou\u2032s Sparkling Joppe<\/td><td>Nirvelli Honey I Am Home<\/td><td>31-03-2020<\/td><td>5 \/ 2<\/td><\/tr><tr class=\"table-groen\"><td>\u00a0\u00a0************************<\/td><td>Zain Golden Blackberrys<\/td><td>Freya Nhsb 3120800<\/td><td>04-04-2020<\/td><td>2 \/ 2<\/td><\/tr><tr class=\"table-geel\"><td>\u00a0\u00a0Golden Blackberrys<\/td><td>Lars Nhsb 2885639<\/td><td>Rosita Golden Blackberrys<\/td><td>06-04-2020<\/td><td>4 \/ 3<\/td><\/tr><tr class=\"table-groen\"><td>\u00a0\u00a0Maxcellent<\/td><td>Grich Angels Of Baranya<\/td><td>Angie Chodsk\u00e9 Stest\u00ed<\/td><td>17-04-2020<\/td><td>3 \/ 1<\/td><\/tr><tr class=\"table-geel\"><td>\u00a0\u00a0Rhineferry\u2032s<\/td><td>Kitimat Big Leaf Maple<\/td><td>Rhineferry\u2032s Skimme Guti<\/td><td>25-04-2020<\/td><td>1 \/ 3<\/td><\/tr><tr class=\"table-groen\"><td>\u00a0\u00a0From Cashel Vale<\/td><td>Cashels\u2032 Wild Card By Manitou<\/td><td>Front Page News From Cashel Vale<\/td><td>29-04-2020<\/td><td>4 \/ 3<\/td><\/tr><tr class=\"table-geel\"><td>\u00a0\u00a0Rhineferry\u2032s<\/td><td>Adoreas Red Kaden<\/td><td>Rhineferry\u2032s Dame De Coeur<\/td><td>12-05-2020<\/td><td>2 \/ 3<\/td><\/tr><tr class=\"table-groen\"><td>\u00a0\u00a0From Cashel Vale<\/td><td>Caltansis Takes 2 2 Tango<\/td><td>Like None Otter From Cashel Vale<\/td><td>12-05-2020<\/td><td>5 \/ 3<\/td><\/tr><tr class=\"table-geel\"><td>\u00a0\u00a0Maxcellent<\/td><td>Dino-withrider V. Loosbroekerhaus<\/td><td>Fuente<\/td><td>13-05-2020<\/td><td>3 \/ 6<\/td><\/tr><tr class=\"table-groen\"><td>\u00a0\u00a0Salty River<\/td><td>Red Calypso\u2032s Duck Rock River Gem<\/td><td>Silverlace From The Green Resort<\/td><td>21-05-2020<\/td><td>5 \/ 1<\/td><\/tr><tr class=\"table-geel\"><td>\u00a0\u00a0From The Green Resort<\/td><td>Cashels\u2032 Wild Card By Manitou<\/td><td>Shining Star From The Green Resort<\/td><td>24-05-2020<\/td><td>7 \/ 2<\/td><\/tr><tr class=\"table-groen\"><td>\u00a0\u00a0Toller Of Carpe Diem<\/td><td>Fire Shadow Grateful Platter Maximum<\/td><td>Your Paradise Toller Of Carpe Diem<\/td><td>31-05-2020<\/td><td>7 \/ 2<\/td><\/tr><tr class=\"table-geel\"><td>\u00a0\u00a0V.h. Goudsche Tolhuis<\/td><td>Zain Golden Blackberrys<\/td><td>Maxcellent Dopey<\/td><td>31-05-2020<\/td><td>4 \/ 4<\/td><\/tr><tr class=\"table-groen\"><td>\u00a0\u00a0************************<\/td><td>Fr\u00e1 Hreinir-veller Rogan<\/td><td>Anisha Nhsb 2916601<\/td><td>04-06-2020<\/td><td>2 \/ 3<\/td><\/tr><tr class=\"table-geel\"><td>\u00a0\u00a0Red Calypso\u2032s<\/td><td>Toller\u2032s Delight Karelian Unlimited<\/td><td>Red Calypso\u2032s Great Happyness<\/td><td>06-06-2020<\/td><td>5 \/ 3<\/td><\/tr><tr class=\"table-groen\"><td>\u00a0\u00a0V. Telgter Spreng<\/td><td>Omar Shariff Of Great Pleasure<\/td><td>Ylyo\u2032s Lively Syb\u00e8l V. Telgter Spreng<\/td><td>06-06-2020<\/td><td>1 \/ 1<\/td><\/tr><tr class=\"table-geel\"><td>\u00a0\u00a0From Nova\u2032s Power<\/td><td>Gordonne Du Paris V.d. Amandelgaard<\/td><td>Stupid Girl From Nova\u2032s Power<\/td><td>12-06-2020<\/td><td>3 \/ 2<\/td><\/tr><tr class=\"table-groen\"><td>\u00a0\u00a0V. Loosbroekerhaus<\/td><td>Star Crowned Javahill 2sexy4my Genes<\/td><td>Unique-ylka V. Loosbroekerhaus<\/td><td>14-06-2020<\/td><td>3 \/ 5<\/td><\/tr><tr class=\"table-geel\"><td>\u00a0\u00a0Ruadhan<\/td><td>Cashels\u2032 Wild Card By Manitou<\/td><td>Rhineferry\u2032s Ruadhan Little Jewel<\/td><td>08-07-2020<\/td><td>2 \/ 1<\/td><\/tr><tr class=\"table-groen\"><td>\u00a0\u00a0************************<\/td><td>Fido Karmem V.d. Echtinger Grift<\/td><td>Anke Nhsb 2998154<\/td><td>15-07-2020<\/td><td>5 \/ 4<\/td><\/tr><tr class=\"table-geel\"><td>\u00a0\u00a0Fay\u2032s Vision<\/td><td>Rhineferry\u2032s Sirius Zax<\/td><td>Redmound\u2032s Pick A Dutch Nilsa<\/td><td>16-07-2020<\/td><td>0 \/ 3<\/td><\/tr><tr class=\"table-groen\"><td>\u00a0\u00a0************************<\/td><td>Hunter Nhsb 3156436<\/td><td>Kaya V. Marh\u00e9 Ke<\/td><td>17-07-2020<\/td><td>1 \/ 3<\/td><\/tr><tr class=\"table-geel\"><td>\u00a0\u00a0Lagertha\u2032s<\/td><td>Canna Dea\u2032s Dancing Heart Of Gold<\/td><td>Quinsialyn Des Petits Bouleaux<\/td><td>26-07-2020<\/td><td>4 \/ 1<\/td><\/tr><tr class=\"table-groen\"><td>\u00a0\u00a0From Cashel Vale<\/td><td>Forget The Rest From Cashel Vale<\/td><td>Rhailey\u2032s Spirit From Cashel Vale<\/td><td>28-07-2020<\/td><td>4 \/ 3<\/td><\/tr><tr class=\"table-geel\"><td>\u00a0\u00a0Tantramar\u2032s<\/td><td>Tantramar\u2032s Kitimat Caramel<\/td><td>Tantramar\u2032s Miracle Summer<\/td><td>06-08-2020<\/td><td>4 \/ 3<\/td><\/tr><tr class=\"table-groen\"><td>\u00a0\u00a0V.\u2032t Dekkershof<\/td><td>Rhineferry\u2032s Boogie Woogie Dav<\/td><td>All I Want Is You V.\u2032t Dekkershof<\/td><td>07-08-2020<\/td><td>5 \/ 3<\/td><\/tr><tr class=\"table-geel\"><td>\u00a0\u00a0V. Loosbroekerhaus<\/td><td>Star Crowned Javahill 2sexy4my Genes<\/td><td>Tjoeke-joy V. Loosbroekerhaus<\/td><td>17-08-2020<\/td><td>3 \/ 4<\/td><\/tr><tr class=\"table-groen\"><td>\u00a0\u00a0From Nova\u2032s Power<\/td><td>Sandy\u2032s Kaitos V.d. Amandelgaard<\/td><td>Bitch From Nova\u2032s Power<\/td><td>20-08-2020<\/td><td>6 \/ 4<\/td><\/tr><tr class=\"table-geel\"><td>\u00a0\u00a0Rhineferry\u2032s<\/td><td>Canna Dea\u2032s Dancing Heart Of Gold<\/td><td>Rhineferry\u2032s Vesper Zax<\/td><td>31-08-2020<\/td><td>4 \/ 5<\/td><\/tr><tr class=\"table-groen\"><td>\u00a0\u00a0V.d.victoria Hof<\/td><td>Fido Karmem V.d. Echtinger Grift<\/td><td>Laranja Rey V.d.victoria Hof<\/td><td>31-08-2020<\/td><td>1 \/ 2<\/td><\/tr><tr class=\"table-geel\"><td>\u00a0\u00a0V.d. Borrekeen<\/td><td>Final Water Hunter Of Red Glory<\/td><td>Wild Honey V.\u2032t Dekkershof<\/td><td>31-08-2020<\/td><td>3 \/ 4<\/td><\/tr><tr class=\"table-groen\"><td>\u00a0\u00a0V.d.victoria Hof<\/td><td>Fido Karmem V.d. Echtinger Grift<\/td><td>Stevana Alergria V.d. Victoria Hof<\/td><td>19-09-2020<\/td><td>3 \/ 1<\/td><\/tr><tr class=\"table-geel\"><td>\u00a0\u00a0Of Adorable Rubys<\/td><td>Readyfor Taken T\u2032 Great Pleasure<\/td><td>Red Calypso\u2032s Wants The Duck<\/td><td>21-09-2020<\/td><td>7 \/ 1<\/td><\/tr><tr class=\"table-groen\"><td>\u00a0\u00a0************************<\/td><td>Lorevy Limon Life<\/td><td>Nova Nhsb 2960250<\/td><td>28-09-2020<\/td><td>3 \/ 1<\/td><\/tr><tr class=\"table-geel\"><td>\u00a0\u00a0V. Loosbroekerhaus<\/td><td>Star Crowned Javahill 2sexy4my Genes<\/td><td>Withny Holtris V. Loosbroekerhaus<\/td><td>01-10-2020<\/td><td>4 \/ 2<\/td><\/tr><tr class=\"table-groen\"><td>\u00a0\u00a0V.d. Stam De Duffelt<\/td><td>Active Asics Cunavik Fuchs<\/td><td>Chico Ruby Ronja V.d. Stam De Duffelt<\/td><td>02-10-2020<\/td><td>3 \/ 3<\/td><\/tr><tr class=\"table-geel\"><td>\u00a0\u00a0************************<\/td><td>Ilay-bena V. Loosbroekerhaus<\/td><td>Ruby Nhsb 3049080<\/td><td>02-10-2020<\/td><td>3 \/ 4<\/td><\/tr><tr class=\"table-groen\"><td>\u00a0\u00a0Maxcellent<\/td><td>Dino-withrider V. Loosbroekerhaus<\/td><td>Maxcellent Mama Mia<\/td><td>02-10-2020<\/td><td>2 \/ 5<\/td><\/tr><tr class=\"table-geel\"><td>\u00a0\u00a0V. Loosbroekerhaus<\/td><td>Avatar\u2032s Delightful For Design<\/td><td>Joy-badu V. Loosbroekerhaus<\/td><td>03-10-2020<\/td><td>1 \/ 2<\/td><\/tr><tr class=\"table-groen\"><td>\u00a0\u00a0************************<\/td><td>Omar Shariff Of Great Pleasure<\/td><td>Laika Nhsb 3045999<\/td><td>07-10-2020<\/td><td>3 \/ 7<\/td><\/tr><tr class=\"table-geel\"><td>\u00a0\u00a0Maxcellent<\/td><td>Dino-withrider V. Loosbroekerhaus<\/td><td>Maxcellent Chiquitita<\/td><td>11-10-2020<\/td><td>3 \/ 5<\/td><\/tr><tr class=\"table-groen\"><td>\u00a0\u00a0Con Fuoco<\/td><td>Kanadickens Van Halen Af Svazi<\/td><td>Xpressive Segno Vom Lech-toller Nest<\/td><td>13-10-2020<\/td><td>2 \/ 1<\/td><\/tr><tr class=\"table-geel\"><td>\u00a0\u00a0Temple Of Minerva<\/td><td>Manitou\u2032s Sparkling Joppe<\/td><td>Carnival Nhsb 3055427<\/td><td>13-10-2020<\/td><td>2 \/ 0<\/td><\/tr><tr class=\"table-groen\"><td>\u00a0\u00a0Of Cherries Pride<\/td><td>Waswanipi Anuk<\/td><td>Annie Oakley Of Cherries Pride<\/td><td>14-10-2020<\/td><td>1 \/ 5<\/td><\/tr><tr class=\"table-geel\"><td>\u00a0\u00a0From Toller Secrets<\/td><td>Velocity Of Sirocco Suchy Las Vegas<\/td><td>Coda Nhsb 2991411<\/td><td>17-10-2020<\/td><td>4 \/ 2<\/td><\/tr><tr class=\"table-groen\"><td>\u00a0\u00a0Red Amicum<\/td><td>Waswanipi Borneo<\/td><td>Red Amicum Daydream<\/td><td>20-10-2020<\/td><td>4 \/ 4<\/td><\/tr><tr class=\"table-geel\"><td>\u00a0\u00a0Red Riverlands<\/td><td>Readyfor Taken \u2032t Great Pleasure<\/td><td>Red Riverlands Alberta Wild Rose<\/td><td>25-10-2020<\/td><td>3 \/ 2<\/td><\/tr><tr class=\"table-groen\"><td>\u00a0\u00a0************************<\/td><td>Boss-rivilze V. Loosbroekerhaus<\/td><td>Stefia Alergria V.d. Victoria Hof<\/td><td>27-10-2020<\/td><td>4 \/ 3<\/td><\/tr><tr class=\"table-geel\"><td>\u00a0\u00a0V. Telgter Spreng<\/td><td>Rhineferry\u2032s Boogie Woogie Dav<\/td><td>West Coast Tollers Afrodite<\/td><td>29-10-2020<\/td><td>1 \/ 3<\/td><\/tr><tr class=\"table-groen\"><td>\u00a0\u00a0V. Telgter Spreng<\/td><td>Cowly Perro V. Telgter Spreng<\/td><td>Omyl\u2032s Nimble Lynne V. Telgter Spreng<\/td><td>30-10-2020<\/td><td>3 \/ 2<\/td><\/tr><tr class=\"table-geel\"><td>\u00a0\u00a0V.d. Victoria Hof<\/td><td>Fido Karmem V.d. Echtinger Grift<\/td><td>Amante Abraham V.d. Victoria Hof<\/td><td>21-11-2020<\/td><td>5 \/ 0<\/td><\/tr><tr class=\"table-groen\"><td>\u00a0\u00a0Cashel Vale<\/td><td>Memphis Of Great Pleasure<\/td><td>Peek A Boo From Cashel Vale<\/td><td>22-11-2020<\/td><td>7 \/ 2<\/td><\/tr><tr class=\"table-geel\"><td>\u00a0\u00a0************************<\/td><td>Nero Of Great Pleasure<\/td><td>Sena Nhsb 3156439<\/td><td>25-11-2020<\/td><td>2 \/ 4<\/td><\/tr><tr class=\"table-groen\"><td>\u00a0\u00a0Of Our Fiery Dreams<\/td><td>Soyalas Ahmik<\/td><td>Con Fuoco Rumour Has It<\/td><td>07-12-2020<\/td><td>7 \/ 2<\/td><\/tr><tr class=\"table-geel\"><td>\u00a0\u00a0Fr\u00c1 Hreinir-veller<\/td><td>Paparazzi Pickles Of Great Pleasure<\/td><td>Oda Nhsb 3092895<\/td><td>12-12-2020<\/td><td>6 \/ 3<\/td><\/tr><\/tbody><\/table><p><strong>Informatie van 68 geboren nesten in 2020: Reuen: 235 Teven: 198 Totaal: 433 geboren pups.<\/strong><\/p>\t\t\t\t\t\t\t\t<\/div>\n\t\t\t\t<\/div>\n\t\t\t\t\t<\/div>\n\t\t<\/div>\n\t\t\t\t\t<\/div>\n\t\t<\/section>\n\t\t\t\t<\/div>\n\t\t","protected":false},"excerpt":{"rendered":"<p>Nest informatie voor 2020 \u00a0 \u00a0\u00a0Kennel Vader Moeder Geb. datum Reu \/ Teef \u00a0\u00a0Sirirosca Rhineferry\u2032s Sirius Zax Shaggy Toller\u2032s 2nd Choice For Mira 02-01-2020 2 \/ 3 \u00a0\u00a0************************ Bello Nhsb 2962573 Alliance De La Vie Oona Bergo 06-01-2020 1 \/ 2 \u00a0\u00a0Zusenzo Rhineferry\u2032s King Louis Two No Nonzus Of Great Pleasure 19-01-2020 2 \/ 3 [&hellip;]<\/p>\n","protected":false},"author":7,"featured_media":0,"parent":0,"menu_order":0,"comment_status":"closed","ping_status":"closed","template":"elementor_header_footer","meta":{"site-sidebar-layout":"no-sidebar","site-content-layout":"page-builder","ast-site-content-layout":"default","site-content-style":"default","site-sidebar-style":"default","ast-global-header-display":"","ast-banner-title-visibility":"","ast-main-header-display":"","ast-hfb-above-header-display":"","ast-hfb-below-header-display":"","ast-hfb-mobile-header-display":"","site-post-title":"disabled","ast-breadcrumbs-content":"","ast-featured-img":"disabled","footer-sml-layout":"","ast-disable-related-posts":"","theme-transparent-header-meta":"default","adv-header-id-meta":"","stick-header-meta":"","header-above-stick-meta":"","header-main-stick-meta":"","header-below-stick-meta":"","astra-migrate-meta-layouts":"default","ast-page-background-enabled":"default","ast-page-background-meta":{"desktop":{"background-color":"var(--ast-global-color-4)","background-image":"","background-repeat":"repeat","background-position":"center center","background-size":"auto","background-attachment":"scroll","background-type":"","background-media":"","overlay-type":"","overlay-color":"","overlay-opacity":"","overlay-gradient":""},"tablet":{"background-color":"","background-image":"","background-repeat":"repeat","background-position":"center center","background-size":"auto","background-attachment":"scroll","background-type":"","background-media":"","overlay-type":"","overlay-color":"","overlay-opacity":"","overlay-gradient":""},"mobile":{"background-color":"","background-image":"","background-repeat":"repeat","background-position":"center center","background-size":"auto","background-attachment":"scroll","background-type":"","background-media":"","overlay-type":"","overlay-color":"","overlay-opacity":"","overlay-gradient":""}},"ast-content-background-meta":{"desktop":{"background-color":"var(--ast-global-color-5)","background-image":"","background-repeat":"repeat","background-position":"center center","background-size":"auto","background-attachment":"scroll","background-type":"","background-media":"","overlay-type":"","overlay-color":"","overlay-opacity":"","overlay-gradient":""},"tablet":{"background-color":"var(--ast-global-color-5)","background-image":"","background-repeat":"repeat","background-position":"center center","background-size":"auto","background-attachment":"scroll","background-type":"","background-media":"","overlay-type":"","overlay-color":"","overlay-opacity":"","overlay-gradient":""},"mobile":{"background-color":"var(--ast-global-color-5)","background-image":"","background-repeat":"repeat","background-position":"center center","background-size":"auto","background-attachment":"scroll","background-type":"","background-media":"","overlay-type":"","overlay-color":"","overlay-opacity":"","overlay-gradient":""}},"footnotes":""},"class_list":["post-2204","page","type-page","status-publish","hentry"],"_links":{"self":[{"href":"https:\/\/tollertales.nl\/index.php\/wp-json\/wp\/v2\/pages\/2204","targetHints":{"allow":["GET"]}}],"collection":[{"href":"https:\/\/tollertales.nl\/index.php\/wp-json\/wp\/v2\/pages"}],"about":[{"href":"https:\/\/tollertales.nl\/index.php\/wp-json\/wp\/v2\/types\/page"}],"author":[{"embeddable":true,"href":"https:\/\/tollertales.nl\/index.php\/wp-json\/wp\/v2\/users\/7"}],"replies":[{"embeddable":true,"href":"https:\/\/tollertales.nl\/index.php\/wp-json\/wp\/v2\/comments?post=2204"}],"version-history":[{"count":10,"href":"https:\/\/tollertales.nl\/index.php\/wp-json\/wp\/v2\/pages\/2204\/revisions"}],"predecessor-version":[{"id":12865,"href":"https:\/\/tollertales.nl\/index.php\/wp-json\/wp\/v2\/pages\/2204\/revisions\/12865"}],"wp:attachment":[{"href":"https:\/\/tollertales.nl\/index.php\/wp-json\/wp\/v2\/media?parent=2204"}],"curies":[{"name":"wp","href":"https:\/\/api.w.org\/{rel}","templated":true}]}}