{"id":1951,"date":"2021-09-13T22:23:50","date_gmt":"2021-09-13T20:23:50","guid":{"rendered":"https:\/\/tollertales.nl\/?page_id=1951"},"modified":"2023-04-18T14:41:41","modified_gmt":"2023-04-18T12:41:41","slug":"vergiftigingen","status":"publish","type":"page","link":"https:\/\/tollertales.nl\/index.php\/vergiftigingen\/","title":{"rendered":"Vergiftigingen"},"content":{"rendered":"\t\t<div data-elementor-type=\"wp-page\" data-elementor-id=\"1951\" class=\"elementor elementor-1951\" data-elementor-post-type=\"page\">\n\t\t\t\t\t\t<section class=\"elementor-section elementor-top-section elementor-element elementor-element-703b3874 elementor-section-boxed elementor-section-height-default elementor-section-height-default\" data-id=\"703b3874\" data-element_type=\"section\" data-e-type=\"section\" data-settings=\"{&quot;shape_divider_bottom&quot;:&quot;curve&quot;,&quot;shape_divider_bottom_negative&quot;:&quot;yes&quot;}\">\n\t\t\t\t\t\t\t<div class=\"elementor-background-overlay\"><\/div>\n\t\t\t\t\t\t<div class=\"elementor-shape elementor-shape-bottom\" aria-hidden=\"true\" data-negative=\"true\">\n\t\t\t<svg xmlns=\"http:\/\/www.w3.org\/2000\/svg\" viewBox=\"0 0 1000 100\" preserveAspectRatio=\"none\">\n\t<path class=\"elementor-shape-fill\" d=\"M500,97C126.7,96.3,0.8,19.8,0,0v100l1000,0V1C1000,19.4,873.3,97.8,500,97z\"\/>\n<\/svg>\t\t<\/div>\n\t\t\t\t\t<div class=\"elementor-container elementor-column-gap-default\">\n\t\t\t\t\t<div class=\"elementor-column elementor-col-33 elementor-top-column elementor-element elementor-element-64095ba8\" data-id=\"64095ba8\" data-element_type=\"column\" data-e-type=\"column\">\n\t\t\t<div class=\"elementor-widget-wrap elementor-element-populated\">\n\t\t\t\t\t\t<div class=\"elementor-element elementor-element-67064591 elementor-nav-menu--dropdown-tablet elementor-nav-menu__text-align-aside elementor-nav-menu--toggle elementor-nav-menu--burger elementor-widget elementor-widget-nav-menu\" data-id=\"67064591\" data-element_type=\"widget\" data-e-type=\"widget\" data-settings=\"{&quot;layout&quot;:&quot;horizontal&quot;,&quot;submenu_icon&quot;:{&quot;value&quot;:&quot;&lt;i class=\\&quot;fas fa-caret-down\\&quot; aria-hidden=\\&quot;true\\&quot;&gt;&lt;\\\/i&gt;&quot;,&quot;library&quot;:&quot;fa-solid&quot;},&quot;toggle&quot;:&quot;burger&quot;}\" data-widget_type=\"nav-menu.default\">\n\t\t\t\t<div class=\"elementor-widget-container\">\n\t\t\t\t\t\t\t\t<nav aria-label=\"Menu\" class=\"elementor-nav-menu--main elementor-nav-menu__container elementor-nav-menu--layout-horizontal e--pointer-underline e--animation-fade\">\n\t\t\t\t<ul id=\"menu-1-67064591\" class=\"elementor-nav-menu\"><li class=\"menu-item menu-item-type-post_type menu-item-object-page menu-item-1980\"><a href=\"https:\/\/tollertales.nl\/index.php\/gezondheid\/\" data-ps2id-api=\"true\" class=\"elementor-item menu-link\">Gezondheid<\/a><\/li>\n<li class=\"menu-item menu-item-type-post_type menu-item-object-page menu-item-1979\"><a href=\"https:\/\/tollertales.nl\/index.php\/algemeen\/\" data-ps2id-api=\"true\" class=\"elementor-item menu-link\">Algemeen<\/a><\/li>\n<li class=\"menu-item menu-item-type-post_type menu-item-object-page menu-item-6036\"><a href=\"https:\/\/tollertales.nl\/index.php\/ziekten\/\" data-ps2id-api=\"true\" class=\"elementor-item menu-link\">Ziekten<\/a><\/li>\n<li class=\"menu-item menu-item-type-post_type menu-item-object-page menu-item-1977\"><a href=\"https:\/\/tollertales.nl\/index.php\/vergiftigingen\/\" data-ps2id-api=\"true\" class=\"elementor-item menu-link\">Vergiftigingen<\/a><\/li>\n<li class=\"menu-item menu-item-type-post_type menu-item-object-page menu-item-6616\"><a href=\"https:\/\/tollertales.nl\/index.php\/informatie-onderzoeken\/\" data-ps2id-api=\"true\" class=\"elementor-item menu-link\">Informatie<\/a><\/li>\n<li class=\"menu-item menu-item-type-post_type menu-item-object-page menu-item-1975\"><a href=\"https:\/\/tollertales.nl\/index.php\/uitslagen\/\" data-ps2id-api=\"true\" class=\"elementor-item menu-link\">Uitslagen<\/a><\/li>\n<\/ul>\t\t\t<\/nav>\n\t\t\t\t\t<div class=\"elementor-menu-toggle\" role=\"button\" tabindex=\"0\" aria-label=\"Menu toggle\" aria-expanded=\"false\">\n\t\t\t<i aria-hidden=\"true\" role=\"presentation\" class=\"elementor-menu-toggle__icon--open eicon-menu-bar\"><\/i><i aria-hidden=\"true\" role=\"presentation\" class=\"elementor-menu-toggle__icon--close eicon-close\"><\/i>\t\t<\/div>\n\t\t\t\t\t<nav class=\"elementor-nav-menu--dropdown elementor-nav-menu__container\" aria-hidden=\"true\">\n\t\t\t\t<ul id=\"menu-2-67064591\" class=\"elementor-nav-menu\"><li class=\"menu-item menu-item-type-post_type menu-item-object-page menu-item-1980\"><a href=\"https:\/\/tollertales.nl\/index.php\/gezondheid\/\" data-ps2id-api=\"true\" class=\"elementor-item menu-link\" tabindex=\"-1\">Gezondheid<\/a><\/li>\n<li class=\"menu-item menu-item-type-post_type menu-item-object-page menu-item-1979\"><a href=\"https:\/\/tollertales.nl\/index.php\/algemeen\/\" data-ps2id-api=\"true\" class=\"elementor-item menu-link\" tabindex=\"-1\">Algemeen<\/a><\/li>\n<li class=\"menu-item menu-item-type-post_type menu-item-object-page menu-item-6036\"><a href=\"https:\/\/tollertales.nl\/index.php\/ziekten\/\" data-ps2id-api=\"true\" class=\"elementor-item menu-link\" tabindex=\"-1\">Ziekten<\/a><\/li>\n<li class=\"menu-item menu-item-type-post_type menu-item-object-page menu-item-1977\"><a href=\"https:\/\/tollertales.nl\/index.php\/vergiftigingen\/\" data-ps2id-api=\"true\" class=\"elementor-item menu-link\" tabindex=\"-1\">Vergiftigingen<\/a><\/li>\n<li class=\"menu-item menu-item-type-post_type menu-item-object-page menu-item-6616\"><a href=\"https:\/\/tollertales.nl\/index.php\/informatie-onderzoeken\/\" data-ps2id-api=\"true\" class=\"elementor-item menu-link\" tabindex=\"-1\">Informatie<\/a><\/li>\n<li class=\"menu-item menu-item-type-post_type menu-item-object-page menu-item-1975\"><a href=\"https:\/\/tollertales.nl\/index.php\/uitslagen\/\" data-ps2id-api=\"true\" class=\"elementor-item menu-link\" tabindex=\"-1\">Uitslagen<\/a><\/li>\n<\/ul>\t\t\t<\/nav>\n\t\t\t\t\t\t<\/div>\n\t\t\t\t<\/div>\n\t\t\t\t\t<\/div>\n\t\t<\/div>\n\t\t\t\t<div class=\"elementor-column elementor-col-33 elementor-top-column elementor-element elementor-element-78c99364\" data-id=\"78c99364\" data-element_type=\"column\" data-e-type=\"column\">\n\t\t\t<div class=\"elementor-widget-wrap elementor-element-populated\">\n\t\t\t\t\t\t<div class=\"elementor-element elementor-element-6a8c14b elementor-invisible elementor-widget elementor-widget-image\" data-id=\"6a8c14b\" data-element_type=\"widget\" data-e-type=\"widget\" data-settings=\"{&quot;_animation&quot;:&quot;zoomIn&quot;}\" data-widget_type=\"image.default\">\n\t\t\t\t<div class=\"elementor-widget-container\">\n\t\t\t\t\t\t\t\t\t\t\t\t\t\t\t<img fetchpriority=\"high\" decoding=\"async\" width=\"817\" height=\"203\" src=\"https:\/\/tollertales.nl\/wp-content\/uploads\/2021\/09\/header-7a.png\" class=\"attachment-large size-large wp-image-1849\" alt=\"\" srcset=\"https:\/\/tollertales.nl\/wp-content\/uploads\/2021\/09\/header-7a.png 817w, https:\/\/tollertales.nl\/wp-content\/uploads\/2021\/09\/header-7a-300x75.png 300w, https:\/\/tollertales.nl\/wp-content\/uploads\/2021\/09\/header-7a-768x191.png 768w\" sizes=\"(max-width: 817px) 100vw, 817px\" \/>\t\t\t\t\t\t\t\t\t\t\t\t\t\t\t<\/div>\n\t\t\t\t<\/div>\n\t\t\t\t\t<\/div>\n\t\t<\/div>\n\t\t\t\t<div class=\"elementor-column elementor-col-33 elementor-top-column elementor-element elementor-element-1a592b49\" data-id=\"1a592b49\" data-element_type=\"column\" data-e-type=\"column\">\n\t\t\t<div class=\"elementor-widget-wrap\">\n\t\t\t\t\t\t\t<\/div>\n\t\t<\/div>\n\t\t\t\t\t<\/div>\n\t\t<\/section>\n\t\t\t\t<section class=\"elementor-section elementor-top-section elementor-element elementor-element-fd53608 elementor-section-boxed elementor-section-height-default elementor-section-height-default\" data-id=\"fd53608\" data-element_type=\"section\" data-e-type=\"section\">\n\t\t\t\t\t\t<div class=\"elementor-container elementor-column-gap-default\">\n\t\t\t\t\t<div class=\"elementor-column elementor-col-100 elementor-top-column elementor-element elementor-element-a1445c9\" data-id=\"a1445c9\" data-element_type=\"column\" data-e-type=\"column\">\n\t\t\t<div class=\"elementor-widget-wrap elementor-element-populated\">\n\t\t\t\t\t\t<div class=\"elementor-element elementor-element-6000c87 elementor-widget elementor-widget-text-editor\" data-id=\"6000c87\" data-element_type=\"widget\" data-e-type=\"widget\" data-widget_type=\"text-editor.default\">\n\t\t\t\t<div class=\"elementor-widget-container\">\n\t\t\t\t\t\t\t\t\t<h3>Vergiftiging<\/h3>\n<div>&nbsp;<\/div>\n<h3>Hoeveel chocolade is giftig voor uw dier?<\/h3>\n<p>Chocolade is giftig voor onze honden en katten. Katten zullen zich niet zo snel vergrijpen aan chocolade als honden, maar ook voor hen is het erg schadelijk.<\/p>\n<p>Hieronder kunt u lezen waarom chocolade gevaarlijk is en wat de gevolgen kunnen zijn:<br>Het basisingredi\u00ebnt van chocolade is cacao. Cacaobonen worden gevormd door de cacaoboom. De bonen worden geroosterd en gepeld en vervolgens vermalen tot cacao. In deze cacao zitten bepaalde stoffen: alkalo\u00efden. Twee van deze alkalo\u00efden (theobromide en cafe\u00efne) zijn giftig voor de hond. Alle chocolade bevat, afhankelijk van het merk en de soort chocolade, een bepaalde hoeveelheid cacao met daarin de alkalo\u00efden. Pure chocolade bevat het meest van deze stoffen, witte chocola het minst.<\/p>\n<h3>Waarom worden honden er ziek van en mensen niet?<\/h3>\n<p>Mensen kunnen deze stoffen zonder problemen snel verwerken. Honden en katten helaas niet; die hebben veel tijd nodig om deze alkalo\u00efden uit het lichaam te verwijderen. Daardoor worden deze giftige stoffen in het lichaam opgeslagen. Of de hond er ook ziek van wordt is afhankelijk van zijn gewicht en van de soort en de hoeveelheid chocolade die hij opgegeten heeft.<\/p>\n<p>Hieronder wat hoeveelheden die dodelijk kunnen zijn voor uw dier:<\/p>\n<p>Pure chocolade: c.a. 10 gram per kg lichaamsgewicht<\/p>\n<p>Melkchocolade: c.a. 50-100 gram per kg lichaamsgewicht<\/p>\n<p>Cacao poeder: c.a. 5-30 gram per kg lichaamsgewicht<\/p>\n<p>De verschijnselen van een chocoladevergiftiging.<\/p>\n<p>De eerste verschijnselen treden meestal na 4 tot 12 uur op. De hond wordt onrustig, drinkt en plast veel en kan gaan braken. Het is mogelijk dat de hond gaat rillen en zelfs epileptische aanvallen krijgt. Bij een zware vergiftiging leidt het tot hartritmestoornissen en kan de hond in coma raken. Vooral oudere honden kunnen hieraan doodgaan. Als een drachtige hond teveel chocolade eet kunnen de ongeboren pups de gifstoffen via de placenta opnemen en aan een te hoge dosis sterven.<\/p>\n<h3>Wat kunt u doen.<\/h3>\n<p>Natuurlijk is het altijd beter om te voorkomen dat uw hond chocola eet. Laat het nooit onbeheerd op tafel staan of in openstaande tassen.<\/p>\n<p>Wanneer uw hond toch chocolade naar binnen krijgt, is het goed om zo snel mogelijk (liefst binnen de 3 uur) contact op te nemen met uw dierenarts om te overleggen wat er gedaan moet worden. Houdt u de verpakking bij de hand. Wacht niet af maar bel voor advies. Het zal dan vaak gebeuren dat u gevraagd wordt naar de dierenarts te komen. Daar wordt dan een prikje gegeven waardoor de hond gaat braken en de chocolade weer naar buiten komt.<\/p><h3><span style=\"color: var( --e-global-color-primary ); font-family: Verdana, sans-serif; font-style: inherit; font-weight: 600; letter-spacing: -0.67px;\">Wat mensen kunnen eten, maar honden niet?<\/span><\/h3>\n<p>Deze levensmiddelen dien je ook te vermijden en niet aan je hond te geven. Mocht je hond hier iets van gegeten hebben, neem dan voor de zekerheid contact op met je dierenarts.<\/p>\n<p>Alcoholisch dranken<br>Avocado<br>Vette levensmiddelen<br>Macadamianoten<br>Uien, uipoeder en knoflook<br>Zout<br>Cafe\u00efne<br>Xylitol<br>Gist<br>Melk<br>Producten die gezoet zijn met Xylitol, kan leiden tot leverproblemen.&nbsp;<\/p>\t\t\t\t\t\t\t\t<\/div>\n\t\t\t\t<\/div>\n\t\t\t\t\t<\/div>\n\t\t<\/div>\n\t\t\t\t\t<\/div>\n\t\t<\/section>\n\t\t\t\t<\/div>\n\t\t","protected":false},"excerpt":{"rendered":"<p>Vergiftiging &nbsp; Hoeveel chocolade is giftig voor uw dier? Chocolade is giftig voor onze honden en katten. Katten zullen zich niet zo snel vergrijpen aan chocolade als honden, maar ook voor hen is het erg schadelijk. Hieronder kunt u lezen waarom chocolade gevaarlijk is en wat de gevolgen kunnen zijn:Het basisingredi\u00ebnt van chocolade is cacao. [&hellip;]<\/p>\n","protected":false},"author":7,"featured_media":0,"parent":0,"menu_order":0,"comment_status":"closed","ping_status":"closed","template":"elementor_header_footer","meta":{"site-sidebar-layout":"no-sidebar","site-content-layout":"page-builder","ast-site-content-layout":"default","site-content-style":"default","site-sidebar-style":"default","ast-global-header-display":"","ast-banner-title-visibility":"","ast-main-header-display":"","ast-hfb-above-header-display":"","ast-hfb-below-header-display":"","ast-hfb-mobile-header-display":"","site-post-title":"disabled","ast-breadcrumbs-content":"","ast-featured-img":"disabled","footer-sml-layout":"","ast-disable-related-posts":"","theme-transparent-header-meta":"default","adv-header-id-meta":"","stick-header-meta":"","header-above-stick-meta":"","header-main-stick-meta":"","header-below-stick-meta":"","astra-migrate-meta-layouts":"default","ast-page-background-enabled":"default","ast-page-background-meta":{"desktop":{"background-color":"var(--ast-global-color-4)","background-image":"","background-repeat":"repeat","background-position":"center center","background-size":"auto","background-attachment":"scroll","background-type":"","background-media":"","overlay-type":"","overlay-color":"","overlay-opacity":"","overlay-gradient":""},"tablet":{"background-color":"","background-image":"","background-repeat":"repeat","background-position":"center center","background-size":"auto","background-attachment":"scroll","background-type":"","background-media":"","overlay-type":"","overlay-color":"","overlay-opacity":"","overlay-gradient":""},"mobile":{"background-color":"","background-image":"","background-repeat":"repeat","background-position":"center center","background-size":"auto","background-attachment":"scroll","background-type":"","background-media":"","overlay-type":"","overlay-color":"","overlay-opacity":"","overlay-gradient":""}},"ast-content-background-meta":{"desktop":{"background-color":"var(--ast-global-color-5)","background-image":"","background-repeat":"repeat","background-position":"center center","background-size":"auto","background-attachment":"scroll","background-type":"","background-media":"","overlay-type":"","overlay-color":"","overlay-opacity":"","overlay-gradient":""},"tablet":{"background-color":"var(--ast-global-color-5)","background-image":"","background-repeat":"repeat","background-position":"center center","background-size":"auto","background-attachment":"scroll","background-type":"","background-media":"","overlay-type":"","overlay-color":"","overlay-opacity":"","overlay-gradient":""},"mobile":{"background-color":"var(--ast-global-color-5)","background-image":"","background-repeat":"repeat","background-position":"center center","background-size":"auto","background-attachment":"scroll","background-type":"","background-media":"","overlay-type":"","overlay-color":"","overlay-opacity":"","overlay-gradient":""}},"footnotes":""},"class_list":["post-1951","page","type-page","status-publish","hentry"],"_links":{"self":[{"href":"https:\/\/tollertales.nl\/index.php\/wp-json\/wp\/v2\/pages\/1951","targetHints":{"allow":["GET"]}}],"collection":[{"href":"https:\/\/tollertales.nl\/index.php\/wp-json\/wp\/v2\/pages"}],"about":[{"href":"https:\/\/tollertales.nl\/index.php\/wp-json\/wp\/v2\/types\/page"}],"author":[{"embeddable":true,"href":"https:\/\/tollertales.nl\/index.php\/wp-json\/wp\/v2\/users\/7"}],"replies":[{"embeddable":true,"href":"https:\/\/tollertales.nl\/index.php\/wp-json\/wp\/v2\/comments?post=1951"}],"version-history":[{"count":16,"href":"https:\/\/tollertales.nl\/index.php\/wp-json\/wp\/v2\/pages\/1951\/revisions"}],"predecessor-version":[{"id":13093,"href":"https:\/\/tollertales.nl\/index.php\/wp-json\/wp\/v2\/pages\/1951\/revisions\/13093"}],"wp:attachment":[{"href":"https:\/\/tollertales.nl\/index.php\/wp-json\/wp\/v2\/media?parent=1951"}],"curies":[{"name":"wp","href":"https:\/\/api.w.org\/{rel}","templated":true}]}}