{"id":1862,"date":"2021-09-13T15:38:45","date_gmt":"2021-09-13T13:38:45","guid":{"rendered":"https:\/\/tollertales.nl\/?page_id=1862"},"modified":"2026-02-02T22:04:23","modified_gmt":"2026-02-02T21:04:23","slug":"nestinformatie","status":"publish","type":"page","link":"https:\/\/tollertales.nl\/index.php\/nestinformatie\/","title":{"rendered":"Nestinformatie"},"content":{"rendered":"\t\t<div data-elementor-type=\"wp-page\" data-elementor-id=\"1862\" class=\"elementor elementor-1862\" data-elementor-post-type=\"page\">\n\t\t\t\t\t\t<section class=\"elementor-section elementor-top-section elementor-element elementor-element-2a63467a elementor-section-boxed elementor-section-height-default elementor-section-height-default\" data-id=\"2a63467a\" data-element_type=\"section\" data-e-type=\"section\" data-settings=\"{&quot;shape_divider_bottom&quot;:&quot;curve&quot;,&quot;shape_divider_bottom_negative&quot;:&quot;yes&quot;}\">\n\t\t\t\t\t\t\t<div class=\"elementor-background-overlay\"><\/div>\n\t\t\t\t\t\t<div class=\"elementor-shape elementor-shape-bottom\" aria-hidden=\"true\" data-negative=\"true\">\n\t\t\t<svg xmlns=\"http:\/\/www.w3.org\/2000\/svg\" viewBox=\"0 0 1000 100\" preserveAspectRatio=\"none\">\n\t<path class=\"elementor-shape-fill\" d=\"M500,97C126.7,96.3,0.8,19.8,0,0v100l1000,0V1C1000,19.4,873.3,97.8,500,97z\"\/>\n<\/svg>\t\t<\/div>\n\t\t\t\t\t<div class=\"elementor-container elementor-column-gap-default\">\n\t\t\t\t\t<div class=\"elementor-column elementor-col-33 elementor-top-column elementor-element elementor-element-590613b3\" data-id=\"590613b3\" data-element_type=\"column\" data-e-type=\"column\">\n\t\t\t<div class=\"elementor-widget-wrap elementor-element-populated\">\n\t\t\t\t\t\t<div class=\"elementor-element elementor-element-379ff48e elementor-nav-menu--dropdown-tablet elementor-nav-menu__text-align-aside elementor-nav-menu--toggle elementor-nav-menu--burger elementor-widget elementor-widget-nav-menu\" data-id=\"379ff48e\" data-element_type=\"widget\" data-e-type=\"widget\" data-settings=\"{&quot;layout&quot;:&quot;horizontal&quot;,&quot;submenu_icon&quot;:{&quot;value&quot;:&quot;&lt;i class=\\&quot;fas fa-caret-down\\&quot; aria-hidden=\\&quot;true\\&quot;&gt;&lt;\\\/i&gt;&quot;,&quot;library&quot;:&quot;fa-solid&quot;},&quot;toggle&quot;:&quot;burger&quot;}\" data-widget_type=\"nav-menu.default\">\n\t\t\t\t<div class=\"elementor-widget-container\">\n\t\t\t\t\t\t\t\t<nav aria-label=\"Menu\" class=\"elementor-nav-menu--main elementor-nav-menu__container elementor-nav-menu--layout-horizontal e--pointer-underline e--animation-fade\">\n\t\t\t\t<ul id=\"menu-1-379ff48e\" class=\"elementor-nav-menu\"><li class=\"menu-item menu-item-type-post_type menu-item-object-page menu-item-1886\"><a href=\"https:\/\/tollertales.nl\/index.php\/pups\/\" data-ps2id-api=\"true\" class=\"elementor-item menu-link\">Aanschaf pup<\/a><\/li>\n<li class=\"menu-item menu-item-type-post_type menu-item-object-page menu-item-1885\"><a href=\"https:\/\/tollertales.nl\/index.php\/stappenplan\/\" data-ps2id-api=\"true\" class=\"elementor-item menu-link\">Stappenplan<\/a><\/li>\n<li class=\"menu-item menu-item-type-post_type menu-item-object-page menu-item-1884\"><a href=\"https:\/\/tollertales.nl\/index.php\/nestinformatie\/\" data-ps2id-api=\"true\" class=\"elementor-item menu-link\">Nestinformatie<\/a><\/li>\n<li class=\"menu-item menu-item-type-post_type menu-item-object-page menu-item-3482\"><a href=\"https:\/\/tollertales.nl\/index.php\/fokkerslijst\/\" data-ps2id-api=\"true\" class=\"elementor-item menu-link\">Fokkerslijst<\/a><\/li>\n<li class=\"menu-item menu-item-type-post_type menu-item-object-page menu-item-1880\"><a href=\"https:\/\/tollertales.nl\/index.php\/kopen-via-marktplaats\/\" data-ps2id-api=\"true\" class=\"elementor-item menu-link\">Marktplaats<\/a><\/li>\n<li class=\"menu-item menu-item-type-post_type menu-item-object-page menu-item-6614\"><a href=\"https:\/\/tollertales.nl\/index.php\/informatie-folders-pups\/\" data-ps2id-api=\"true\" class=\"elementor-item menu-link\">Informatie folders<\/a><\/li>\n<\/ul>\t\t\t<\/nav>\n\t\t\t\t\t<div class=\"elementor-menu-toggle\" role=\"button\" tabindex=\"0\" aria-label=\"Menu toggle\" aria-expanded=\"false\">\n\t\t\t<i aria-hidden=\"true\" role=\"presentation\" class=\"elementor-menu-toggle__icon--open eicon-menu-bar\"><\/i><i aria-hidden=\"true\" role=\"presentation\" class=\"elementor-menu-toggle__icon--close eicon-close\"><\/i>\t\t<\/div>\n\t\t\t\t\t<nav class=\"elementor-nav-menu--dropdown elementor-nav-menu__container\" aria-hidden=\"true\">\n\t\t\t\t<ul id=\"menu-2-379ff48e\" class=\"elementor-nav-menu\"><li class=\"menu-item menu-item-type-post_type menu-item-object-page menu-item-1886\"><a href=\"https:\/\/tollertales.nl\/index.php\/pups\/\" data-ps2id-api=\"true\" class=\"elementor-item menu-link\" tabindex=\"-1\">Aanschaf pup<\/a><\/li>\n<li class=\"menu-item menu-item-type-post_type menu-item-object-page menu-item-1885\"><a href=\"https:\/\/tollertales.nl\/index.php\/stappenplan\/\" data-ps2id-api=\"true\" class=\"elementor-item menu-link\" tabindex=\"-1\">Stappenplan<\/a><\/li>\n<li class=\"menu-item menu-item-type-post_type menu-item-object-page menu-item-1884\"><a href=\"https:\/\/tollertales.nl\/index.php\/nestinformatie\/\" data-ps2id-api=\"true\" class=\"elementor-item menu-link\" tabindex=\"-1\">Nestinformatie<\/a><\/li>\n<li class=\"menu-item menu-item-type-post_type menu-item-object-page menu-item-3482\"><a href=\"https:\/\/tollertales.nl\/index.php\/fokkerslijst\/\" data-ps2id-api=\"true\" class=\"elementor-item menu-link\" tabindex=\"-1\">Fokkerslijst<\/a><\/li>\n<li class=\"menu-item menu-item-type-post_type menu-item-object-page menu-item-1880\"><a href=\"https:\/\/tollertales.nl\/index.php\/kopen-via-marktplaats\/\" data-ps2id-api=\"true\" class=\"elementor-item menu-link\" tabindex=\"-1\">Marktplaats<\/a><\/li>\n<li class=\"menu-item menu-item-type-post_type menu-item-object-page menu-item-6614\"><a href=\"https:\/\/tollertales.nl\/index.php\/informatie-folders-pups\/\" data-ps2id-api=\"true\" class=\"elementor-item menu-link\" tabindex=\"-1\">Informatie folders<\/a><\/li>\n<\/ul>\t\t\t<\/nav>\n\t\t\t\t\t\t<\/div>\n\t\t\t\t<\/div>\n\t\t\t\t\t<\/div>\n\t\t<\/div>\n\t\t\t\t<div class=\"elementor-column elementor-col-33 elementor-top-column elementor-element elementor-element-5064f944\" data-id=\"5064f944\" data-element_type=\"column\" data-e-type=\"column\">\n\t\t\t<div class=\"elementor-widget-wrap elementor-element-populated\">\n\t\t\t\t\t\t<div class=\"elementor-element elementor-element-2b8a661 elementor-invisible elementor-widget elementor-widget-image\" data-id=\"2b8a661\" data-element_type=\"widget\" data-e-type=\"widget\" data-settings=\"{&quot;_animation&quot;:&quot;zoomIn&quot;}\" data-widget_type=\"image.default\">\n\t\t\t\t<div class=\"elementor-widget-container\">\n\t\t\t\t\t\t\t\t\t\t\t\t\t\t\t<img fetchpriority=\"high\" decoding=\"async\" width=\"906\" height=\"210\" src=\"https:\/\/tollertales.nl\/wp-content\/uploads\/2021\/09\/header-1a.png\" class=\"attachment-large size-large wp-image-1774\" alt=\"\" srcset=\"https:\/\/tollertales.nl\/wp-content\/uploads\/2021\/09\/header-1a.png 906w, https:\/\/tollertales.nl\/wp-content\/uploads\/2021\/09\/header-1a-300x70.png 300w, https:\/\/tollertales.nl\/wp-content\/uploads\/2021\/09\/header-1a-768x178.png 768w\" sizes=\"(max-width: 906px) 100vw, 906px\" \/>\t\t\t\t\t\t\t\t\t\t\t\t\t\t\t<\/div>\n\t\t\t\t<\/div>\n\t\t\t\t\t<\/div>\n\t\t<\/div>\n\t\t\t\t<div class=\"elementor-column elementor-col-33 elementor-top-column elementor-element elementor-element-1e32d6a9\" data-id=\"1e32d6a9\" data-element_type=\"column\" data-e-type=\"column\">\n\t\t\t<div class=\"elementor-widget-wrap\">\n\t\t\t\t\t\t\t<\/div>\n\t\t<\/div>\n\t\t\t\t\t<\/div>\n\t\t<\/section>\n\t\t\t\t<section class=\"elementor-section elementor-top-section elementor-element elementor-element-58c5372 elementor-section-boxed elementor-section-height-default elementor-section-height-default\" data-id=\"58c5372\" data-element_type=\"section\" data-e-type=\"section\">\n\t\t\t\t\t\t<div class=\"elementor-container elementor-column-gap-default\">\n\t\t\t\t\t<div class=\"elementor-column elementor-col-100 elementor-top-column elementor-element elementor-element-cdf9395\" data-id=\"cdf9395\" data-element_type=\"column\" data-e-type=\"column\">\n\t\t\t<div class=\"elementor-widget-wrap elementor-element-populated\">\n\t\t\t\t\t\t<div class=\"elementor-element elementor-element-17d3190 elementor-widget elementor-widget-text-editor\" data-id=\"17d3190\" data-element_type=\"widget\" data-e-type=\"widget\" data-widget_type=\"text-editor.default\">\n\t\t\t\t<div class=\"elementor-widget-container\">\n\t\t\t\t\t\t\t\t\t<h3>Nestinformatie<\/h3><table cellspacing=\"0\" cellpadding=\"0\"><tbody><tr><td>Fokaangelegenhedencommissie<br \/>Ellen van Oosten<br \/>Jolanda Achterberg<br \/><a href=\"mailto:fac@tollertales.nl\">fac@tollertales.nl<\/a><\/td><td valign=\"top\">Toller\/pup\/herplaatsing\/informatie<br \/>Barbara Zeeman<br \/><a href=\"mailto:tollerinfo@tollertales.nl\">tollerinfo@tollertales.nl<\/a><\/td><\/tr><\/tbody><\/table><p>Een NSDTRCN fokker kan vooraf een dekbeoordelingsformulier inzenden. De ontvangen <a href=\"https:\/\/tollertales.nl\/index.php\/dekbeoordelingen\/\" target=\"_blank\" rel=\"noopener\">dekbeoordelingen<\/a> worden door de fokaangelegenhedencommissie beoordeeld naar de richtlijnen van het Verenigingsfokreglement (VFR). De beoordeling &#8216;voldoet wel aan het VFR&#8217; betekent dat aan alle voorwaarden, gesteld in de reglementen, is voldaan. Bij een &#8216;voldoet niet aan het VFR&#8217; beoordeling zal bij &#8220;bijzonderheden&#8221; melding worden gedaan van de reden(en) waarom de combinatie niet voldoet aan het VFR.<\/p><p>Nesten waarvan de NSDTRCN fokker vooraf een dekbeoordeling heeft ingestuurd \u00e9n zijn beoordeeld worden gepubliceerd onder &#8216;nestinformatie&#8217;.<\/p><p>Mocht u het Verenigingsfokreglement (<a href=\"https:\/\/tollertales.nl\/wp-content\/uploads\/2026\/02\/VFR-NSDTRCN-per-01062025_update02022026-Wijzigingen-RvB-VFR-format-naar-aanleiding-van-initiatiefvoorstel_webversie.pdf\" target=\"_blank\" rel=\"noopener\">VFR<\/a>) en de voorwaarden voor nestinformatie willen inzien, dan kunt u de betreffende documenten op de pagina &#8220;<a href=\"https:\/\/tollertales.nl\/index.php\/reglementen\/\" target=\"_blank\" rel=\"noopener\">Reglementen<\/a>&#8221; vinden.<\/p><p>De NSDTRCN is nooit verantwoordelijk noch aansprakelijk voor mogelijke (erfelijke en niet erfelijke) gebreken die zich in een nest of een latere levensfase van een pup\/hond openbaren.<br \/>Fokkers en dekreu-eigenaren zijn verplicht om voorafgaande aan de dekking elkaar alle relevante informatie te verstrekken over hun fokdier en de mogelijke risico&#8217;s die er in een combinatie aanwezig kunnen zijn.<\/p><p><span style=\"text-decoration: underline;\">Ons advies aan fokkers<\/span>: controleer voorafgaande aan de dekking ook zelf de gezondheidsuitslagen en eisen zoals omschreven in het VFR (Verenigingsfokreglement).<br \/>Het is zeer onplezierig als u later geconfronteerd wordt met gegevens die u had kunnen weten maar niet wist omdat u er niet naar heeft gevraagd.<\/p><p><span style=\"text-decoration: underline;\">Ons advies aan pupkopers<\/span>: vraag inzage in de afgegeven beoordeling, inzage in de gezondheidsuitslagen en lees de eisen die gesteld worden in het VFR (Verenigingsfokreglement).<br \/>Het is zeer onplezierig als u later geconfronteerd wordt met gegevens die u had kunnen weten maar niet wist omdat u er niet naar heeft gevraagd.<\/p><p>Ga voor meer informatie over fokkers via menu &#8216;Pups&#8217; naar de <a href=\"https:\/\/tollertales.nl\/index.php\/fokkerslijst\/\" target=\"_blank\" rel=\"noopener\">Fokkerslijst. <\/a><\/p><p>Voor meer informatie over te verwachten\/geboren nesten ga naar de <a href=\"https:\/\/tollertales.nl\/index.php\/dekbeoordelingen\/\" target=\"_blank\" rel=\"noopener\">Dekbeoordelingen<\/a><\/p><p><b>Niet alle fokkers vragen een aanbetaling maar indien een fokker een aanbetaling vraagt dan geldt het volgende:<\/b><\/p><p>\u2022 een aanbetaling is pas gerechtvaardigd (conform het consumentenrecht) als er daadwerkelijk een product (pup) tegenover staat, dus pas als de pups daadwerkelijk geboren zijn en de koper voor een pup in aanmerking komt.<br \/>\u2022\u00a0er mag dus g\u00e9\u00e9n aanbetaling worden gevraagd als er g\u00e9\u00e9n product (pup) beschikbaar is (m.a.w. er nog geen pups geboren zijn).<br \/>\u2022\u00a0een aanbetaling mag wettelijk niet meer bedragen dan 50% van de verkoopwaarde.<br \/>\u2022\u00a0zien partijen af van de koop dan dient de aanbetaling in zijn geheel te worden terugbetaald (er wordt immers g\u00e9\u00e9n pup (product) geleverd).<br \/>\u2022 let op! Vraag vooraf altijd inzage in de koopovereenkomst en teken niets waar u het niet mee eens bent.<\/p>\t\t\t\t\t\t\t\t<\/div>\n\t\t\t\t<\/div>\n\t\t\t\t\t<\/div>\n\t\t<\/div>\n\t\t\t\t\t<\/div>\n\t\t<\/section>\n\t\t\t\t<\/div>\n\t\t","protected":false},"excerpt":{"rendered":"<p>Nestinformatie FokaangelegenhedencommissieEllen van OostenJolanda Achterbergfac@tollertales.nl Toller\/pup\/herplaatsing\/informatieBarbara Zeemantollerinfo@tollertales.nl Een NSDTRCN fokker kan vooraf een dekbeoordelingsformulier inzenden. De ontvangen dekbeoordelingen worden door de fokaangelegenhedencommissie beoordeeld naar de richtlijnen van het Verenigingsfokreglement (VFR). De beoordeling &#8216;voldoet wel aan het VFR&#8217; betekent dat aan alle voorwaarden, gesteld in de reglementen, is voldaan. Bij een &#8216;voldoet niet aan het VFR&#8217; [&hellip;]<\/p>\n","protected":false},"author":7,"featured_media":0,"parent":0,"menu_order":0,"comment_status":"closed","ping_status":"closed","template":"elementor_header_footer","meta":{"site-sidebar-layout":"no-sidebar","site-content-layout":"page-builder","ast-site-content-layout":"default","site-content-style":"default","site-sidebar-style":"default","ast-global-header-display":"","ast-banner-title-visibility":"","ast-main-header-display":"","ast-hfb-above-header-display":"","ast-hfb-below-header-display":"","ast-hfb-mobile-header-display":"","site-post-title":"disabled","ast-breadcrumbs-content":"","ast-featured-img":"disabled","footer-sml-layout":"","ast-disable-related-posts":"","theme-transparent-header-meta":"default","adv-header-id-meta":"","stick-header-meta":"","header-above-stick-meta":"","header-main-stick-meta":"","header-below-stick-meta":"","astra-migrate-meta-layouts":"default","ast-page-background-enabled":"default","ast-page-background-meta":{"desktop":{"background-color":"var(--ast-global-color-4)","background-image":"","background-repeat":"repeat","background-position":"center center","background-size":"auto","background-attachment":"scroll","background-type":"","background-media":"","overlay-type":"","overlay-color":"","overlay-opacity":"","overlay-gradient":""},"tablet":{"background-color":"","background-image":"","background-repeat":"repeat","background-position":"center center","background-size":"auto","background-attachment":"scroll","background-type":"","background-media":"","overlay-type":"","overlay-color":"","overlay-opacity":"","overlay-gradient":""},"mobile":{"background-color":"","background-image":"","background-repeat":"repeat","background-position":"center center","background-size":"auto","background-attachment":"scroll","background-type":"","background-media":"","overlay-type":"","overlay-color":"","overlay-opacity":"","overlay-gradient":""}},"ast-content-background-meta":{"desktop":{"background-color":"var(--ast-global-color-5)","background-image":"","background-repeat":"repeat","background-position":"center center","background-size":"auto","background-attachment":"scroll","background-type":"","background-media":"","overlay-type":"","overlay-color":"","overlay-opacity":"","overlay-gradient":""},"tablet":{"background-color":"var(--ast-global-color-5)","background-image":"","background-repeat":"repeat","background-position":"center center","background-size":"auto","background-attachment":"scroll","background-type":"","background-media":"","overlay-type":"","overlay-color":"","overlay-opacity":"","overlay-gradient":""},"mobile":{"background-color":"var(--ast-global-color-5)","background-image":"","background-repeat":"repeat","background-position":"center center","background-size":"auto","background-attachment":"scroll","background-type":"","background-media":"","overlay-type":"","overlay-color":"","overlay-opacity":"","overlay-gradient":""}},"footnotes":""},"class_list":["post-1862","page","type-page","status-publish","hentry"],"_links":{"self":[{"href":"https:\/\/tollertales.nl\/index.php\/wp-json\/wp\/v2\/pages\/1862","targetHints":{"allow":["GET"]}}],"collection":[{"href":"https:\/\/tollertales.nl\/index.php\/wp-json\/wp\/v2\/pages"}],"about":[{"href":"https:\/\/tollertales.nl\/index.php\/wp-json\/wp\/v2\/types\/page"}],"author":[{"embeddable":true,"href":"https:\/\/tollertales.nl\/index.php\/wp-json\/wp\/v2\/users\/7"}],"replies":[{"embeddable":true,"href":"https:\/\/tollertales.nl\/index.php\/wp-json\/wp\/v2\/comments?post=1862"}],"version-history":[{"count":64,"href":"https:\/\/tollertales.nl\/index.php\/wp-json\/wp\/v2\/pages\/1862\/revisions"}],"predecessor-version":[{"id":19270,"href":"https:\/\/tollertales.nl\/index.php\/wp-json\/wp\/v2\/pages\/1862\/revisions\/19270"}],"wp:attachment":[{"href":"https:\/\/tollertales.nl\/index.php\/wp-json\/wp\/v2\/media?parent=1862"}],"curies":[{"name":"wp","href":"https:\/\/api.w.org\/{rel}","templated":true}]}}