{"id":1747,"date":"2021-09-07T17:59:40","date_gmt":"2021-09-07T15:59:40","guid":{"rendered":"https:\/\/tollertales.nl\/?page_id=1747"},"modified":"2023-12-06T11:39:56","modified_gmt":"2023-12-06T10:39:56","slug":"vachtverzorging","status":"publish","type":"page","link":"https:\/\/tollertales.nl\/index.php\/vachtverzorging\/","title":{"rendered":"Vachtverzorging"},"content":{"rendered":"\t\t<div data-elementor-type=\"wp-page\" data-elementor-id=\"1747\" class=\"elementor elementor-1747\" data-elementor-post-type=\"page\">\n\t\t\t\t\t\t<section class=\"elementor-section elementor-top-section elementor-element elementor-element-51108f44 elementor-section-boxed elementor-section-height-default elementor-section-height-default\" data-id=\"51108f44\" data-element_type=\"section\" data-e-type=\"section\" data-settings=\"{&quot;shape_divider_bottom&quot;:&quot;curve&quot;,&quot;shape_divider_bottom_negative&quot;:&quot;yes&quot;}\">\n\t\t\t\t\t\t\t<div class=\"elementor-background-overlay\"><\/div>\n\t\t\t\t\t\t<div class=\"elementor-shape elementor-shape-bottom\" aria-hidden=\"true\" data-negative=\"true\">\n\t\t\t<svg xmlns=\"http:\/\/www.w3.org\/2000\/svg\" viewBox=\"0 0 1000 100\" preserveAspectRatio=\"none\">\n\t<path class=\"elementor-shape-fill\" d=\"M500,97C126.7,96.3,0.8,19.8,0,0v100l1000,0V1C1000,19.4,873.3,97.8,500,97z\"\/>\n<\/svg>\t\t<\/div>\n\t\t\t\t\t<div class=\"elementor-container elementor-column-gap-default\">\n\t\t\t\t\t<div class=\"elementor-column elementor-col-33 elementor-top-column elementor-element elementor-element-4b234313\" data-id=\"4b234313\" data-element_type=\"column\" data-e-type=\"column\">\n\t\t\t<div class=\"elementor-widget-wrap elementor-element-populated\">\n\t\t\t\t\t\t<div class=\"elementor-element elementor-element-3d65fb27 elementor-nav-menu--dropdown-tablet elementor-nav-menu__text-align-aside elementor-nav-menu--toggle elementor-nav-menu--burger elementor-widget elementor-widget-nav-menu\" data-id=\"3d65fb27\" data-element_type=\"widget\" data-e-type=\"widget\" data-settings=\"{&quot;layout&quot;:&quot;horizontal&quot;,&quot;submenu_icon&quot;:{&quot;value&quot;:&quot;&lt;i class=\\&quot;fas fa-caret-down\\&quot; aria-hidden=\\&quot;true\\&quot;&gt;&lt;\\\/i&gt;&quot;,&quot;library&quot;:&quot;fa-solid&quot;},&quot;toggle&quot;:&quot;burger&quot;}\" data-widget_type=\"nav-menu.default\">\n\t\t\t\t<div class=\"elementor-widget-container\">\n\t\t\t\t\t\t\t\t<nav aria-label=\"Menu\" class=\"elementor-nav-menu--main elementor-nav-menu__container elementor-nav-menu--layout-horizontal e--pointer-underline e--animation-fade\">\n\t\t\t\t<ul id=\"menu-1-3d65fb27\" class=\"elementor-nav-menu\"><li class=\"menu-item menu-item-type-post_type menu-item-object-page menu-item-1661\"><a href=\"https:\/\/tollertales.nl\/index.php\/geschiedenis\/\" data-ps2id-api=\"true\" class=\"elementor-item menu-link\">Geschiedenis<\/a><\/li>\n<li class=\"menu-item menu-item-type-post_type menu-item-object-page menu-item-1660\"><a href=\"https:\/\/tollertales.nl\/index.php\/karakter\/\" data-ps2id-api=\"true\" class=\"elementor-item menu-link\">Karakter<\/a><\/li>\n<li class=\"menu-item menu-item-type-post_type menu-item-object-page menu-item-13490\"><a href=\"https:\/\/tollertales.nl\/index.php\/jachthond\/\" data-ps2id-api=\"true\" class=\"elementor-item menu-link\">Jachthond<\/a><\/li>\n<li class=\"menu-item menu-item-type-post_type menu-item-object-page menu-item-1659\"><a href=\"https:\/\/tollertales.nl\/index.php\/rasstandaard\/\" data-ps2id-api=\"true\" class=\"elementor-item menu-link\">Rasstandaard<\/a><\/li>\n<li class=\"menu-item menu-item-type-post_type menu-item-object-page menu-item-1658\"><a href=\"https:\/\/tollertales.nl\/index.php\/verzorging\/\" data-ps2id-api=\"true\" class=\"elementor-item menu-link\">Verzorging<\/a><\/li>\n<li class=\"menu-item menu-item-type-post_type menu-item-object-page menu-item-1657\"><a href=\"https:\/\/tollertales.nl\/index.php\/overlijden\/\" data-ps2id-api=\"true\" class=\"elementor-item menu-link\">Overlijden<\/a><\/li>\n<\/ul>\t\t\t<\/nav>\n\t\t\t\t\t<div class=\"elementor-menu-toggle\" role=\"button\" tabindex=\"0\" aria-label=\"Menu toggle\" aria-expanded=\"false\">\n\t\t\t<i aria-hidden=\"true\" role=\"presentation\" class=\"elementor-menu-toggle__icon--open eicon-menu-bar\"><\/i><i aria-hidden=\"true\" role=\"presentation\" class=\"elementor-menu-toggle__icon--close eicon-close\"><\/i>\t\t<\/div>\n\t\t\t\t\t<nav class=\"elementor-nav-menu--dropdown elementor-nav-menu__container\" aria-hidden=\"true\">\n\t\t\t\t<ul id=\"menu-2-3d65fb27\" class=\"elementor-nav-menu\"><li class=\"menu-item menu-item-type-post_type menu-item-object-page menu-item-1661\"><a href=\"https:\/\/tollertales.nl\/index.php\/geschiedenis\/\" data-ps2id-api=\"true\" class=\"elementor-item menu-link\" tabindex=\"-1\">Geschiedenis<\/a><\/li>\n<li class=\"menu-item menu-item-type-post_type menu-item-object-page menu-item-1660\"><a href=\"https:\/\/tollertales.nl\/index.php\/karakter\/\" data-ps2id-api=\"true\" class=\"elementor-item menu-link\" tabindex=\"-1\">Karakter<\/a><\/li>\n<li class=\"menu-item menu-item-type-post_type menu-item-object-page menu-item-13490\"><a href=\"https:\/\/tollertales.nl\/index.php\/jachthond\/\" data-ps2id-api=\"true\" class=\"elementor-item menu-link\" tabindex=\"-1\">Jachthond<\/a><\/li>\n<li class=\"menu-item menu-item-type-post_type menu-item-object-page menu-item-1659\"><a href=\"https:\/\/tollertales.nl\/index.php\/rasstandaard\/\" data-ps2id-api=\"true\" class=\"elementor-item menu-link\" tabindex=\"-1\">Rasstandaard<\/a><\/li>\n<li class=\"menu-item menu-item-type-post_type menu-item-object-page menu-item-1658\"><a href=\"https:\/\/tollertales.nl\/index.php\/verzorging\/\" data-ps2id-api=\"true\" class=\"elementor-item menu-link\" tabindex=\"-1\">Verzorging<\/a><\/li>\n<li class=\"menu-item menu-item-type-post_type menu-item-object-page menu-item-1657\"><a href=\"https:\/\/tollertales.nl\/index.php\/overlijden\/\" data-ps2id-api=\"true\" class=\"elementor-item menu-link\" tabindex=\"-1\">Overlijden<\/a><\/li>\n<\/ul>\t\t\t<\/nav>\n\t\t\t\t\t\t<\/div>\n\t\t\t\t<\/div>\n\t\t\t\t\t<\/div>\n\t\t<\/div>\n\t\t\t\t<div class=\"elementor-column elementor-col-33 elementor-top-column elementor-element elementor-element-6a999f85\" data-id=\"6a999f85\" data-element_type=\"column\" data-e-type=\"column\">\n\t\t\t<div class=\"elementor-widget-wrap elementor-element-populated\">\n\t\t\t\t\t\t<div class=\"elementor-element elementor-element-d933857 elementor-invisible elementor-widget elementor-widget-image\" data-id=\"d933857\" data-element_type=\"widget\" data-e-type=\"widget\" data-settings=\"{&quot;_animation&quot;:&quot;zoomIn&quot;}\" data-widget_type=\"image.default\">\n\t\t\t\t<div class=\"elementor-widget-container\">\n\t\t\t\t\t\t\t\t\t\t\t\t\t\t\t<img fetchpriority=\"high\" decoding=\"async\" width=\"906\" height=\"208\" src=\"https:\/\/tollertales.nl\/wp-content\/uploads\/2021\/08\/header-14a.png\" class=\"attachment-large size-large wp-image-1504\" alt=\"\" srcset=\"https:\/\/tollertales.nl\/wp-content\/uploads\/2021\/08\/header-14a.png 906w, https:\/\/tollertales.nl\/wp-content\/uploads\/2021\/08\/header-14a-300x69.png 300w, https:\/\/tollertales.nl\/wp-content\/uploads\/2021\/08\/header-14a-768x176.png 768w\" sizes=\"(max-width: 906px) 100vw, 906px\" \/>\t\t\t\t\t\t\t\t\t\t\t\t\t\t\t<\/div>\n\t\t\t\t<\/div>\n\t\t\t\t\t<\/div>\n\t\t<\/div>\n\t\t\t\t<div class=\"elementor-column elementor-col-33 elementor-top-column elementor-element elementor-element-8590d5b\" data-id=\"8590d5b\" data-element_type=\"column\" data-e-type=\"column\">\n\t\t\t<div class=\"elementor-widget-wrap\">\n\t\t\t\t\t\t\t<\/div>\n\t\t<\/div>\n\t\t\t\t\t<\/div>\n\t\t<\/section>\n\t\t\t\t<section class=\"elementor-section elementor-top-section elementor-element elementor-element-13eeccf elementor-section-boxed elementor-section-height-default elementor-section-height-default\" data-id=\"13eeccf\" data-element_type=\"section\" data-e-type=\"section\">\n\t\t\t\t\t\t<div class=\"elementor-container elementor-column-gap-default\">\n\t\t\t\t\t<div class=\"elementor-column elementor-col-100 elementor-top-column elementor-element elementor-element-90e5f1f\" data-id=\"90e5f1f\" data-element_type=\"column\" data-e-type=\"column\">\n\t\t\t<div class=\"elementor-widget-wrap elementor-element-populated\">\n\t\t\t\t\t\t<div class=\"elementor-element elementor-element-7dbd67f elementor-widget elementor-widget-text-editor\" data-id=\"7dbd67f\" data-element_type=\"widget\" data-e-type=\"widget\" data-widget_type=\"text-editor.default\">\n\t\t\t\t<div class=\"elementor-widget-container\">\n\t\t\t\t\t\t\t\t\t<h3>Vachtverzorging<\/h3><div>\u00a0<\/div><h3>Tollers in de ruiperiode<\/h3><p>De Toller heeft een vacht die het hele jaar door wat haar verliest met twee ruiperiodes per jaar waarbij de zomer of wintervacht er uit gaat en ze dus extreem verharen. Deze vachtcyclus verschilt wel per hond en factoren als medicijngebruik, voeding en castratie (hormonen) hebben hier invloed op. De Toller is ook een ras dat een zogenaamde castratenvacht kan ontwikkelen na castratie van reu of teef. Kenmerkend aan een castratenvacht is een wat doffe bovenvacht en veel ondervacht die soms door de bovenvacht heen komt. Die plukken kun je vaak makkelijk er uit halen met de hand, dit is dood haar.<\/p><p>Voor de optimale verzorging van een castratenvacht of een vacht in de ruiperiode is het belangrijkste onderdeel wassen! Wassen met warm water en het inmasseren van hondenshampoo zorgt ervoor dat de haren die er uit moeten makkelijk loslaten. Daarna wordt de hond gef\u00f6hnd waardoor al die losse haren in \u00e9\u00e9n keer uit de vacht verdwijnen. Het is een redelijk zwaar, tijdrovend klusje maar absoluut beter dan elke week borstelen. Te veel borstelen zorgt ervoor dat de haren ook blijven loslaten waardoor er een soort vicieuze cirkel ontstaat.<\/p><h3>Gebruik van furminator en coatking<\/h3><p>Twee materialen die erg in trek zijn tegenwoordig zijn de furminator en coatking. Het resultaat is verbluffend, met weinig moeite haal je erg veel haar weg! Toch is een waarschuwing op z&#8217;n plaats: deze materialen zijn niet geschikt voor de Toller vacht! De reden dat er zoveel haar wordt verwijderd is omdat beide producten mesjes bevatten. Hiermee snijden ze als het ware door de vacht heen. Dit betekent dat ze ook de gezonde vacht aantasten die er nog niet uit hoeft. Het resultaat kan zijn: een korte vacht met lengteverschil die een verstoorde vachtcyclus ontwikkelt en daardoor juist meer gaat verharen. Deze producten kunnen wel gebruikt worden voor extreme castratenvacht. Houd er dan wel rekening mee dat je altijd met de haarrichting mee beweegt, absoluut niet teveel kracht zetten, niet te lang achter elkaar gebruiken en lange halen maken in plaats van veel korte bewegingen.<\/p><h3>De verzorging van een castratenvacht<\/h3><p>Een castratenvacht is de term voor een vacht van de hond na castratie. Door de hormoonwisseling na castratie vindt er een vachtverandering plaats. De vacht wordt voller, meer pluizig en groeit sneller. Hierdoor ontstaan klitten sneller en heeft de vacht meer verzorging nodig dan anders. Een castratenvacht kan ook ontstaan door (langdurig) gebruik van medicatie of ziekte.<\/p><p>Allereerst kunnen de meeste, al los zittende haren verwijderd worden met een zogenaamde herdershark. Strijk hiermee een paar keer over de rug, broek, schouderpartij en kraag. Pas wel op dit niet te vaak en te lang aan \u00e9\u00e9n stuk door te doen, dan kan de huid ge\u00efrriteerd raken. Veel kracht zetten is ook niet nodig. Als er wat overtollig haar uit is mag de hond in bad. Allereerst maak je de hond helemaal nat met warm water. Door de huid te masseren tijdens dit klusje zorg je ervoor dat het water tot de huid komt, dat is niet makkelijk bij een Toller die een dubbele, waterafstotende vacht heeft dus neem daar de tijd voor. Vervolgens masseer je op diezelfde manier de shampoo overal gelijkmatig in de vacht. Dit kun je best een paar minuten laten zitten voordat je de hond weer uitspoelt met warm water. Zorg wel dat je alle shampoo uit de vacht hebt verwijdert.<\/p><p>Zichtbare bubbeltjes in de natte vacht wijzen op shampoo resten. Zodra de vacht helemaal is uitgespoeld mag hij gedroogd worden met een handdoek. Die haalt alvast het meeste vocht uit de vacht. Vervolgens wordt de hond uit bad gehaald en, bij voorkeur op een tafel, gedroogd met een f\u00f6hn of waterblazer. Bij een f\u00f6hn is het handig om tijdens het f\u00f6hnen ook de vacht door te borstelen met een slickerborstel. Op die manier word de hele vacht gedroogd en van los haar ontdaan. Je kunt eventueel de behandeling met de herdershark nog herhalen. Daarna is het zaak om vooral van de vacht af te blijven. Na zo&#8217;n behandeling zal de hond een paar dagen nog (extreem) haren verliezen maar daarna is hij ook even vrij van al het dode haar en zal het verharen de komende tijd extreem minder zijn.<\/p><p>Deze behandeling kan toegepast worden bij elke Tollervacht. Voor een Toller in de rui geldt wel dat de behandeling niet aan het begin van de ruiperiode moet gebeuren. Wacht even tot de hond (ongeveer) halverwege de ruiperiode is en pas dan deze behandeling toe.<\/p><p>Omdat zo&#8217;n behandeling intensief is voor hond en eigenaar is het ook mogelijk een trimmer te vragen dit klusje te doen. Een lijst van gediplomeerde trimmers per provincie is te vinden op:\u00a0<a href=\"https:\/\/www.abhb.nl\/aangesloten-trimsalons\/\" target=\"_blank\" rel=\"noopener\">http:\/\/www.abhb.nl\/trimsalons.html<\/a>\u00a0<\/p><p>Zie ook&#8230;<br \/><a href=\"https:\/\/tollertales.nl\/index.php\/trimadvies\/\" target=\"_blank\" rel=\"noopener\">Trimadvies<\/a><\/p>\t\t\t\t\t\t\t\t<\/div>\n\t\t\t\t<\/div>\n\t\t\t\t\t<\/div>\n\t\t<\/div>\n\t\t\t\t\t<\/div>\n\t\t<\/section>\n\t\t\t\t<\/div>\n\t\t","protected":false},"excerpt":{"rendered":"<p>Vachtverzorging \u00a0 Tollers in de ruiperiode De Toller heeft een vacht die het hele jaar door wat haar verliest met twee ruiperiodes per jaar waarbij de zomer of wintervacht er uit gaat en ze dus extreem verharen. Deze vachtcyclus verschilt wel per hond en factoren als medicijngebruik, voeding en castratie (hormonen) hebben hier invloed op. [&hellip;]<\/p>\n","protected":false},"author":7,"featured_media":0,"parent":0,"menu_order":0,"comment_status":"closed","ping_status":"closed","template":"elementor_header_footer","meta":{"site-sidebar-layout":"no-sidebar","site-content-layout":"page-builder","ast-site-content-layout":"default","site-content-style":"default","site-sidebar-style":"default","ast-global-header-display":"","ast-banner-title-visibility":"","ast-main-header-display":"","ast-hfb-above-header-display":"","ast-hfb-below-header-display":"","ast-hfb-mobile-header-display":"","site-post-title":"disabled","ast-breadcrumbs-content":"","ast-featured-img":"disabled","footer-sml-layout":"","ast-disable-related-posts":"","theme-transparent-header-meta":"default","adv-header-id-meta":"","stick-header-meta":"","header-above-stick-meta":"","header-main-stick-meta":"","header-below-stick-meta":"","astra-migrate-meta-layouts":"default","ast-page-background-enabled":"default","ast-page-background-meta":{"desktop":{"background-color":"var(--ast-global-color-4)","background-image":"","background-repeat":"repeat","background-position":"center center","background-size":"auto","background-attachment":"scroll","background-type":"","background-media":"","overlay-type":"","overlay-color":"","overlay-opacity":"","overlay-gradient":""},"tablet":{"background-color":"","background-image":"","background-repeat":"repeat","background-position":"center center","background-size":"auto","background-attachment":"scroll","background-type":"","background-media":"","overlay-type":"","overlay-color":"","overlay-opacity":"","overlay-gradient":""},"mobile":{"background-color":"","background-image":"","background-repeat":"repeat","background-position":"center center","background-size":"auto","background-attachment":"scroll","background-type":"","background-media":"","overlay-type":"","overlay-color":"","overlay-opacity":"","overlay-gradient":""}},"ast-content-background-meta":{"desktop":{"background-color":"var(--ast-global-color-5)","background-image":"","background-repeat":"repeat","background-position":"center center","background-size":"auto","background-attachment":"scroll","background-type":"","background-media":"","overlay-type":"","overlay-color":"","overlay-opacity":"","overlay-gradient":""},"tablet":{"background-color":"var(--ast-global-color-5)","background-image":"","background-repeat":"repeat","background-position":"center center","background-size":"auto","background-attachment":"scroll","background-type":"","background-media":"","overlay-type":"","overlay-color":"","overlay-opacity":"","overlay-gradient":""},"mobile":{"background-color":"var(--ast-global-color-5)","background-image":"","background-repeat":"repeat","background-position":"center center","background-size":"auto","background-attachment":"scroll","background-type":"","background-media":"","overlay-type":"","overlay-color":"","overlay-opacity":"","overlay-gradient":""}},"footnotes":""},"class_list":["post-1747","page","type-page","status-publish","hentry"],"_links":{"self":[{"href":"https:\/\/tollertales.nl\/index.php\/wp-json\/wp\/v2\/pages\/1747","targetHints":{"allow":["GET"]}}],"collection":[{"href":"https:\/\/tollertales.nl\/index.php\/wp-json\/wp\/v2\/pages"}],"about":[{"href":"https:\/\/tollertales.nl\/index.php\/wp-json\/wp\/v2\/types\/page"}],"author":[{"embeddable":true,"href":"https:\/\/tollertales.nl\/index.php\/wp-json\/wp\/v2\/users\/7"}],"replies":[{"embeddable":true,"href":"https:\/\/tollertales.nl\/index.php\/wp-json\/wp\/v2\/comments?post=1747"}],"version-history":[{"count":19,"href":"https:\/\/tollertales.nl\/index.php\/wp-json\/wp\/v2\/pages\/1747\/revisions"}],"predecessor-version":[{"id":14299,"href":"https:\/\/tollertales.nl\/index.php\/wp-json\/wp\/v2\/pages\/1747\/revisions\/14299"}],"wp:attachment":[{"href":"https:\/\/tollertales.nl\/index.php\/wp-json\/wp\/v2\/media?parent=1747"}],"curies":[{"name":"wp","href":"https:\/\/api.w.org\/{rel}","templated":true}]}}