{"id":1745,"date":"2021-09-07T17:59:20","date_gmt":"2021-09-07T15:59:20","guid":{"rendered":"https:\/\/tollertales.nl\/?page_id=1745"},"modified":"2023-04-18T13:50:29","modified_gmt":"2023-04-18T11:50:29","slug":"overgewicht","status":"publish","type":"page","link":"https:\/\/tollertales.nl\/index.php\/overgewicht\/","title":{"rendered":"Overgewicht"},"content":{"rendered":"\t\t<div data-elementor-type=\"wp-page\" data-elementor-id=\"1745\" class=\"elementor elementor-1745\" data-elementor-post-type=\"page\">\n\t\t\t\t\t\t<section class=\"elementor-section elementor-top-section elementor-element elementor-element-4b042860 elementor-section-boxed elementor-section-height-default elementor-section-height-default\" data-id=\"4b042860\" data-element_type=\"section\" data-e-type=\"section\" data-settings=\"{&quot;shape_divider_bottom&quot;:&quot;curve&quot;,&quot;shape_divider_bottom_negative&quot;:&quot;yes&quot;}\">\n\t\t\t\t\t\t\t<div class=\"elementor-background-overlay\"><\/div>\n\t\t\t\t\t\t<div class=\"elementor-shape elementor-shape-bottom\" aria-hidden=\"true\" data-negative=\"true\">\n\t\t\t<svg xmlns=\"http:\/\/www.w3.org\/2000\/svg\" viewBox=\"0 0 1000 100\" preserveAspectRatio=\"none\">\n\t<path class=\"elementor-shape-fill\" d=\"M500,97C126.7,96.3,0.8,19.8,0,0v100l1000,0V1C1000,19.4,873.3,97.8,500,97z\"\/>\n<\/svg>\t\t<\/div>\n\t\t\t\t\t<div class=\"elementor-container elementor-column-gap-default\">\n\t\t\t\t\t<div class=\"elementor-column elementor-col-33 elementor-top-column elementor-element elementor-element-2a4e1358\" data-id=\"2a4e1358\" data-element_type=\"column\" data-e-type=\"column\">\n\t\t\t<div class=\"elementor-widget-wrap elementor-element-populated\">\n\t\t\t\t\t\t<div class=\"elementor-element elementor-element-9a60c2a elementor-nav-menu--dropdown-tablet elementor-nav-menu__text-align-aside elementor-nav-menu--toggle elementor-nav-menu--burger elementor-widget elementor-widget-nav-menu\" data-id=\"9a60c2a\" data-element_type=\"widget\" data-e-type=\"widget\" data-settings=\"{&quot;layout&quot;:&quot;horizontal&quot;,&quot;submenu_icon&quot;:{&quot;value&quot;:&quot;&lt;i class=\\&quot;fas fa-caret-down\\&quot; aria-hidden=\\&quot;true\\&quot;&gt;&lt;\\\/i&gt;&quot;,&quot;library&quot;:&quot;fa-solid&quot;},&quot;toggle&quot;:&quot;burger&quot;}\" data-widget_type=\"nav-menu.default\">\n\t\t\t\t<div class=\"elementor-widget-container\">\n\t\t\t\t\t\t\t\t<nav aria-label=\"Menu\" class=\"elementor-nav-menu--main elementor-nav-menu__container elementor-nav-menu--layout-horizontal e--pointer-underline e--animation-fade\">\n\t\t\t\t<ul id=\"menu-1-9a60c2a\" class=\"elementor-nav-menu\"><li class=\"menu-item menu-item-type-post_type menu-item-object-page menu-item-1661\"><a href=\"https:\/\/tollertales.nl\/index.php\/geschiedenis\/\" data-ps2id-api=\"true\" class=\"elementor-item menu-link\">Geschiedenis<\/a><\/li>\n<li class=\"menu-item menu-item-type-post_type menu-item-object-page menu-item-1660\"><a href=\"https:\/\/tollertales.nl\/index.php\/karakter\/\" data-ps2id-api=\"true\" class=\"elementor-item menu-link\">Karakter<\/a><\/li>\n<li class=\"menu-item menu-item-type-post_type menu-item-object-page menu-item-13490\"><a href=\"https:\/\/tollertales.nl\/index.php\/jachthond\/\" data-ps2id-api=\"true\" class=\"elementor-item menu-link\">Jachthond<\/a><\/li>\n<li class=\"menu-item menu-item-type-post_type menu-item-object-page menu-item-1659\"><a href=\"https:\/\/tollertales.nl\/index.php\/rasstandaard\/\" data-ps2id-api=\"true\" class=\"elementor-item menu-link\">Rasstandaard<\/a><\/li>\n<li class=\"menu-item menu-item-type-post_type menu-item-object-page menu-item-1658\"><a href=\"https:\/\/tollertales.nl\/index.php\/verzorging\/\" data-ps2id-api=\"true\" class=\"elementor-item menu-link\">Verzorging<\/a><\/li>\n<li class=\"menu-item menu-item-type-post_type menu-item-object-page menu-item-1657\"><a href=\"https:\/\/tollertales.nl\/index.php\/overlijden\/\" data-ps2id-api=\"true\" class=\"elementor-item menu-link\">Overlijden<\/a><\/li>\n<\/ul>\t\t\t<\/nav>\n\t\t\t\t\t<div class=\"elementor-menu-toggle\" role=\"button\" tabindex=\"0\" aria-label=\"Menu toggle\" aria-expanded=\"false\">\n\t\t\t<i aria-hidden=\"true\" role=\"presentation\" class=\"elementor-menu-toggle__icon--open eicon-menu-bar\"><\/i><i aria-hidden=\"true\" role=\"presentation\" class=\"elementor-menu-toggle__icon--close eicon-close\"><\/i>\t\t<\/div>\n\t\t\t\t\t<nav class=\"elementor-nav-menu--dropdown elementor-nav-menu__container\" aria-hidden=\"true\">\n\t\t\t\t<ul id=\"menu-2-9a60c2a\" class=\"elementor-nav-menu\"><li class=\"menu-item menu-item-type-post_type menu-item-object-page menu-item-1661\"><a href=\"https:\/\/tollertales.nl\/index.php\/geschiedenis\/\" data-ps2id-api=\"true\" class=\"elementor-item menu-link\" tabindex=\"-1\">Geschiedenis<\/a><\/li>\n<li class=\"menu-item menu-item-type-post_type menu-item-object-page menu-item-1660\"><a href=\"https:\/\/tollertales.nl\/index.php\/karakter\/\" data-ps2id-api=\"true\" class=\"elementor-item menu-link\" tabindex=\"-1\">Karakter<\/a><\/li>\n<li class=\"menu-item menu-item-type-post_type menu-item-object-page menu-item-13490\"><a href=\"https:\/\/tollertales.nl\/index.php\/jachthond\/\" data-ps2id-api=\"true\" class=\"elementor-item menu-link\" tabindex=\"-1\">Jachthond<\/a><\/li>\n<li class=\"menu-item menu-item-type-post_type menu-item-object-page menu-item-1659\"><a href=\"https:\/\/tollertales.nl\/index.php\/rasstandaard\/\" data-ps2id-api=\"true\" class=\"elementor-item menu-link\" tabindex=\"-1\">Rasstandaard<\/a><\/li>\n<li class=\"menu-item menu-item-type-post_type menu-item-object-page menu-item-1658\"><a href=\"https:\/\/tollertales.nl\/index.php\/verzorging\/\" data-ps2id-api=\"true\" class=\"elementor-item menu-link\" tabindex=\"-1\">Verzorging<\/a><\/li>\n<li class=\"menu-item menu-item-type-post_type menu-item-object-page menu-item-1657\"><a href=\"https:\/\/tollertales.nl\/index.php\/overlijden\/\" data-ps2id-api=\"true\" class=\"elementor-item menu-link\" tabindex=\"-1\">Overlijden<\/a><\/li>\n<\/ul>\t\t\t<\/nav>\n\t\t\t\t\t\t<\/div>\n\t\t\t\t<\/div>\n\t\t\t\t\t<\/div>\n\t\t<\/div>\n\t\t\t\t<div class=\"elementor-column elementor-col-33 elementor-top-column elementor-element elementor-element-54ff0c2d\" data-id=\"54ff0c2d\" data-element_type=\"column\" data-e-type=\"column\">\n\t\t\t<div class=\"elementor-widget-wrap elementor-element-populated\">\n\t\t\t\t\t\t<div class=\"elementor-element elementor-element-7771972 elementor-invisible elementor-widget elementor-widget-image\" data-id=\"7771972\" data-element_type=\"widget\" data-e-type=\"widget\" data-settings=\"{&quot;_animation&quot;:&quot;zoomIn&quot;}\" data-widget_type=\"image.default\">\n\t\t\t\t<div class=\"elementor-widget-container\">\n\t\t\t\t\t\t\t\t\t\t\t\t\t\t\t<img fetchpriority=\"high\" decoding=\"async\" width=\"909\" height=\"209\" src=\"https:\/\/tollertales.nl\/wp-content\/uploads\/2021\/09\/header-17a.png\" class=\"attachment-large size-large wp-image-1779\" alt=\"\" srcset=\"https:\/\/tollertales.nl\/wp-content\/uploads\/2021\/09\/header-17a.png 909w, https:\/\/tollertales.nl\/wp-content\/uploads\/2021\/09\/header-17a-300x69.png 300w, https:\/\/tollertales.nl\/wp-content\/uploads\/2021\/09\/header-17a-768x177.png 768w\" sizes=\"(max-width: 909px) 100vw, 909px\" \/>\t\t\t\t\t\t\t\t\t\t\t\t\t\t\t<\/div>\n\t\t\t\t<\/div>\n\t\t\t\t\t<\/div>\n\t\t<\/div>\n\t\t\t\t<div class=\"elementor-column elementor-col-33 elementor-top-column elementor-element elementor-element-1cdbda49\" data-id=\"1cdbda49\" data-element_type=\"column\" data-e-type=\"column\">\n\t\t\t<div class=\"elementor-widget-wrap\">\n\t\t\t\t\t\t\t<\/div>\n\t\t<\/div>\n\t\t\t\t\t<\/div>\n\t\t<\/section>\n\t\t\t\t<section class=\"elementor-section elementor-top-section elementor-element elementor-element-075add9 elementor-section-boxed elementor-section-height-default elementor-section-height-default\" data-id=\"075add9\" data-element_type=\"section\" data-e-type=\"section\">\n\t\t\t\t\t\t<div class=\"elementor-container elementor-column-gap-default\">\n\t\t\t\t\t<div class=\"elementor-column elementor-col-100 elementor-top-column elementor-element elementor-element-7921dc4\" data-id=\"7921dc4\" data-element_type=\"column\" data-e-type=\"column\">\n\t\t\t<div class=\"elementor-widget-wrap elementor-element-populated\">\n\t\t\t\t\t\t<div class=\"elementor-element elementor-element-781d86d elementor-widget elementor-widget-text-editor\" data-id=\"781d86d\" data-element_type=\"widget\" data-e-type=\"widget\" data-widget_type=\"text-editor.default\">\n\t\t\t\t<div class=\"elementor-widget-container\">\n\t\t\t\t\t\t\t\t\t<p>\u00a0<\/p><h3>Overgewicht<\/h3><p>Uit onderzoek blijkt dat bijna de helft van de honden te zwaar is. Obesitas (overgewicht) kan in verschillende opzichten schadelijk zijn voor een hond.<br \/>De kans op de volgende aandoeningen neemt aanzienlijk toe:<\/p><p>\u00a0&#8211; de kans op suikerziekte (diabetes mellitus)<br \/>\u00a0&#8211; de kans op gewrichtsproblemen<br \/>\u00a0&#8211; de kans op leveraandoeningen<br \/>\u00a0&#8211; de kans op hart- en ademhalingsproblemen<br \/>\u00a0&#8211; de kans op huidklachten<\/p><p>Het is daarom belangrijk om niet onbeperkt te voeren maar te kijken naar de conditie van de hond en een voeding te kiezen die aansluit bij de energiebehoeften van de hond. Sommige hondenrassen hebben meer aanleg voor overgewicht. Ook is de ene hond veel actiever dan de andere hond.<\/p><p>Vooral na castratie of sterilisatie is het van belang om goed op het gewicht te letten. Het lichaam ondergaat een hormonale verandering en heeft in verhouding (zeker de eerste maanden na de operatie) minder energie nodig. Als u dezelfde hoeveelheid voer blijft geven kan dit tot overgewicht leiden.<\/p><p>Indien een hond overgewicht heeft volstaat het niet om de hond op rantsoen te zetten en zo dus minder calorie\u00ebn te geven. De hond kan dan gebrek krijgen aan bepaalde onmisbare voedingsstoffen. Een zogenaamde &#8220;light&#8221; voeding heeft een beperkt vetgehalte maar is rijk aan vezels en eiwitten. Eiwitten en vezels geven de hond een verzadigd gevoel en beperken de afbraak van het spierweefsel.<\/p>\t\t\t\t\t\t\t\t<\/div>\n\t\t\t\t<\/div>\n\t\t\t\t\t<\/div>\n\t\t<\/div>\n\t\t\t\t\t<\/div>\n\t\t<\/section>\n\t\t\t\t<section class=\"elementor-section elementor-top-section elementor-element elementor-element-0ca7d4e elementor-section-boxed elementor-section-height-default elementor-section-height-default\" data-id=\"0ca7d4e\" data-element_type=\"section\" data-e-type=\"section\">\n\t\t\t\t\t\t<div class=\"elementor-container elementor-column-gap-default\">\n\t\t\t\t\t<div class=\"elementor-column elementor-col-50 elementor-top-column elementor-element elementor-element-a8c05db\" data-id=\"a8c05db\" data-element_type=\"column\" data-e-type=\"column\">\n\t\t\t<div class=\"elementor-widget-wrap elementor-element-populated\">\n\t\t\t\t\t\t<div class=\"elementor-element elementor-element-7a02c4c elementor-widget elementor-widget-text-editor\" data-id=\"7a02c4c\" data-element_type=\"widget\" data-e-type=\"widget\" data-widget_type=\"text-editor.default\">\n\t\t\t\t<div class=\"elementor-widget-container\">\n\t\t\t\t\t\t\t\t\t<h3>Wanneer spreek je van overgewicht bij honden?<\/h3><p>Overgewicht ontstaat doordat de hond overmatig vet ophoopt in het lichaam. De ribben en de ruggenwervels moeten met een vlakke hand net te voelen zijn. Voelt u alleen maar vacht, dan is er sprake van overgewicht. Wanneer het lichaamsgewicht van uw hond minder dan 15% boven het ideaalgewicht is, spreken we van licht overgewicht. Als het lichaamsgewicht van het dier meer dan 15% boven het ideaalgewicht zit wordt over obesitas (zwaarlijvigheid) gesproken. Hierbij is het belangrijk om te realiseren dat voor een hond van 10 kg, een gewichtstoename van 1 kg ongeveer gelijk is aan een gewichtstoename van 5 tot 7 kg bij een gemiddelde vrouw.<\/p><p>Volgens de rasstandaard van de Toller ligt het ideale gewicht voor volwassen reuen tussen de 20 en 23 kg en voor volwassen teven tussen de 17 en 20 kg. Als dit afwijkt, betekent het niet automatisch dat uw hond te licht of te zwaar is. Niet iedere hond is namelijk hetzelfde.<\/p><h3>De behandeling van obesitas bij honden<\/h3><p>Wanneer er sprake is van serieus overgewicht zal uw hond moeten afvallen. Dit is te bereiken met een actieve levensstijl, voldoende beweging en een aangepast dieet. De dierenarts of voedingsdeskundige kan voor u een voedingsschema op maat maken.<\/p><h3>Dieetvoeding voor honden<\/h3><p>Bij het gebruik van gespecialiseerde uitgebalanceerde voedingen, is het niet verstandig en feitelijk onwenselijk om supplementen zoals vitaminen en mineralen of vers vlees toe te voegen aan de voeding. Voeding speelt een zeer belangrijke rol bij de gezondheid en het welzijn van een dier. Voor honden en katten zijn er verschillende uitstekende voedingsmerken op de markt die in een dierenspeciaalzaak te verkrijgen zijn.\u00a0<\/p><p>Soms wordt een dier echter ziek en krijgt op advies van een dierenarts dieetvoeding. Het is van belang voor de gezondheid van het huisdier dit dieet daadwerkelijk te volgen.<\/p>\t\t\t\t\t\t\t\t<\/div>\n\t\t\t\t<\/div>\n\t\t\t\t\t<\/div>\n\t\t<\/div>\n\t\t\t\t<div class=\"elementor-column elementor-col-50 elementor-top-column elementor-element elementor-element-e068448\" data-id=\"e068448\" data-element_type=\"column\" data-e-type=\"column\">\n\t\t\t<div class=\"elementor-widget-wrap elementor-element-populated\">\n\t\t\t\t\t\t<div class=\"elementor-element elementor-element-31d6486 elementor-widget elementor-widget-image\" data-id=\"31d6486\" data-element_type=\"widget\" data-e-type=\"widget\" data-widget_type=\"image.default\">\n\t\t\t\t<div class=\"elementor-widget-container\">\n\t\t\t\t\t\t\t\t\t\t\t\t\t\t\t<img decoding=\"async\" width=\"283\" height=\"510\" src=\"https:\/\/tollertales.nl\/wp-content\/uploads\/2021\/08\/overgewicht.jpg\" class=\"attachment-large size-large wp-image-840\" alt=\"\" srcset=\"https:\/\/tollertales.nl\/wp-content\/uploads\/2021\/08\/overgewicht.jpg 283w, https:\/\/tollertales.nl\/wp-content\/uploads\/2021\/08\/overgewicht-166x300.jpg 166w\" sizes=\"(max-width: 283px) 100vw, 283px\" \/>\t\t\t\t\t\t\t\t\t\t\t\t\t\t\t<\/div>\n\t\t\t\t<\/div>\n\t\t\t\t\t<\/div>\n\t\t<\/div>\n\t\t\t\t\t<\/div>\n\t\t<\/section>\n\t\t\t\t<section class=\"elementor-section elementor-top-section elementor-element elementor-element-73ffd27 elementor-section-boxed elementor-section-height-default elementor-section-height-default\" data-id=\"73ffd27\" data-element_type=\"section\" data-e-type=\"section\">\n\t\t\t\t\t\t<div class=\"elementor-container elementor-column-gap-default\">\n\t\t\t\t\t<div class=\"elementor-column elementor-col-100 elementor-top-column elementor-element elementor-element-675adfe\" data-id=\"675adfe\" data-element_type=\"column\" data-e-type=\"column\">\n\t\t\t<div class=\"elementor-widget-wrap elementor-element-populated\">\n\t\t\t\t\t\t<div class=\"elementor-element elementor-element-5ea57d2 elementor-widget elementor-widget-text-editor\" data-id=\"5ea57d2\" data-element_type=\"widget\" data-e-type=\"widget\" data-widget_type=\"text-editor.default\">\n\t\t\t\t<div class=\"elementor-widget-container\">\n\t\t\t\t\t\t\t\t\t<p>Voorgeschreven dieetvoeding is alleen bij de dierenarts verkrijgbaar. Het is namelijk erg belangrijk dat het dier onder begeleiding op een dieetvoeding wordt overgezet.<br \/><br \/>De laatste jaren zijn er bij de dierenarts steeds meer verschillende soorten van deze dieetvoeding te koop. Zo zijn er di\u00ebten voor bijvoorbeeld nierpati\u00ebnten en leverpati\u00ebnten, maar ook voor dieren met suikerziekte of een voedingsallergie. Ook dieren met blaasstenen of blaasgruis kunnen behandeld worden met een speciaal dieet. Het voorschrijven van zo&#8217;n speciale dieetvoeding gebeurt naar aanleiding van een door de dierenarts gestelde diagnose. Die diagnose wordt gesteld door onderzoek van de pati\u00ebnt zelf, maar ook op grond van urine- en\/of bloedonderzoek.<br \/><br \/>Voor meer informatie over dieetvoeding verwijzen wij u naar uw dierenarts of de website van de hondenvoeding fabrikanten.<\/p>\t\t\t\t\t\t\t\t<\/div>\n\t\t\t\t<\/div>\n\t\t\t\t\t<\/div>\n\t\t<\/div>\n\t\t\t\t\t<\/div>\n\t\t<\/section>\n\t\t\t\t<\/div>\n\t\t","protected":false},"excerpt":{"rendered":"<p>\u00a0 Overgewicht Uit onderzoek blijkt dat bijna de helft van de honden te zwaar is. Obesitas (overgewicht) kan in verschillende opzichten schadelijk zijn voor een hond.De kans op de volgende aandoeningen neemt aanzienlijk toe: \u00a0&#8211; de kans op suikerziekte (diabetes mellitus)\u00a0&#8211; de kans op gewrichtsproblemen\u00a0&#8211; de kans op leveraandoeningen\u00a0&#8211; de kans op hart- en ademhalingsproblemen\u00a0&#8211; [&hellip;]<\/p>\n","protected":false},"author":7,"featured_media":0,"parent":0,"menu_order":0,"comment_status":"closed","ping_status":"closed","template":"elementor_header_footer","meta":{"site-sidebar-layout":"no-sidebar","site-content-layout":"page-builder","ast-site-content-layout":"default","site-content-style":"default","site-sidebar-style":"default","ast-global-header-display":"","ast-banner-title-visibility":"","ast-main-header-display":"","ast-hfb-above-header-display":"","ast-hfb-below-header-display":"","ast-hfb-mobile-header-display":"","site-post-title":"disabled","ast-breadcrumbs-content":"","ast-featured-img":"disabled","footer-sml-layout":"","ast-disable-related-posts":"","theme-transparent-header-meta":"default","adv-header-id-meta":"","stick-header-meta":"","header-above-stick-meta":"","header-main-stick-meta":"","header-below-stick-meta":"","astra-migrate-meta-layouts":"default","ast-page-background-enabled":"default","ast-page-background-meta":{"desktop":{"background-color":"var(--ast-global-color-4)","background-image":"","background-repeat":"repeat","background-position":"center center","background-size":"auto","background-attachment":"scroll","background-type":"","background-media":"","overlay-type":"","overlay-color":"","overlay-opacity":"","overlay-gradient":""},"tablet":{"background-color":"","background-image":"","background-repeat":"repeat","background-position":"center center","background-size":"auto","background-attachment":"scroll","background-type":"","background-media":"","overlay-type":"","overlay-color":"","overlay-opacity":"","overlay-gradient":""},"mobile":{"background-color":"","background-image":"","background-repeat":"repeat","background-position":"center center","background-size":"auto","background-attachment":"scroll","background-type":"","background-media":"","overlay-type":"","overlay-color":"","overlay-opacity":"","overlay-gradient":""}},"ast-content-background-meta":{"desktop":{"background-color":"var(--ast-global-color-5)","background-image":"","background-repeat":"repeat","background-position":"center center","background-size":"auto","background-attachment":"scroll","background-type":"","background-media":"","overlay-type":"","overlay-color":"","overlay-opacity":"","overlay-gradient":""},"tablet":{"background-color":"var(--ast-global-color-5)","background-image":"","background-repeat":"repeat","background-position":"center center","background-size":"auto","background-attachment":"scroll","background-type":"","background-media":"","overlay-type":"","overlay-color":"","overlay-opacity":"","overlay-gradient":""},"mobile":{"background-color":"var(--ast-global-color-5)","background-image":"","background-repeat":"repeat","background-position":"center center","background-size":"auto","background-attachment":"scroll","background-type":"","background-media":"","overlay-type":"","overlay-color":"","overlay-opacity":"","overlay-gradient":""}},"footnotes":""},"class_list":["post-1745","page","type-page","status-publish","hentry"],"_links":{"self":[{"href":"https:\/\/tollertales.nl\/index.php\/wp-json\/wp\/v2\/pages\/1745","targetHints":{"allow":["GET"]}}],"collection":[{"href":"https:\/\/tollertales.nl\/index.php\/wp-json\/wp\/v2\/pages"}],"about":[{"href":"https:\/\/tollertales.nl\/index.php\/wp-json\/wp\/v2\/types\/page"}],"author":[{"embeddable":true,"href":"https:\/\/tollertales.nl\/index.php\/wp-json\/wp\/v2\/users\/7"}],"replies":[{"embeddable":true,"href":"https:\/\/tollertales.nl\/index.php\/wp-json\/wp\/v2\/comments?post=1745"}],"version-history":[{"count":10,"href":"https:\/\/tollertales.nl\/index.php\/wp-json\/wp\/v2\/pages\/1745\/revisions"}],"predecessor-version":[{"id":12889,"href":"https:\/\/tollertales.nl\/index.php\/wp-json\/wp\/v2\/pages\/1745\/revisions\/12889"}],"wp:attachment":[{"href":"https:\/\/tollertales.nl\/index.php\/wp-json\/wp\/v2\/media?parent=1745"}],"curies":[{"name":"wp","href":"https:\/\/api.w.org\/{rel}","templated":true}]}}