{"id":1625,"date":"2021-09-02T00:06:26","date_gmt":"2021-09-01T22:06:26","guid":{"rendered":"https:\/\/tollertales.nl\/?page_id=1625"},"modified":"2023-04-17T23:08:35","modified_gmt":"2023-04-17T21:08:35","slug":"karakter","status":"publish","type":"page","link":"https:\/\/tollertales.nl\/index.php\/karakter\/","title":{"rendered":"Karakter"},"content":{"rendered":"\t\t<div data-elementor-type=\"wp-page\" data-elementor-id=\"1625\" class=\"elementor elementor-1625\" data-elementor-post-type=\"page\">\n\t\t\t\t\t\t<section class=\"elementor-section elementor-top-section elementor-element elementor-element-7575daf0 elementor-section-boxed elementor-section-height-default elementor-section-height-default\" data-id=\"7575daf0\" data-element_type=\"section\" data-e-type=\"section\" data-settings=\"{&quot;shape_divider_bottom&quot;:&quot;curve&quot;,&quot;shape_divider_bottom_negative&quot;:&quot;yes&quot;}\">\n\t\t\t\t\t\t\t<div class=\"elementor-background-overlay\"><\/div>\n\t\t\t\t\t\t<div class=\"elementor-shape elementor-shape-bottom\" aria-hidden=\"true\" data-negative=\"true\">\n\t\t\t<svg xmlns=\"http:\/\/www.w3.org\/2000\/svg\" viewBox=\"0 0 1000 100\" preserveAspectRatio=\"none\">\n\t<path class=\"elementor-shape-fill\" d=\"M500,97C126.7,96.3,0.8,19.8,0,0v100l1000,0V1C1000,19.4,873.3,97.8,500,97z\"\/>\n<\/svg>\t\t<\/div>\n\t\t\t\t\t<div class=\"elementor-container elementor-column-gap-default\">\n\t\t\t\t\t<div class=\"elementor-column elementor-col-33 elementor-top-column elementor-element elementor-element-1f0cb62d\" data-id=\"1f0cb62d\" data-element_type=\"column\" data-e-type=\"column\">\n\t\t\t<div class=\"elementor-widget-wrap elementor-element-populated\">\n\t\t\t\t\t\t<div class=\"elementor-element elementor-element-20ba6922 elementor-nav-menu--dropdown-tablet elementor-nav-menu__text-align-aside elementor-nav-menu--toggle elementor-nav-menu--burger elementor-widget elementor-widget-nav-menu\" data-id=\"20ba6922\" data-element_type=\"widget\" data-e-type=\"widget\" data-settings=\"{&quot;layout&quot;:&quot;horizontal&quot;,&quot;submenu_icon&quot;:{&quot;value&quot;:&quot;&lt;i class=\\&quot;fas fa-caret-down\\&quot; aria-hidden=\\&quot;true\\&quot;&gt;&lt;\\\/i&gt;&quot;,&quot;library&quot;:&quot;fa-solid&quot;},&quot;toggle&quot;:&quot;burger&quot;}\" data-widget_type=\"nav-menu.default\">\n\t\t\t\t<div class=\"elementor-widget-container\">\n\t\t\t\t\t\t\t\t<nav aria-label=\"Menu\" class=\"elementor-nav-menu--main elementor-nav-menu__container elementor-nav-menu--layout-horizontal e--pointer-underline e--animation-fade\">\n\t\t\t\t<ul id=\"menu-1-20ba6922\" class=\"elementor-nav-menu\"><li class=\"menu-item menu-item-type-post_type menu-item-object-page menu-item-1661\"><a href=\"https:\/\/tollertales.nl\/index.php\/geschiedenis\/\" data-ps2id-api=\"true\" class=\"elementor-item menu-link\">Geschiedenis<\/a><\/li>\n<li class=\"menu-item menu-item-type-post_type menu-item-object-page menu-item-1660\"><a href=\"https:\/\/tollertales.nl\/index.php\/karakter\/\" data-ps2id-api=\"true\" class=\"elementor-item menu-link\">Karakter<\/a><\/li>\n<li class=\"menu-item menu-item-type-post_type menu-item-object-page menu-item-13490\"><a href=\"https:\/\/tollertales.nl\/index.php\/jachthond\/\" data-ps2id-api=\"true\" class=\"elementor-item menu-link\">Jachthond<\/a><\/li>\n<li class=\"menu-item menu-item-type-post_type menu-item-object-page menu-item-1659\"><a href=\"https:\/\/tollertales.nl\/index.php\/rasstandaard\/\" data-ps2id-api=\"true\" class=\"elementor-item menu-link\">Rasstandaard<\/a><\/li>\n<li class=\"menu-item menu-item-type-post_type menu-item-object-page menu-item-1658\"><a href=\"https:\/\/tollertales.nl\/index.php\/verzorging\/\" data-ps2id-api=\"true\" class=\"elementor-item menu-link\">Verzorging<\/a><\/li>\n<li class=\"menu-item menu-item-type-post_type menu-item-object-page menu-item-1657\"><a href=\"https:\/\/tollertales.nl\/index.php\/overlijden\/\" data-ps2id-api=\"true\" class=\"elementor-item menu-link\">Overlijden<\/a><\/li>\n<\/ul>\t\t\t<\/nav>\n\t\t\t\t\t<div class=\"elementor-menu-toggle\" role=\"button\" tabindex=\"0\" aria-label=\"Menu toggle\" aria-expanded=\"false\">\n\t\t\t<i aria-hidden=\"true\" role=\"presentation\" class=\"elementor-menu-toggle__icon--open eicon-menu-bar\"><\/i><i aria-hidden=\"true\" role=\"presentation\" class=\"elementor-menu-toggle__icon--close eicon-close\"><\/i>\t\t<\/div>\n\t\t\t\t\t<nav class=\"elementor-nav-menu--dropdown elementor-nav-menu__container\" aria-hidden=\"true\">\n\t\t\t\t<ul id=\"menu-2-20ba6922\" class=\"elementor-nav-menu\"><li class=\"menu-item menu-item-type-post_type menu-item-object-page menu-item-1661\"><a href=\"https:\/\/tollertales.nl\/index.php\/geschiedenis\/\" data-ps2id-api=\"true\" class=\"elementor-item menu-link\" tabindex=\"-1\">Geschiedenis<\/a><\/li>\n<li class=\"menu-item menu-item-type-post_type menu-item-object-page menu-item-1660\"><a href=\"https:\/\/tollertales.nl\/index.php\/karakter\/\" data-ps2id-api=\"true\" class=\"elementor-item menu-link\" tabindex=\"-1\">Karakter<\/a><\/li>\n<li class=\"menu-item menu-item-type-post_type menu-item-object-page menu-item-13490\"><a href=\"https:\/\/tollertales.nl\/index.php\/jachthond\/\" data-ps2id-api=\"true\" class=\"elementor-item menu-link\" tabindex=\"-1\">Jachthond<\/a><\/li>\n<li class=\"menu-item menu-item-type-post_type menu-item-object-page menu-item-1659\"><a href=\"https:\/\/tollertales.nl\/index.php\/rasstandaard\/\" data-ps2id-api=\"true\" class=\"elementor-item menu-link\" tabindex=\"-1\">Rasstandaard<\/a><\/li>\n<li class=\"menu-item menu-item-type-post_type menu-item-object-page menu-item-1658\"><a href=\"https:\/\/tollertales.nl\/index.php\/verzorging\/\" data-ps2id-api=\"true\" class=\"elementor-item menu-link\" tabindex=\"-1\">Verzorging<\/a><\/li>\n<li class=\"menu-item menu-item-type-post_type menu-item-object-page menu-item-1657\"><a href=\"https:\/\/tollertales.nl\/index.php\/overlijden\/\" data-ps2id-api=\"true\" class=\"elementor-item menu-link\" tabindex=\"-1\">Overlijden<\/a><\/li>\n<\/ul>\t\t\t<\/nav>\n\t\t\t\t\t\t<\/div>\n\t\t\t\t<\/div>\n\t\t\t\t\t<\/div>\n\t\t<\/div>\n\t\t\t\t<div class=\"elementor-column elementor-col-33 elementor-top-column elementor-element elementor-element-39034ee1\" data-id=\"39034ee1\" data-element_type=\"column\" data-e-type=\"column\">\n\t\t\t<div class=\"elementor-widget-wrap elementor-element-populated\">\n\t\t\t\t\t\t<div class=\"elementor-element elementor-element-c741c67 elementor-invisible elementor-widget elementor-widget-image\" data-id=\"c741c67\" data-element_type=\"widget\" data-e-type=\"widget\" data-settings=\"{&quot;_animation&quot;:&quot;zoomIn&quot;}\" data-widget_type=\"image.default\">\n\t\t\t\t<div class=\"elementor-widget-container\">\n\t\t\t\t\t\t\t\t\t\t\t\t\t\t\t<img fetchpriority=\"high\" decoding=\"async\" width=\"905\" height=\"210\" src=\"https:\/\/tollertales.nl\/wp-content\/uploads\/2021\/09\/header-2a.png\" class=\"attachment-large size-large wp-image-1671\" alt=\"\" srcset=\"https:\/\/tollertales.nl\/wp-content\/uploads\/2021\/09\/header-2a.png 905w, https:\/\/tollertales.nl\/wp-content\/uploads\/2021\/09\/header-2a-300x70.png 300w, https:\/\/tollertales.nl\/wp-content\/uploads\/2021\/09\/header-2a-768x178.png 768w\" sizes=\"(max-width: 905px) 100vw, 905px\" \/>\t\t\t\t\t\t\t\t\t\t\t\t\t\t\t<\/div>\n\t\t\t\t<\/div>\n\t\t\t\t\t<\/div>\n\t\t<\/div>\n\t\t\t\t<div class=\"elementor-column elementor-col-33 elementor-top-column elementor-element elementor-element-3887cc87\" data-id=\"3887cc87\" data-element_type=\"column\" data-e-type=\"column\">\n\t\t\t<div class=\"elementor-widget-wrap\">\n\t\t\t\t\t\t\t<\/div>\n\t\t<\/div>\n\t\t\t\t\t<\/div>\n\t\t<\/section>\n\t\t\t\t<section class=\"elementor-section elementor-top-section elementor-element elementor-element-dd1c96c elementor-section-boxed elementor-section-height-default elementor-section-height-default\" data-id=\"dd1c96c\" data-element_type=\"section\" data-e-type=\"section\">\n\t\t\t\t\t\t<div class=\"elementor-container elementor-column-gap-default\">\n\t\t\t\t\t<div class=\"elementor-column elementor-col-100 elementor-top-column elementor-element elementor-element-bf506e4\" data-id=\"bf506e4\" data-element_type=\"column\" data-e-type=\"column\">\n\t\t\t<div class=\"elementor-widget-wrap elementor-element-populated\">\n\t\t\t\t\t\t<div class=\"elementor-element elementor-element-83efc5c elementor-widget elementor-widget-text-editor\" data-id=\"83efc5c\" data-element_type=\"widget\" data-e-type=\"widget\" data-widget_type=\"text-editor.default\">\n\t\t\t\t<div class=\"elementor-widget-container\">\n\t\t\t\t\t\t\t\t\t<h3>Het karakter<\/h3><p>De Nova Scotia Duck Tolling Retriever is gefokt als werkhond en dankt veel van zijn karaktereigenschappen juist aan het specifieke werk waarvoor hij is gefokt. In Nederland zal over het algemeen slechts van de apporterende eigenschap van de Toller op de praktische jacht gebruikt gemaakt worden. De Toller is een gepassioneerde apporteur die over genoeg kracht moet beschikken om een volwassen gans aan land te brengen. Het spreekt voor zich dat niet van elke Tollereigenaar verwacht wordt dat hij met zijn hond de jachtsport gaat beoefenen, andere hondensporten liggen ook binnen zijn mogelijkheden. Denk hierbij aan behendigheid, obedience en gehoorzaamheid. De Toller is een zeer intelligente hond met een groot uithoudingsvermogen. Hij is een kundige en sterke zwemmer en een natuurlijke en goede apporteur op land zowel als uit het water, waarbij hij zichzelf snel in actie brengt zodra er een indicatie gegeven wordt dat apporteren gewenst is. Zijn sterke wil om te apporteren en zijn speelsheid zijn essentieel voor zijn &#8220;Tolling&#8221; eigenschap. Zelfs een taak als hulphond of reddingshond zijn op zijn lijf geschreven.<\/p><p>De natuurlijke wil om te apporteren en zijn speelsheid zijn noodzakelijk voor de &#8220;tolling&#8221; eigenschap. Zoals ook van &#8220;voorstaan&#8221; bij staande honden kan worden gezegd, geldt dat de &#8220;tolling&#8221; eigenschap erfelijk bepaald is en niet of nauwelijks kan worden aangeleerd. De honden hebben een intens en natuurlijk plichtbesef. Met pups, jonge \u00e9n volwassen honden moet worden getraind, maar het opbouwen van een hechte relatie door de kinderen balletjes te laten weggooien, die de Tollers steeds weer met plezier zullen gaan halen, is ook trainen. De mensen in Nova Scotia spreken ook niet van werken met de hond maar van &#8220;playing the dog&#8221;. Andere eigenaren zeggen dat het apporteer-maniakken zijn. &#8220;Als ooit iemand een balletje weggooit blijft de Toller hem net zolang terugbrengen totdat de arm van deze ongelukkige eraf valt&#8221;. Er is een verhaal bekend van een Toller die steeds zijn balletje meeneemt naar de top van een heuvel om hem daar te laten vallen. Vervolgens loopt hij er hard achteraan in een poging het balletje te pakken te krijgen voordat het beneden is. Dit spelletje kon zich uren lang herhalen.<\/p>\t\t\t\t\t\t\t\t<\/div>\n\t\t\t\t<\/div>\n\t\t\t\t\t<\/div>\n\t\t<\/div>\n\t\t\t\t\t<\/div>\n\t\t<\/section>\n\t\t\t\t<section class=\"elementor-section elementor-top-section elementor-element elementor-element-7b7b128 elementor-section-boxed elementor-section-height-default elementor-section-height-default\" data-id=\"7b7b128\" data-element_type=\"section\" data-e-type=\"section\">\n\t\t\t\t\t\t<div class=\"elementor-container elementor-column-gap-default\">\n\t\t\t\t\t<div class=\"elementor-column elementor-col-100 elementor-top-column elementor-element elementor-element-cf33a46\" data-id=\"cf33a46\" data-element_type=\"column\" data-e-type=\"column\">\n\t\t\t<div class=\"elementor-widget-wrap elementor-element-populated\">\n\t\t\t\t\t\t<div class=\"elementor-element elementor-element-61ff8da elementor-widget elementor-widget-image\" data-id=\"61ff8da\" data-element_type=\"widget\" data-e-type=\"widget\" data-widget_type=\"image.default\">\n\t\t\t\t<div class=\"elementor-widget-container\">\n\t\t\t\t\t\t\t\t\t\t\t\t\t\t\t<img decoding=\"async\" width=\"850\" height=\"325\" src=\"https:\/\/tollertales.nl\/wp-content\/uploads\/2021\/08\/toller-en-kat.png\" class=\"attachment-large size-large wp-image-903\" alt=\"\" srcset=\"https:\/\/tollertales.nl\/wp-content\/uploads\/2021\/08\/toller-en-kat.png 850w, https:\/\/tollertales.nl\/wp-content\/uploads\/2021\/08\/toller-en-kat-300x115.png 300w, https:\/\/tollertales.nl\/wp-content\/uploads\/2021\/08\/toller-en-kat-768x294.png 768w\" sizes=\"(max-width: 850px) 100vw, 850px\" \/>\t\t\t\t\t\t\t\t\t\t\t\t\t\t\t<\/div>\n\t\t\t\t<\/div>\n\t\t\t\t\t<\/div>\n\t\t<\/div>\n\t\t\t\t\t<\/div>\n\t\t<\/section>\n\t\t\t\t<section class=\"elementor-section elementor-top-section elementor-element elementor-element-70ca4fb elementor-section-boxed elementor-section-height-default elementor-section-height-default\" data-id=\"70ca4fb\" data-element_type=\"section\" data-e-type=\"section\">\n\t\t\t\t\t\t<div class=\"elementor-container elementor-column-gap-default\">\n\t\t\t\t\t<div class=\"elementor-column elementor-col-100 elementor-top-column elementor-element elementor-element-b9bf775\" data-id=\"b9bf775\" data-element_type=\"column\" data-e-type=\"column\">\n\t\t\t<div class=\"elementor-widget-wrap elementor-element-populated\">\n\t\t\t\t\t\t<div class=\"elementor-element elementor-element-32aac8d elementor-widget elementor-widget-text-editor\" data-id=\"32aac8d\" data-element_type=\"widget\" data-e-type=\"widget\" data-widget_type=\"text-editor.default\">\n\t\t\t\t<div class=\"elementor-widget-container\">\n\t\t\t\t\t\t\t\t\t<p>De Toller vertoont in gedrag overeenkomsten en verschillen met andere retrieversoorten. Het ras is gevoelig en erg gehecht aan zijn roedel. De Toller is niet altijd zo&#8217;n allemansvriend als de Golden Retriever. Ten opzichte van vreemden stelt hij zich soms wat gereserveerd (maar zeker niet agressief) op. Ook in de training onderscheidt de Toller zich door de hoge mate van intelligentie. Een Toller zal niet klakkeloos doen wat zijn baas van hem vraagt, maar zelf nagaan of er niet een eenvoudigere manier is om het door de baas gewenste resultaat te bereiken. Dit maakt dat voor een goede training een geduldige aanpak is vereist. Het is deze gevoeligheid die in het hele wezen van de Toller zichtbaar is en het trainen tot een aparte uitdaging maakt. Het is dus ten zeerste aan te bevelen met de hond te wandelen, te trainen, te spelen, te sporten en\/of te werken. Mits aan deze voorwaarden wordt voldaan, kan de Toller een leuke en rustige &#8220;huishond&#8221; zijn.<\/p><h3>Kindvriendelijk<\/h3><p>In veel hondenencyclopedie\u00ebn lees je bij de karakterbeschrijving &#8220;kindvriendelijke hond&#8221;. Iedere hond kan een kindvriendelijke hond zijn maar dat valt en staat met de socialisatie, g\u00e9\u00e9n enkele hond wordt kindvriendelijk geboren, hoe vaak ze dat ook in de hondenencyclopedie\u00ebn schrijven. De eerste positieve ervaringen met kinderen zullen ze bij de fokker al moeten krijgen en zal bij de nieuwe eigenaar moeten worden uitgebreid.<\/p><p>Overleg ook eens met de school van uw kind voor het organiseren\/geven van een\u00a0SnuffelCollege. Aan het Sophia SnuffelCollege zijn voor basisscholen geen kosten verbonden. Zo zijn de lessen voor ieder kind toegankelijk..\u00a0<\/p>\t\t\t\t\t\t\t\t<\/div>\n\t\t\t\t<\/div>\n\t\t\t\t\t<\/div>\n\t\t<\/div>\n\t\t\t\t\t<\/div>\n\t\t<\/section>\n\t\t\t\t<section class=\"elementor-section elementor-top-section elementor-element elementor-element-398af2b elementor-section-boxed elementor-section-height-default elementor-section-height-default\" data-id=\"398af2b\" data-element_type=\"section\" data-e-type=\"section\">\n\t\t\t\t\t\t<div class=\"elementor-container elementor-column-gap-default\">\n\t\t\t\t\t<div class=\"elementor-column elementor-col-100 elementor-top-column elementor-element elementor-element-7c905d3\" data-id=\"7c905d3\" data-element_type=\"column\" data-e-type=\"column\">\n\t\t\t<div class=\"elementor-widget-wrap elementor-element-populated\">\n\t\t\t\t\t\t<div class=\"elementor-element elementor-element-390f2af elementor-widget elementor-widget-image\" data-id=\"390f2af\" data-element_type=\"widget\" data-e-type=\"widget\" data-widget_type=\"image.default\">\n\t\t\t\t<div class=\"elementor-widget-container\">\n\t\t\t\t\t\t\t\t\t\t\t\t\t\t\t<img decoding=\"async\" width=\"399\" height=\"300\" src=\"https:\/\/tollertales.nl\/wp-content\/uploads\/2021\/08\/karakter2.gif\" class=\"attachment-large size-large wp-image-795\" alt=\"\" \/>\t\t\t\t\t\t\t\t\t\t\t\t\t\t\t<\/div>\n\t\t\t\t<\/div>\n\t\t\t\t<div class=\"elementor-element elementor-element-d8f1602 elementor-widget elementor-widget-text-editor\" data-id=\"d8f1602\" data-element_type=\"widget\" data-e-type=\"widget\" data-widget_type=\"text-editor.default\">\n\t\t\t\t<div class=\"elementor-widget-container\">\n\t\t\t\t\t\t\t\t\t<h3>De Blauwe Hond<\/strong><\/h3>\nDe\u00a0 Blauwe Hond<\/a>\u00a0is een interactief computerspel op cd-rom en ontworpen voor kinderen in de leeftijd van 3 tot 6 jaar en hun (groot)ouders. Doel van het Blauwe Hond project is kinderen en hun ouders te leren hoe ze veilig met hun hond kunnen omgaan in een thuissituatie.<\/span>\t\t\t\t\t\t\t\t<\/div>\n\t\t\t\t<\/div>\n\t\t\t\t\t<\/div>\n\t\t<\/div>\n\t\t\t\t\t<\/div>\n\t\t<\/section>\n\t\t\t\t<\/div>\n\t\t","protected":false},"excerpt":{"rendered":"<p>Het karakter De Nova Scotia Duck Tolling Retriever is gefokt als werkhond en dankt veel van zijn karaktereigenschappen juist aan het specifieke werk waarvoor hij is gefokt. In Nederland zal over het algemeen slechts van de apporterende eigenschap van de Toller op de praktische jacht gebruikt gemaakt worden. De Toller is een gepassioneerde apporteur die [&hellip;]<\/p>\n","protected":false},"author":7,"featured_media":0,"parent":0,"menu_order":0,"comment_status":"closed","ping_status":"closed","template":"elementor_header_footer","meta":{"site-sidebar-layout":"no-sidebar","site-content-layout":"page-builder","ast-site-content-layout":"default","site-content-style":"default","site-sidebar-style":"default","ast-global-header-display":"","ast-banner-title-visibility":"","ast-main-header-display":"","ast-hfb-above-header-display":"","ast-hfb-below-header-display":"","ast-hfb-mobile-header-display":"","site-post-title":"disabled","ast-breadcrumbs-content":"","ast-featured-img":"disabled","footer-sml-layout":"","ast-disable-related-posts":"","theme-transparent-header-meta":"default","adv-header-id-meta":"","stick-header-meta":"","header-above-stick-meta":"","header-main-stick-meta":"","header-below-stick-meta":"","astra-migrate-meta-layouts":"default","ast-page-background-enabled":"default","ast-page-background-meta":{"desktop":{"background-color":"var(--ast-global-color-4)","background-image":"","background-repeat":"repeat","background-position":"center center","background-size":"auto","background-attachment":"scroll","background-type":"","background-media":"","overlay-type":"","overlay-color":"","overlay-opacity":"","overlay-gradient":""},"tablet":{"background-color":"","background-image":"","background-repeat":"repeat","background-position":"center center","background-size":"auto","background-attachment":"scroll","background-type":"","background-media":"","overlay-type":"","overlay-color":"","overlay-opacity":"","overlay-gradient":""},"mobile":{"background-color":"","background-image":"","background-repeat":"repeat","background-position":"center center","background-size":"auto","background-attachment":"scroll","background-type":"","background-media":"","overlay-type":"","overlay-color":"","overlay-opacity":"","overlay-gradient":""}},"ast-content-background-meta":{"desktop":{"background-color":"var(--ast-global-color-5)","background-image":"","background-repeat":"repeat","background-position":"center center","background-size":"auto","background-attachment":"scroll","background-type":"","background-media":"","overlay-type":"","overlay-color":"","overlay-opacity":"","overlay-gradient":""},"tablet":{"background-color":"var(--ast-global-color-5)","background-image":"","background-repeat":"repeat","background-position":"center center","background-size":"auto","background-attachment":"scroll","background-type":"","background-media":"","overlay-type":"","overlay-color":"","overlay-opacity":"","overlay-gradient":""},"mobile":{"background-color":"var(--ast-global-color-5)","background-image":"","background-repeat":"repeat","background-position":"center center","background-size":"auto","background-attachment":"scroll","background-type":"","background-media":"","overlay-type":"","overlay-color":"","overlay-opacity":"","overlay-gradient":""}},"footnotes":""},"class_list":["post-1625","page","type-page","status-publish","hentry"],"_links":{"self":[{"href":"https:\/\/tollertales.nl\/index.php\/wp-json\/wp\/v2\/pages\/1625","targetHints":{"allow":["GET"]}}],"collection":[{"href":"https:\/\/tollertales.nl\/index.php\/wp-json\/wp\/v2\/pages"}],"about":[{"href":"https:\/\/tollertales.nl\/index.php\/wp-json\/wp\/v2\/types\/page"}],"author":[{"embeddable":true,"href":"https:\/\/tollertales.nl\/index.php\/wp-json\/wp\/v2\/users\/7"}],"replies":[{"embeddable":true,"href":"https:\/\/tollertales.nl\/index.php\/wp-json\/wp\/v2\/comments?post=1625"}],"version-history":[{"count":13,"href":"https:\/\/tollertales.nl\/index.php\/wp-json\/wp\/v2\/pages\/1625\/revisions"}],"predecessor-version":[{"id":12727,"href":"https:\/\/tollertales.nl\/index.php\/wp-json\/wp\/v2\/pages\/1625\/revisions\/12727"}],"wp:attachment":[{"href":"https:\/\/tollertales.nl\/index.php\/wp-json\/wp\/v2\/media?parent=1625"}],"curies":[{"name":"wp","href":"https:\/\/api.w.org\/{rel}","templated":true}]}}