{"id":1385,"date":"2021-08-16T23:22:33","date_gmt":"2021-08-16T21:22:33","guid":{"rendered":"https:\/\/tollertales.nl\/?page_id=1385"},"modified":"2023-04-07T16:33:49","modified_gmt":"2023-04-07T14:33:49","slug":"flyball","status":"publish","type":"page","link":"https:\/\/tollertales.nl\/index.php\/flyball\/","title":{"rendered":"Flyball"},"content":{"rendered":"\t\t<div data-elementor-type=\"wp-page\" data-elementor-id=\"1385\" class=\"elementor elementor-1385\" data-elementor-post-type=\"page\">\n\t\t\t\t\t\t<section class=\"elementor-section elementor-top-section elementor-element elementor-element-7e032f5 elementor-section-boxed elementor-section-height-default elementor-section-height-default\" data-id=\"7e032f5\" data-element_type=\"section\" data-e-type=\"section\" data-settings=\"{&quot;shape_divider_bottom&quot;:&quot;curve&quot;,&quot;shape_divider_bottom_negative&quot;:&quot;yes&quot;}\">\n\t\t\t\t\t\t\t<div class=\"elementor-background-overlay\"><\/div>\n\t\t\t\t\t\t<div class=\"elementor-shape elementor-shape-bottom\" aria-hidden=\"true\" data-negative=\"true\">\n\t\t\t<svg xmlns=\"http:\/\/www.w3.org\/2000\/svg\" viewBox=\"0 0 1000 100\" preserveAspectRatio=\"none\">\n\t<path class=\"elementor-shape-fill\" d=\"M500,97C126.7,96.3,0.8,19.8,0,0v100l1000,0V1C1000,19.4,873.3,97.8,500,97z\"\/>\n<\/svg>\t\t<\/div>\n\t\t\t\t\t<div class=\"elementor-container elementor-column-gap-default\">\n\t\t\t\t\t<div class=\"elementor-column elementor-col-33 elementor-top-column elementor-element elementor-element-7b030436\" data-id=\"7b030436\" data-element_type=\"column\" data-e-type=\"column\">\n\t\t\t<div class=\"elementor-widget-wrap elementor-element-populated\">\n\t\t\t\t\t\t<div class=\"elementor-element elementor-element-1b795ab9 elementor-nav-menu--dropdown-tablet elementor-nav-menu__text-align-aside elementor-nav-menu--toggle elementor-nav-menu--burger elementor-widget elementor-widget-nav-menu\" data-id=\"1b795ab9\" data-element_type=\"widget\" data-e-type=\"widget\" data-settings=\"{&quot;layout&quot;:&quot;horizontal&quot;,&quot;submenu_icon&quot;:{&quot;value&quot;:&quot;&lt;i class=\\&quot;fas fa-caret-down\\&quot; aria-hidden=\\&quot;true\\&quot;&gt;&lt;\\\/i&gt;&quot;,&quot;library&quot;:&quot;fa-solid&quot;},&quot;toggle&quot;:&quot;burger&quot;}\" data-widget_type=\"nav-menu.default\">\n\t\t\t\t<div class=\"elementor-widget-container\">\n\t\t\t\t\t\t\t\t<nav aria-label=\"Menu\" class=\"elementor-nav-menu--main elementor-nav-menu__container elementor-nav-menu--layout-horizontal e--pointer-underline e--animation-fade\">\n\t\t\t\t<ul id=\"menu-1-1b795ab9\" class=\"elementor-nav-menu\"><li class=\"menu-item menu-item-type-post_type menu-item-object-page menu-item-1334\"><a href=\"https:\/\/tollertales.nl\/index.php\/activiteiten\/\" data-ps2id-api=\"true\" class=\"elementor-item menu-link\">Activiteiten<\/a><\/li>\n<li class=\"menu-item menu-item-type-post_type menu-item-object-page menu-item-1333\"><a href=\"https:\/\/tollertales.nl\/index.php\/hondensport\/\" data-ps2id-api=\"true\" class=\"elementor-item menu-link\">Hondensport<\/a><\/li>\n<li class=\"menu-item menu-item-type-post_type menu-item-object-page menu-item-1332\"><a href=\"https:\/\/tollertales.nl\/index.php\/jacht\/\" data-ps2id-api=\"true\" class=\"elementor-item menu-link\">Jacht<\/a><\/li>\n<li class=\"menu-item menu-item-type-post_type menu-item-object-page menu-item-1331\"><a href=\"https:\/\/tollertales.nl\/index.php\/show\/\" data-ps2id-api=\"true\" class=\"elementor-item menu-link\">Show<\/a><\/li>\n<li class=\"menu-item menu-item-type-post_type menu-item-object-page menu-item-1330\"><a href=\"https:\/\/tollertales.nl\/index.php\/vrije-tijd\/\" data-ps2id-api=\"true\" class=\"elementor-item menu-link\">Vrije tijd<\/a><\/li>\n<li class=\"menu-item menu-item-type-post_type menu-item-object-page menu-item-13520\"><a href=\"https:\/\/tollertales.nl\/index.php\/inschrijven-jpc-evenement\/\" data-ps2id-api=\"true\" class=\"elementor-item menu-link\">Inschrijven JPC<\/a><\/li>\n<\/ul>\t\t\t<\/nav>\n\t\t\t\t\t<div class=\"elementor-menu-toggle\" role=\"button\" tabindex=\"0\" aria-label=\"Menu toggle\" aria-expanded=\"false\">\n\t\t\t<i aria-hidden=\"true\" role=\"presentation\" class=\"elementor-menu-toggle__icon--open eicon-menu-bar\"><\/i><i aria-hidden=\"true\" role=\"presentation\" class=\"elementor-menu-toggle__icon--close eicon-close\"><\/i>\t\t<\/div>\n\t\t\t\t\t<nav class=\"elementor-nav-menu--dropdown elementor-nav-menu__container\" aria-hidden=\"true\">\n\t\t\t\t<ul id=\"menu-2-1b795ab9\" class=\"elementor-nav-menu\"><li class=\"menu-item menu-item-type-post_type menu-item-object-page menu-item-1334\"><a href=\"https:\/\/tollertales.nl\/index.php\/activiteiten\/\" data-ps2id-api=\"true\" class=\"elementor-item menu-link\" tabindex=\"-1\">Activiteiten<\/a><\/li>\n<li class=\"menu-item menu-item-type-post_type menu-item-object-page menu-item-1333\"><a href=\"https:\/\/tollertales.nl\/index.php\/hondensport\/\" data-ps2id-api=\"true\" class=\"elementor-item menu-link\" tabindex=\"-1\">Hondensport<\/a><\/li>\n<li class=\"menu-item menu-item-type-post_type menu-item-object-page menu-item-1332\"><a href=\"https:\/\/tollertales.nl\/index.php\/jacht\/\" data-ps2id-api=\"true\" class=\"elementor-item menu-link\" tabindex=\"-1\">Jacht<\/a><\/li>\n<li class=\"menu-item menu-item-type-post_type menu-item-object-page menu-item-1331\"><a href=\"https:\/\/tollertales.nl\/index.php\/show\/\" data-ps2id-api=\"true\" class=\"elementor-item menu-link\" tabindex=\"-1\">Show<\/a><\/li>\n<li class=\"menu-item menu-item-type-post_type menu-item-object-page menu-item-1330\"><a href=\"https:\/\/tollertales.nl\/index.php\/vrije-tijd\/\" data-ps2id-api=\"true\" class=\"elementor-item menu-link\" tabindex=\"-1\">Vrije tijd<\/a><\/li>\n<li class=\"menu-item menu-item-type-post_type menu-item-object-page menu-item-13520\"><a href=\"https:\/\/tollertales.nl\/index.php\/inschrijven-jpc-evenement\/\" data-ps2id-api=\"true\" class=\"elementor-item menu-link\" tabindex=\"-1\">Inschrijven JPC<\/a><\/li>\n<\/ul>\t\t\t<\/nav>\n\t\t\t\t\t\t<\/div>\n\t\t\t\t<\/div>\n\t\t\t\t\t<\/div>\n\t\t<\/div>\n\t\t\t\t<div class=\"elementor-column elementor-col-33 elementor-top-column elementor-element elementor-element-49c1476d\" data-id=\"49c1476d\" data-element_type=\"column\" data-e-type=\"column\">\n\t\t\t<div class=\"elementor-widget-wrap elementor-element-populated\">\n\t\t\t\t\t\t<div class=\"elementor-element elementor-element-a28014a elementor-invisible elementor-widget elementor-widget-image\" data-id=\"a28014a\" data-element_type=\"widget\" data-e-type=\"widget\" data-settings=\"{&quot;_animation&quot;:&quot;zoomIn&quot;}\" data-widget_type=\"image.default\">\n\t\t\t\t<div class=\"elementor-widget-container\">\n\t\t\t\t\t\t\t\t\t\t\t\t\t\t\t<img fetchpriority=\"high\" decoding=\"async\" width=\"732\" height=\"210\" src=\"https:\/\/tollertales.nl\/wp-content\/uploads\/2021\/08\/flyball-e1629149794767.png\" class=\"attachment-large size-large wp-image-723\" alt=\"\" \/>\t\t\t\t\t\t\t\t\t\t\t\t\t\t\t<\/div>\n\t\t\t\t<\/div>\n\t\t\t\t\t<\/div>\n\t\t<\/div>\n\t\t\t\t<div class=\"elementor-column elementor-col-33 elementor-top-column elementor-element elementor-element-56141e89\" data-id=\"56141e89\" data-element_type=\"column\" data-e-type=\"column\">\n\t\t\t<div class=\"elementor-widget-wrap\">\n\t\t\t\t\t\t\t<\/div>\n\t\t<\/div>\n\t\t\t\t\t<\/div>\n\t\t<\/section>\n\t\t\t\t<section class=\"elementor-section elementor-top-section elementor-element elementor-element-b983ab6 elementor-section-boxed elementor-section-height-default elementor-section-height-default\" data-id=\"b983ab6\" data-element_type=\"section\" data-e-type=\"section\">\n\t\t\t\t\t\t<div class=\"elementor-container elementor-column-gap-default\">\n\t\t\t\t\t<div class=\"elementor-column elementor-col-100 elementor-top-column elementor-element elementor-element-62c9c81\" data-id=\"62c9c81\" data-element_type=\"column\" data-e-type=\"column\">\n\t\t\t<div class=\"elementor-widget-wrap elementor-element-populated\">\n\t\t\t\t\t\t<div class=\"elementor-element elementor-element-dd1e7a0 elementor-widget elementor-widget-text-editor\" data-id=\"dd1e7a0\" data-element_type=\"widget\" data-e-type=\"widget\" data-widget_type=\"text-editor.default\">\n\t\t\t\t<div class=\"elementor-widget-container\">\n\t\t\t\t\t\t\t\t\t<h3>Flyball&nbsp;<\/h3>\n<p>De sport Flyball is een van de weinige echte teamsporten binnen de hondensport. Het team is ook echt een team waarbij 6 handlers met 6 honden, een coach en een ballader het opnemen tegen andere teams in een wedstrijd vol hondenplezier, snelheid en een zekere mate van tactiek.<\/p>\n<p>De twee teams bestaan uit minimaal 6 honden waarbij per wedstrijd 4 honden worden ingezet. In Nederland mogen niet meer dan 2 honden van hetzelfde ras zijn (in tegenstelling tot andere ons omringende landen, waarbij teams wel mogen bestaan uit honden van hetzelfde ras). Het is de bedoeling dat er tweemaal een race gelopen wordt.<\/p>\n<p>De teams kunnen per race 4 van de 6 honden inzetten die binnen 60 seconden zo snel mogelijk een baan van 4 hindernissen en een ballenbak foutloos aflopen. Tijdens de wedstrijd moeten de honden \u00e9\u00e9n voor \u00e9\u00e9n over 4 hindernissen heen naar het flyball apparaat rennen, de bal zien te krijgen door met hun poot op de voet pedaal te stappen, en weer met de bal terug rennen over de vier hindernissen heen.<\/p>\n<p>De honden zullen dus \u00e9\u00e9n voor \u00e9\u00e9n een bal gaan halen uit het apparaat. Wanneer een hond terug keert bij de groep zal hij worden opgevangen en wordt de volgende hond uitgestuurd. Maakt de hond een fout (bijvoorbeeld een weigering of het laten vallen van de bal) dan moet de hond weer achter aan sluiten en nogmaals het parcours rennen.<\/p>\n<h3>Raad van Beheer<\/h3>\n<p>De Raad van Beheer is de organisatie van activiteiten op het gebied van o.a. Agility \/ Behendigheid en Flyball.<\/p>\n<p>Flyball is een door de F.C.I., erkende sport. De Raad van Beheer leidt voor Flyball de juryleden en de scheidsrechters op. De regels en procedures worden ingesteld door een speciale werkgroep Flyball. Per jaar worden ca. 10 competitiewedstrijden gehouden.<\/p>\n<p>Voor de Raad van Beheer Flyball reglementen&nbsp;<a href=\"https:\/\/www.houdenvanhonden.nl\/globalassets\/regelgeving\/sporten\/flyball\/20200220-raad-van-beheer-reglement-flyball-2020.pdf\" target=\"_blank\">klik hier<\/a><br><span style=\"font-style: inherit; font-weight: inherit; color: var( --e-global-color-text ); font-family: var( --e-global-typography-text-font-family ), Sans-serif; letter-spacing: var( --e-global-typography-text-letter-spacing );\">Voor Flyball wedstrijden&nbsp;<\/span><a href=\"https:\/\/www.houdenvanhonden.nl\/activiteitenagenda\/?activityTypeFilter=FlyballMatches\" target=\"_blank\" style=\"letter-spacing: 0px; background-color: rgb(255, 251, 246);\">klik hier<\/a><\/p>\t\t\t\t\t\t\t\t<\/div>\n\t\t\t\t<\/div>\n\t\t\t\t\t<\/div>\n\t\t<\/div>\n\t\t\t\t\t<\/div>\n\t\t<\/section>\n\t\t\t\t<\/div>\n\t\t","protected":false},"excerpt":{"rendered":"<p>Flyball&nbsp; De sport Flyball is een van de weinige echte teamsporten binnen de hondensport. Het team is ook echt een team waarbij 6 handlers met 6 honden, een coach en een ballader het opnemen tegen andere teams in een wedstrijd vol hondenplezier, snelheid en een zekere mate van tactiek. De twee teams bestaan uit minimaal [&hellip;]<\/p>\n","protected":false},"author":7,"featured_media":0,"parent":0,"menu_order":0,"comment_status":"closed","ping_status":"closed","template":"elementor_header_footer","meta":{"site-sidebar-layout":"no-sidebar","site-content-layout":"page-builder","ast-site-content-layout":"default","site-content-style":"default","site-sidebar-style":"default","ast-global-header-display":"","ast-banner-title-visibility":"","ast-main-header-display":"","ast-hfb-above-header-display":"","ast-hfb-below-header-display":"","ast-hfb-mobile-header-display":"","site-post-title":"disabled","ast-breadcrumbs-content":"","ast-featured-img":"disabled","footer-sml-layout":"","ast-disable-related-posts":"","theme-transparent-header-meta":"default","adv-header-id-meta":"","stick-header-meta":"","header-above-stick-meta":"","header-main-stick-meta":"","header-below-stick-meta":"","astra-migrate-meta-layouts":"default","ast-page-background-enabled":"default","ast-page-background-meta":{"desktop":{"background-color":"var(--ast-global-color-4)","background-image":"","background-repeat":"repeat","background-position":"center center","background-size":"auto","background-attachment":"scroll","background-type":"","background-media":"","overlay-type":"","overlay-color":"","overlay-opacity":"","overlay-gradient":""},"tablet":{"background-color":"","background-image":"","background-repeat":"repeat","background-position":"center center","background-size":"auto","background-attachment":"scroll","background-type":"","background-media":"","overlay-type":"","overlay-color":"","overlay-opacity":"","overlay-gradient":""},"mobile":{"background-color":"","background-image":"","background-repeat":"repeat","background-position":"center center","background-size":"auto","background-attachment":"scroll","background-type":"","background-media":"","overlay-type":"","overlay-color":"","overlay-opacity":"","overlay-gradient":""}},"ast-content-background-meta":{"desktop":{"background-color":"var(--ast-global-color-5)","background-image":"","background-repeat":"repeat","background-position":"center center","background-size":"auto","background-attachment":"scroll","background-type":"","background-media":"","overlay-type":"","overlay-color":"","overlay-opacity":"","overlay-gradient":""},"tablet":{"background-color":"var(--ast-global-color-5)","background-image":"","background-repeat":"repeat","background-position":"center center","background-size":"auto","background-attachment":"scroll","background-type":"","background-media":"","overlay-type":"","overlay-color":"","overlay-opacity":"","overlay-gradient":""},"mobile":{"background-color":"var(--ast-global-color-5)","background-image":"","background-repeat":"repeat","background-position":"center center","background-size":"auto","background-attachment":"scroll","background-type":"","background-media":"","overlay-type":"","overlay-color":"","overlay-opacity":"","overlay-gradient":""}},"footnotes":""},"class_list":["post-1385","page","type-page","status-publish","hentry"],"_links":{"self":[{"href":"https:\/\/tollertales.nl\/index.php\/wp-json\/wp\/v2\/pages\/1385","targetHints":{"allow":["GET"]}}],"collection":[{"href":"https:\/\/tollertales.nl\/index.php\/wp-json\/wp\/v2\/pages"}],"about":[{"href":"https:\/\/tollertales.nl\/index.php\/wp-json\/wp\/v2\/types\/page"}],"author":[{"embeddable":true,"href":"https:\/\/tollertales.nl\/index.php\/wp-json\/wp\/v2\/users\/7"}],"replies":[{"embeddable":true,"href":"https:\/\/tollertales.nl\/index.php\/wp-json\/wp\/v2\/comments?post=1385"}],"version-history":[{"count":22,"href":"https:\/\/tollertales.nl\/index.php\/wp-json\/wp\/v2\/pages\/1385\/revisions"}],"predecessor-version":[{"id":12463,"href":"https:\/\/tollertales.nl\/index.php\/wp-json\/wp\/v2\/pages\/1385\/revisions\/12463"}],"wp:attachment":[{"href":"https:\/\/tollertales.nl\/index.php\/wp-json\/wp\/v2\/media?parent=1385"}],"curies":[{"name":"wp","href":"https:\/\/api.w.org\/{rel}","templated":true}]}}