{"id":13491,"date":"2023-06-17T15:22:03","date_gmt":"2023-06-17T13:22:03","guid":{"rendered":"https:\/\/tollertales.nl\/?page_id=13491"},"modified":"2026-03-31T12:06:33","modified_gmt":"2026-03-31T10:06:33","slug":"inschrijven-jpc-evenement","status":"publish","type":"page","link":"https:\/\/tollertales.nl\/index.php\/inschrijven-jpc-evenement\/","title":{"rendered":"Inschrijven JPC Evenement"},"content":{"rendered":"\t\t<div data-elementor-type=\"wp-page\" data-elementor-id=\"13491\" class=\"elementor elementor-13491\" data-elementor-post-type=\"page\">\n\t\t\t\t\t\t<section class=\"elementor-section elementor-top-section elementor-element elementor-element-5d5cd83 elementor-section-boxed elementor-section-height-default elementor-section-height-default\" data-id=\"5d5cd83\" data-element_type=\"section\" data-e-type=\"section\">\n\t\t\t\t\t\t<div class=\"elementor-container elementor-column-gap-default\">\n\t\t\t\t\t<div class=\"elementor-column elementor-col-100 elementor-top-column elementor-element elementor-element-990f26c\" data-id=\"990f26c\" data-element_type=\"column\" data-e-type=\"column\">\n\t\t\t<div class=\"elementor-widget-wrap elementor-element-populated\">\n\t\t\t\t\t\t<div class=\"elementor-element elementor-element-7dbbcba elementor-widget elementor-widget-spacer\" data-id=\"7dbbcba\" data-element_type=\"widget\" data-e-type=\"widget\" data-widget_type=\"spacer.default\">\n\t\t\t\t<div class=\"elementor-widget-container\">\n\t\t\t\t\t\t\t<div class=\"elementor-spacer\">\n\t\t\t<div class=\"elementor-spacer-inner\"><\/div>\n\t\t<\/div>\n\t\t\t\t\t\t<\/div>\n\t\t\t\t<\/div>\n\t\t\t\t<div class=\"elementor-element elementor-element-5eec71b elementor-widget elementor-widget-button\" data-id=\"5eec71b\" data-element_type=\"widget\" data-e-type=\"widget\" data-widget_type=\"button.default\">\n\t\t\t\t<div class=\"elementor-widget-container\">\n\t\t\t\t\t\t\t\t\t<div class=\"elementor-button-wrapper\">\n\t\t\t\t\t<a class=\"elementor-button elementor-button-link elementor-size-md\" href=\"https:\/\/nsdtrcn.exclusief.net\/\">\n\t\t\t\t\t\t<span class=\"elementor-button-content-wrapper\">\n\t\t\t\t\t\t\t\t\t<span class=\"elementor-button-text\">naar inschrijfprogramma<\/span>\n\t\t\t\t\t<\/span>\n\t\t\t\t\t<\/a>\n\t\t\t\t<\/div>\n\t\t\t\t\t\t\t\t<\/div>\n\t\t\t\t<\/div>\n\t\t\t\t<div class=\"elementor-element elementor-element-c2d3aef elementor-widget elementor-widget-text-editor\" data-id=\"c2d3aef\" data-element_type=\"widget\" data-e-type=\"widget\" data-widget_type=\"text-editor.default\">\n\t\t\t\t<div class=\"elementor-widget-container\">\n\t\t\t\t\t\t\t\t\t<h3><strong>INSCHRIJVEN JPC evenement<\/strong><\/h3><p>Wil je inschrijven voor een jachtwedstrijd georganiseerd door de NSDTRCN?<br \/><em>(voor show of andere activiteit geldt dit niet)<\/em><\/p><p>Dat kan via het NSDTRCN Inschrijfsysteem en gaat als volgt:<\/p><p><em>Let op: op iPad of iPhone werkt het inschrijfsysteem niet in combinatie met Safari. Aangeraden wordt om een andere browser te gebruiken of anders via de computer in te loggen.<\/em><\/p><p><strong>Stap 0; de belangrijkste stap: <span style=\"text-decoration: underline;\">lees eerst de <a href=\"https:\/\/tollertales.nl\/wp-content\/uploads\/2024\/07\/Toelichting-stappen-inschrijven-online-systeem_NSDTRCN-JPC.pdf\" target=\"_blank\" rel=\"noopener\">toelichting<\/a> helemaal.<\/span> <br \/>\u00a0\u00a0\u00a0\u00a0\u00a0\u00a0\u00a0\u00a0\u00a0\u00a0\u00a0\u00a0 En pak de stamboom erbij om fouten te voorkomen \u00e9n controleer de gegevens goed!<\/strong><\/p><p>Klik dan op de button <em>&#8216;naar inschrijfprogramma&#8217; <\/em>om naar het inschrijfprogramma te gaan.<\/p><p>Stap 1. Heb je nog geen account? Maak er dan eerst \u00e9\u00e9n aan via de link \u2018Account aanmaken\u2019.<\/p><p><strong>Stap 2. Je ontvangt vervolgens een activeringslink op het emailadres dat je gebruikt hebt om het account aan te maken. <br \/>\u00a0\u00a0\u00a0\u00a0\u00a0\u00a0\u00a0\u00a0\u00a0\u00a0\u00a0\u00a0 Klik eerst op deze link om je account te activeren, daarna kun je pas verder.<\/strong><\/p><p>Stap 3. Zorg dat je van stamboom, registratiebewijs en eventuele diploma\u2019s van je hond(en) een pdf-of fotobestand hebt van maximaal 2MB per document.<\/p><p>Stap 4. Log vervolgens in en vul je account aan met gegevens over jezelf, je lidmaatschap, je hond(en) en voor jachtwedstrijden ook de voorjager(s).<\/p><p>Stap 5. Schrijf je in voor een activiteit die openstaat voor inschrijving.<\/p><p>Stap 6. Betaal het inschrijfgeld via iDeal of Bancontact (Belgi\u00eb) of SEPA (Duitsland). Je ontvangt een bevestiging van je inschrijving per mail.<br \/>Let op: Indien je niet betaald dan word je inschrijving automatisch uit het systeem verwijderd.<\/p><p>Voor een korte toelichting op bovengenoemde stappen <a href=\"https:\/\/tollertales.nl\/wp-content\/uploads\/2024\/07\/Toelichting-stappen-inschrijven-online-systeem_NSDTRCN-JPC.pdf\" target=\"_blank\" rel=\"noopener\">klik hier<\/a><\/p><p><em>Note: indien voorjager niet de eigenaar is: <a href=\"https:\/\/tollertales.nl\/wp-content\/uploads\/2024\/01\/Toestemmingsverklaring-Jachthondenproeven-NSDTRCN.docx\" target=\"_blank\" rel=\"noopener\">toestemmingsverklaring verwerking persoonsgegevens<\/a> niet vergeten in te vullen en als .pdf te uploaden in je account!<\/em><\/p><p>Vragen? Mail naar <a href=\"mailto:jpc@tollertales.nl\" target=\"_blank\" rel=\"noopener\">jpc@tollertales.nl<\/a><\/p><p><a href=\"https:\/\/tollertales.nl\/wp-content\/uploads\/2026\/03\/NSDTRCN-JPC-Reglement_update-07102025.pdf\" target=\"_blank\" rel=\"noopener\">JPC Reglement<\/a><\/p><h3>Annuleringen<\/h3><p>Het is mogelijk dat een eerder gedane inschrijving wordt geannuleerd. Wij hanteren daarbij de volgende procedure: <br \/>* Annuleringen v\u00f3\u00f3r de sluitingsdatum, indien reeds betaald: inschrijfgeld (minus administratiekosten) retour.<br \/>* Annuleringen n\u00e1 de sluitingsdatum ontvangen inschrijfgeld (minus administratiekosten) retour, alleen als een reservekandidaat mee kan doen.<br \/>* Annuleringen n\u00e1 sluitingsdatum &#8211; welke reden dan ook &#8211; zonder dat er een reserve voor in de plaats komt: g\u00e9\u00e9n inschrijfgeld\u00a0retour.<\/p>\t\t\t\t\t\t\t\t<\/div>\n\t\t\t\t<\/div>\n\t\t\t\t<div class=\"elementor-element elementor-element-dc8cebf elementor-widget elementor-widget-button\" data-id=\"dc8cebf\" data-element_type=\"widget\" data-e-type=\"widget\" data-widget_type=\"button.default\">\n\t\t\t\t<div class=\"elementor-widget-container\">\n\t\t\t\t\t\t\t\t\t<div class=\"elementor-button-wrapper\">\n\t\t\t\t\t<a class=\"elementor-button elementor-button-link elementor-size-md\" href=\"https:\/\/nsdtrcn.exclusief.net\/\">\n\t\t\t\t\t\t<span class=\"elementor-button-content-wrapper\">\n\t\t\t\t\t\t\t\t\t<span class=\"elementor-button-text\">naar inschrijfprogramma<\/span>\n\t\t\t\t\t<\/span>\n\t\t\t\t\t<\/a>\n\t\t\t\t<\/div>\n\t\t\t\t\t\t\t\t<\/div>\n\t\t\t\t<\/div>\n\t\t\t\t\t<\/div>\n\t\t<\/div>\n\t\t\t\t\t<\/div>\n\t\t<\/section>\n\t\t\t\t<section class=\"elementor-section elementor-top-section elementor-element elementor-element-ae976be elementor-section-boxed elementor-section-height-default elementor-section-height-default\" data-id=\"ae976be\" data-element_type=\"section\" data-e-type=\"section\">\n\t\t\t\t\t\t<div class=\"elementor-container elementor-column-gap-default\">\n\t\t\t\t\t<div class=\"elementor-column elementor-col-100 elementor-top-column elementor-element elementor-element-2cb6e5f\" data-id=\"2cb6e5f\" data-element_type=\"column\" data-e-type=\"column\">\n\t\t\t<div class=\"elementor-widget-wrap elementor-element-populated\">\n\t\t\t\t\t\t<div class=\"elementor-element elementor-element-a4ee2ad elementor-widget elementor-widget-image\" data-id=\"a4ee2ad\" data-element_type=\"widget\" data-e-type=\"widget\" data-widget_type=\"image.default\">\n\t\t\t\t<div class=\"elementor-widget-container\">\n\t\t\t\t\t\t\t\t\t\t\t\t\t\t\t<img fetchpriority=\"high\" decoding=\"async\" width=\"768\" height=\"544\" src=\"https:\/\/tollertales.nl\/wp-content\/uploads\/2023\/06\/Stamboom-RvB-1-768x544.png\" class=\"attachment-medium_large size-medium_large wp-image-13493\" alt=\"\" srcset=\"https:\/\/tollertales.nl\/wp-content\/uploads\/2023\/06\/Stamboom-RvB-1-768x544.png 768w, https:\/\/tollertales.nl\/wp-content\/uploads\/2023\/06\/Stamboom-RvB-1-300x212.png 300w, https:\/\/tollertales.nl\/wp-content\/uploads\/2023\/06\/Stamboom-RvB-1.png 1024w\" sizes=\"(max-width: 768px) 100vw, 768px\" \/>\t\t\t\t\t\t\t\t\t\t\t\t\t\t\t<\/div>\n\t\t\t\t<\/div>\n\t\t\t\t\t<\/div>\n\t\t<\/div>\n\t\t\t\t\t<\/div>\n\t\t<\/section>\n\t\t\t\t<section class=\"elementor-section elementor-top-section elementor-element elementor-element-bfdccbc elementor-section-boxed elementor-section-height-default elementor-section-height-default\" data-id=\"bfdccbc\" data-element_type=\"section\" data-e-type=\"section\">\n\t\t\t\t\t\t<div class=\"elementor-container elementor-column-gap-default\">\n\t\t\t\t\t<div class=\"elementor-column elementor-col-100 elementor-top-column elementor-element elementor-element-ed5622f\" data-id=\"ed5622f\" data-element_type=\"column\" data-e-type=\"column\">\n\t\t\t<div class=\"elementor-widget-wrap elementor-element-populated\">\n\t\t\t\t\t\t<div class=\"elementor-element elementor-element-1620c69 elementor-widget elementor-widget-image\" data-id=\"1620c69\" data-element_type=\"widget\" data-e-type=\"widget\" data-widget_type=\"image.default\">\n\t\t\t\t<div class=\"elementor-widget-container\">\n\t\t\t\t\t\t\t\t\t\t\t\t\t\t\t<img decoding=\"async\" width=\"768\" height=\"466\" src=\"https:\/\/tollertales.nl\/wp-content\/uploads\/2023\/06\/Stamboom-RvB-2-768x466.jpg\" class=\"attachment-medium_large size-medium_large wp-image-13494\" alt=\"\" srcset=\"https:\/\/tollertales.nl\/wp-content\/uploads\/2023\/06\/Stamboom-RvB-2-768x466.jpg 768w, https:\/\/tollertales.nl\/wp-content\/uploads\/2023\/06\/Stamboom-RvB-2-300x182.jpg 300w, https:\/\/tollertales.nl\/wp-content\/uploads\/2023\/06\/Stamboom-RvB-2-1024x621.jpg 1024w, https:\/\/tollertales.nl\/wp-content\/uploads\/2023\/06\/Stamboom-RvB-2.jpg 1287w\" sizes=\"(max-width: 768px) 100vw, 768px\" \/>\t\t\t\t\t\t\t\t\t\t\t\t\t\t\t<\/div>\n\t\t\t\t<\/div>\n\t\t\t\t<div class=\"elementor-element elementor-element-022138b elementor-widget elementor-widget-button\" data-id=\"022138b\" data-element_type=\"widget\" data-e-type=\"widget\" data-widget_type=\"button.default\">\n\t\t\t\t<div class=\"elementor-widget-container\">\n\t\t\t\t\t\t\t\t\t<div class=\"elementor-button-wrapper\">\n\t\t\t\t\t<a class=\"elementor-button elementor-button-link elementor-size-md\" href=\"https:\/\/nsdtrcn.exclusief.net\/\">\n\t\t\t\t\t\t<span class=\"elementor-button-content-wrapper\">\n\t\t\t\t\t\t\t\t\t<span class=\"elementor-button-text\">&gt; naar inschrijfprogramma<\/span>\n\t\t\t\t\t<\/span>\n\t\t\t\t\t<\/a>\n\t\t\t\t<\/div>\n\t\t\t\t\t\t\t\t<\/div>\n\t\t\t\t<\/div>\n\t\t\t\t\t<\/div>\n\t\t<\/div>\n\t\t\t\t\t<\/div>\n\t\t<\/section>\n\t\t\t\t<\/div>\n\t\t","protected":false},"excerpt":{"rendered":"<p>naar inschrijfprogramma INSCHRIJVEN JPC evenement Wil je inschrijven voor een jachtwedstrijd georganiseerd door de NSDTRCN?(voor show of andere activiteit geldt dit niet) Dat kan via het NSDTRCN Inschrijfsysteem en gaat als volgt: Let op: op iPad of iPhone werkt het inschrijfsysteem niet in combinatie met Safari. Aangeraden wordt om een andere browser te gebruiken of [&hellip;]<\/p>\n","protected":false},"author":7,"featured_media":0,"parent":0,"menu_order":0,"comment_status":"closed","ping_status":"closed","template":"","meta":{"site-sidebar-layout":"no-sidebar","site-content-layout":"page-builder","ast-site-content-layout":"default","site-content-style":"default","site-sidebar-style":"default","ast-global-header-display":"","ast-banner-title-visibility":"","ast-main-header-display":"","ast-hfb-above-header-display":"","ast-hfb-below-header-display":"","ast-hfb-mobile-header-display":"","site-post-title":"disabled","ast-breadcrumbs-content":"","ast-featured-img":"disabled","footer-sml-layout":"","ast-disable-related-posts":"","theme-transparent-header-meta":"","adv-header-id-meta":"","stick-header-meta":"","header-above-stick-meta":"","header-main-stick-meta":"","header-below-stick-meta":"","astra-migrate-meta-layouts":"default","ast-page-background-enabled":"default","ast-page-background-meta":{"desktop":{"background-color":"var(--ast-global-color-4)","background-image":"","background-repeat":"repeat","background-position":"center center","background-size":"auto","background-attachment":"scroll","background-type":"","background-media":"","overlay-type":"","overlay-color":"","overlay-opacity":"","overlay-gradient":""},"tablet":{"background-color":"","background-image":"","background-repeat":"repeat","background-position":"center center","background-size":"auto","background-attachment":"scroll","background-type":"","background-media":"","overlay-type":"","overlay-color":"","overlay-opacity":"","overlay-gradient":""},"mobile":{"background-color":"","background-image":"","background-repeat":"repeat","background-position":"center center","background-size":"auto","background-attachment":"scroll","background-type":"","background-media":"","overlay-type":"","overlay-color":"","overlay-opacity":"","overlay-gradient":""}},"ast-content-background-meta":{"desktop":{"background-color":"var(--ast-global-color-5)","background-image":"","background-repeat":"repeat","background-position":"center center","background-size":"auto","background-attachment":"scroll","background-type":"","background-media":"","overlay-type":"","overlay-color":"","overlay-opacity":"","overlay-gradient":""},"tablet":{"background-color":"var(--ast-global-color-5)","background-image":"","background-repeat":"repeat","background-position":"center center","background-size":"auto","background-attachment":"scroll","background-type":"","background-media":"","overlay-type":"","overlay-color":"","overlay-opacity":"","overlay-gradient":""},"mobile":{"background-color":"var(--ast-global-color-5)","background-image":"","background-repeat":"repeat","background-position":"center center","background-size":"auto","background-attachment":"scroll","background-type":"","background-media":"","overlay-type":"","overlay-color":"","overlay-opacity":"","overlay-gradient":""}},"footnotes":""},"class_list":["post-13491","page","type-page","status-publish","hentry"],"_links":{"self":[{"href":"https:\/\/tollertales.nl\/index.php\/wp-json\/wp\/v2\/pages\/13491","targetHints":{"allow":["GET"]}}],"collection":[{"href":"https:\/\/tollertales.nl\/index.php\/wp-json\/wp\/v2\/pages"}],"about":[{"href":"https:\/\/tollertales.nl\/index.php\/wp-json\/wp\/v2\/types\/page"}],"author":[{"embeddable":true,"href":"https:\/\/tollertales.nl\/index.php\/wp-json\/wp\/v2\/users\/7"}],"replies":[{"embeddable":true,"href":"https:\/\/tollertales.nl\/index.php\/wp-json\/wp\/v2\/comments?post=13491"}],"version-history":[{"count":112,"href":"https:\/\/tollertales.nl\/index.php\/wp-json\/wp\/v2\/pages\/13491\/revisions"}],"predecessor-version":[{"id":19801,"href":"https:\/\/tollertales.nl\/index.php\/wp-json\/wp\/v2\/pages\/13491\/revisions\/19801"}],"wp:attachment":[{"href":"https:\/\/tollertales.nl\/index.php\/wp-json\/wp\/v2\/media?parent=13491"}],"curies":[{"name":"wp","href":"https:\/\/api.w.org\/{rel}","templated":true}]}}