{"id":10332,"date":"2022-12-21T12:43:05","date_gmt":"2022-12-21T11:43:05","guid":{"rendered":"https:\/\/tollertales.nl\/?page_id=10332"},"modified":"2026-03-10T08:20:34","modified_gmt":"2026-03-10T07:20:34","slug":"dna-testen","status":"publish","type":"page","link":"https:\/\/tollertales.nl\/index.php\/dna-testen\/","title":{"rendered":"DNA testen"},"content":{"rendered":"\t\t<div data-elementor-type=\"wp-page\" data-elementor-id=\"10332\" class=\"elementor elementor-10332\" data-elementor-post-type=\"page\">\n\t\t\t\t\t\t<section class=\"elementor-section elementor-top-section elementor-element elementor-element-4639736c elementor-section-boxed elementor-section-height-default elementor-section-height-default\" data-id=\"4639736c\" data-element_type=\"section\" data-e-type=\"section\" data-settings=\"{&quot;shape_divider_bottom&quot;:&quot;curve&quot;,&quot;shape_divider_bottom_negative&quot;:&quot;yes&quot;}\">\n\t\t\t\t\t\t\t<div class=\"elementor-background-overlay\"><\/div>\n\t\t\t\t\t\t<div class=\"elementor-shape elementor-shape-bottom\" aria-hidden=\"true\" data-negative=\"true\">\n\t\t\t<svg xmlns=\"http:\/\/www.w3.org\/2000\/svg\" viewBox=\"0 0 1000 100\" preserveAspectRatio=\"none\">\n\t<path class=\"elementor-shape-fill\" d=\"M500,97C126.7,96.3,0.8,19.8,0,0v100l1000,0V1C1000,19.4,873.3,97.8,500,97z\"\/>\n<\/svg>\t\t<\/div>\n\t\t\t\t\t<div class=\"elementor-container elementor-column-gap-default\">\n\t\t\t\t\t<div class=\"elementor-column elementor-col-33 elementor-top-column elementor-element elementor-element-73199f29\" data-id=\"73199f29\" data-element_type=\"column\" data-e-type=\"column\">\n\t\t\t<div class=\"elementor-widget-wrap elementor-element-populated\">\n\t\t\t\t\t\t<div class=\"elementor-element elementor-element-6700023b elementor-nav-menu--dropdown-tablet elementor-nav-menu__text-align-aside elementor-nav-menu--toggle elementor-nav-menu--burger elementor-widget elementor-widget-nav-menu\" data-id=\"6700023b\" data-element_type=\"widget\" data-e-type=\"widget\" data-settings=\"{&quot;layout&quot;:&quot;horizontal&quot;,&quot;submenu_icon&quot;:{&quot;value&quot;:&quot;&lt;i class=\\&quot;fas fa-caret-down\\&quot; aria-hidden=\\&quot;true\\&quot;&gt;&lt;\\\/i&gt;&quot;,&quot;library&quot;:&quot;fa-solid&quot;},&quot;toggle&quot;:&quot;burger&quot;}\" data-widget_type=\"nav-menu.default\">\n\t\t\t\t<div class=\"elementor-widget-container\">\n\t\t\t\t\t\t\t\t<nav aria-label=\"Menu\" class=\"elementor-nav-menu--main elementor-nav-menu__container elementor-nav-menu--layout-horizontal e--pointer-underline e--animation-fade\">\n\t\t\t\t<ul id=\"menu-1-6700023b\" class=\"elementor-nav-menu\"><li class=\"menu-item menu-item-type-post_type menu-item-object-page menu-item-1980\"><a href=\"https:\/\/tollertales.nl\/index.php\/gezondheid\/\" data-ps2id-api=\"true\" class=\"elementor-item menu-link\">Gezondheid<\/a><\/li>\n<li class=\"menu-item menu-item-type-post_type menu-item-object-page menu-item-1979\"><a href=\"https:\/\/tollertales.nl\/index.php\/algemeen\/\" data-ps2id-api=\"true\" class=\"elementor-item menu-link\">Algemeen<\/a><\/li>\n<li class=\"menu-item menu-item-type-post_type menu-item-object-page menu-item-6036\"><a href=\"https:\/\/tollertales.nl\/index.php\/ziekten\/\" data-ps2id-api=\"true\" class=\"elementor-item menu-link\">Ziekten<\/a><\/li>\n<li class=\"menu-item menu-item-type-post_type menu-item-object-page menu-item-1977\"><a href=\"https:\/\/tollertales.nl\/index.php\/vergiftigingen\/\" data-ps2id-api=\"true\" class=\"elementor-item menu-link\">Vergiftigingen<\/a><\/li>\n<li class=\"menu-item menu-item-type-post_type menu-item-object-page menu-item-6616\"><a href=\"https:\/\/tollertales.nl\/index.php\/informatie-onderzoeken\/\" data-ps2id-api=\"true\" class=\"elementor-item menu-link\">Informatie<\/a><\/li>\n<li class=\"menu-item menu-item-type-post_type menu-item-object-page menu-item-1975\"><a href=\"https:\/\/tollertales.nl\/index.php\/uitslagen\/\" data-ps2id-api=\"true\" class=\"elementor-item menu-link\">Uitslagen<\/a><\/li>\n<\/ul>\t\t\t<\/nav>\n\t\t\t\t\t<div class=\"elementor-menu-toggle\" role=\"button\" tabindex=\"0\" aria-label=\"Menu toggle\" aria-expanded=\"false\">\n\t\t\t<i aria-hidden=\"true\" role=\"presentation\" class=\"elementor-menu-toggle__icon--open eicon-menu-bar\"><\/i><i aria-hidden=\"true\" role=\"presentation\" class=\"elementor-menu-toggle__icon--close eicon-close\"><\/i>\t\t<\/div>\n\t\t\t\t\t<nav class=\"elementor-nav-menu--dropdown elementor-nav-menu__container\" aria-hidden=\"true\">\n\t\t\t\t<ul id=\"menu-2-6700023b\" class=\"elementor-nav-menu\"><li class=\"menu-item menu-item-type-post_type menu-item-object-page menu-item-1980\"><a href=\"https:\/\/tollertales.nl\/index.php\/gezondheid\/\" data-ps2id-api=\"true\" class=\"elementor-item menu-link\" tabindex=\"-1\">Gezondheid<\/a><\/li>\n<li class=\"menu-item menu-item-type-post_type menu-item-object-page menu-item-1979\"><a href=\"https:\/\/tollertales.nl\/index.php\/algemeen\/\" data-ps2id-api=\"true\" class=\"elementor-item menu-link\" tabindex=\"-1\">Algemeen<\/a><\/li>\n<li class=\"menu-item menu-item-type-post_type menu-item-object-page menu-item-6036\"><a href=\"https:\/\/tollertales.nl\/index.php\/ziekten\/\" data-ps2id-api=\"true\" class=\"elementor-item menu-link\" tabindex=\"-1\">Ziekten<\/a><\/li>\n<li class=\"menu-item menu-item-type-post_type menu-item-object-page menu-item-1977\"><a href=\"https:\/\/tollertales.nl\/index.php\/vergiftigingen\/\" data-ps2id-api=\"true\" class=\"elementor-item menu-link\" tabindex=\"-1\">Vergiftigingen<\/a><\/li>\n<li class=\"menu-item menu-item-type-post_type menu-item-object-page menu-item-6616\"><a href=\"https:\/\/tollertales.nl\/index.php\/informatie-onderzoeken\/\" data-ps2id-api=\"true\" class=\"elementor-item menu-link\" tabindex=\"-1\">Informatie<\/a><\/li>\n<li class=\"menu-item menu-item-type-post_type menu-item-object-page menu-item-1975\"><a href=\"https:\/\/tollertales.nl\/index.php\/uitslagen\/\" data-ps2id-api=\"true\" class=\"elementor-item menu-link\" tabindex=\"-1\">Uitslagen<\/a><\/li>\n<\/ul>\t\t\t<\/nav>\n\t\t\t\t\t\t<\/div>\n\t\t\t\t<\/div>\n\t\t\t\t\t<\/div>\n\t\t<\/div>\n\t\t\t\t<div class=\"elementor-column elementor-col-33 elementor-top-column elementor-element elementor-element-355b9190\" data-id=\"355b9190\" data-element_type=\"column\" data-e-type=\"column\">\n\t\t\t<div class=\"elementor-widget-wrap elementor-element-populated\">\n\t\t\t\t\t\t<div class=\"elementor-element elementor-element-884e0a8 elementor-invisible elementor-widget elementor-widget-image\" data-id=\"884e0a8\" data-element_type=\"widget\" data-e-type=\"widget\" data-settings=\"{&quot;_animation&quot;:&quot;zoomIn&quot;}\" data-widget_type=\"image.default\">\n\t\t\t\t<div class=\"elementor-widget-container\">\n\t\t\t\t\t\t\t\t\t\t\t\t\t\t\t<img fetchpriority=\"high\" decoding=\"async\" width=\"905\" height=\"210\" src=\"https:\/\/tollertales.nl\/wp-content\/uploads\/2021\/09\/header-2a.png\" class=\"attachment-large size-large wp-image-1671\" alt=\"\" srcset=\"https:\/\/tollertales.nl\/wp-content\/uploads\/2021\/09\/header-2a.png 905w, https:\/\/tollertales.nl\/wp-content\/uploads\/2021\/09\/header-2a-300x70.png 300w, https:\/\/tollertales.nl\/wp-content\/uploads\/2021\/09\/header-2a-768x178.png 768w\" sizes=\"(max-width: 905px) 100vw, 905px\" \/>\t\t\t\t\t\t\t\t\t\t\t\t\t\t\t<\/div>\n\t\t\t\t<\/div>\n\t\t\t\t\t<\/div>\n\t\t<\/div>\n\t\t\t\t<div class=\"elementor-column elementor-col-33 elementor-top-column elementor-element elementor-element-5d05099e\" data-id=\"5d05099e\" data-element_type=\"column\" data-e-type=\"column\">\n\t\t\t<div class=\"elementor-widget-wrap\">\n\t\t\t\t\t\t\t<\/div>\n\t\t<\/div>\n\t\t\t\t\t<\/div>\n\t\t<\/section>\n\t\t\t\t<section class=\"elementor-section elementor-top-section elementor-element elementor-element-808ecac elementor-section-boxed elementor-section-height-default elementor-section-height-default\" data-id=\"808ecac\" data-element_type=\"section\" data-e-type=\"section\">\n\t\t\t\t\t\t<div class=\"elementor-container elementor-column-gap-default\">\n\t\t\t\t\t<div class=\"elementor-column elementor-col-100 elementor-top-column elementor-element elementor-element-b1ad23d\" data-id=\"b1ad23d\" data-element_type=\"column\" data-e-type=\"column\">\n\t\t\t<div class=\"elementor-widget-wrap elementor-element-populated\">\n\t\t\t\t\t\t<div class=\"elementor-element elementor-element-582e489 elementor-widget elementor-widget-text-editor\" data-id=\"582e489\" data-element_type=\"widget\" data-e-type=\"widget\" data-widget_type=\"text-editor.default\">\n\t\t\t\t<div class=\"elementor-widget-container\">\n\t\t\t\t\t\t\t\t\t<h3><strong style=\"color: var( --e-global-color-primary ); font-style: inherit; letter-spacing: -0.67px;\">Resultaat en vererving van DNA-testen<\/strong><\/h3><div><strong>\u00a0<\/strong><\/div><h3><strong>Vererving en resultaat autosomale, recessieve mutatie (zoals prcd-PRA): <\/strong><\/h3><p><br \/>Autosomaal wil zeggen dat het probleem zowel reuen als teven kan treffen: het is niet geslachtsgebonden.<br \/>Recessief wil zeggen dat een hond die vrij is, de ziekte niet heeft en de genetische afwijkingen ook niet kan doorgeven aan zijn nakomelingen.<br \/>Een hond die drager is heeft \u00e9\u00e9n gezond en \u00e9\u00e9n ziek gen.<\/p><p>Autosomale recessieve vererving betekent dat een dier vrij kan zijn (homozygoot normaal), lijder (homozygoot afwijkend) of drager (heterozygoot).<br \/>Dragers kunnen de mutatie verspreiden in de populatie zonder dat ze zelf de symptomen hebben.<br \/>Hierdoor is met name het aantonen van dragers van groot belang om verspreiding te voorkomen.<\/p><p><em>Interpretatie voor fokkerij:<\/em><br \/>\u2022 Een dier is VRIJ en heeft twee gezonde allelen (homozygoot normaal).<br \/>Dit dier zal bij gebruik in de fokkerij geen afwijkingen krijgen en kan de afwijking niet doorgeven aan de volgende generatie.<\/p><p>\u2022 Een dier is DRAGER en heeft een gezond allel en een defect allel (heterozygoot).<br \/>Het dier zal het mutante (defecte) allel aan de helft van zijn nakomelingen doorgeven.<br \/>Dragers kunnen in een aantal gevallen zelf ook last hebben van het defecte allel, maar zullen in de regel geen symptomen hebben.<\/p><p>\u2022 Een dier is LIJDER en heeft dus twee defecte allelen (homozygoot afwijkend).<br \/>Lijders geven het afwijkende allel door aan al hun nakomelingen in de volgende generatie en krijgen zelf symptomen die horen bij de ziekte.<\/p><table class=\"MsoNormalTable\" style=\"mso-cellspacing: 1.5pt; border: solid windowtext 1.0pt; mso-border-alt: solid windowtext .5pt; mso-yfti-tbllook: 1184; mso-border-insideh: .5pt solid windowtext; mso-border-insidev: .5pt solid windowtext;\" border=\"1\" cellpadding=\"0\"><thead><tr><td style=\"border: solid windowtext 1.0pt; mso-border-alt: solid windowtext .5pt; padding: .75pt .75pt .75pt .75pt;\"><p class=\"MsoNormal\"><b><span style=\"font-size: 10.0pt; line-height: 107%; font-family: 'Arial',sans-serif;\">Vererving autosomaal recessief:\u00a0<\/span><\/b><\/p><\/td><td style=\"border: solid windowtext 1.0pt; mso-border-alt: solid windowtext .5pt; padding: .75pt .75pt .75pt .75pt;\"><p class=\"MsoNormal\"><b><span style=\"font-size: 10.0pt; line-height: 107%; font-family: 'Arial',sans-serif;\">Ouders\u00a0:\u00a0\u00a0\u00a0\u00a0\u00a0<\/span><\/b><\/p><\/td><td style=\"border: solid windowtext 1.0pt; mso-border-alt: solid windowtext .5pt; padding: .75pt .75pt .75pt .75pt;\"><p class=\"MsoNormal\"><b><span style=\"font-size: 10.0pt; line-height: 107%; font-family: 'Arial',sans-serif;\">Geslachtscellen:\u00a0<\/span><\/b><\/p><\/td><td style=\"border: solid windowtext 1.0pt; mso-border-alt: solid windowtext .5pt; padding: .75pt .75pt .75pt .75pt;\"><p class=\"MsoNormal\"><b><span style=\"font-size: 10.0pt; line-height: 107%; font-family: 'Arial',sans-serif;\">Nageslacht:\u00a0<\/span><\/b><\/p><\/td><td style=\"border: solid windowtext 1.0pt; mso-border-alt: solid windowtext .5pt; padding: .75pt .75pt .75pt .75pt;\"><p class=\"MsoNormal\"><b><span style=\"font-size: 10.0pt; line-height: 107%; font-family: 'Arial',sans-serif;\">Interpretatie fokkerij:\u00a0<\/span><\/b><\/p><\/td><\/tr><\/thead><tbody><tr><td style=\"border: solid windowtext 1.0pt; mso-border-alt: solid windowtext .5pt; padding: .75pt .75pt .75pt .75pt;\"><p class=\"MsoNormal\"><span style=\"font-size: 10.0pt; line-height: 107%; font-family: 'Arial',sans-serif;\">VRIJ\u00a0 x VRIJ<\/span><\/p><\/td><td style=\"border: solid windowtext 1.0pt; mso-border-alt: solid windowtext .5pt; padding: .75pt .75pt .75pt .75pt;\"><p class=\"MsoNormal\"><span style=\"font-size: 10.0pt; line-height: 107%; font-family: 'Arial',sans-serif;\">AA en AA<\/span><\/p><\/td><td style=\"border: solid windowtext 1.0pt; mso-border-alt: solid windowtext .5pt; padding: .75pt .75pt .75pt .75pt;\"><p class=\"MsoNormal\"><span style=\"font-size: 10.0pt; line-height: 107%; font-family: 'Arial',sans-serif;\">A\/A x A\/A<\/span><\/p><\/td><td style=\"border: solid windowtext 1.0pt; mso-border-alt: solid windowtext .5pt; padding: .75pt .75pt .75pt .75pt;\"><p class=\"MsoNormal\"><span style=\"font-size: 10.0pt; line-height: 107%; font-family: 'Arial',sans-serif;\">100 % AA\u00a0<\/span><\/p><\/td><td style=\"border: solid windowtext 1.0pt; mso-border-alt: solid windowtext .5pt; padding: .75pt .75pt .75pt .75pt;\"><p class=\"MsoNormal\"><span style=\"font-size: 10.0pt; line-height: 107%; font-family: 'Arial',sans-serif;\">100% VRIJ<\/span><\/p><\/td><\/tr><tr><td style=\"border: solid windowtext 1.0pt; mso-border-alt: solid windowtext .5pt; padding: .75pt .75pt .75pt .75pt;\"><p class=\"MsoNormal\"><span style=\"font-size: 10.0pt; line-height: 107%; font-family: 'Arial',sans-serif;\">VRIJ x DRAGER<\/span><\/p><\/td><td style=\"border: solid windowtext 1.0pt; mso-border-alt: solid windowtext .5pt; padding: .75pt .75pt .75pt .75pt;\"><p class=\"MsoNormal\"><span style=\"font-size: 10.0pt; line-height: 107%; font-family: 'Arial',sans-serif;\">AA en AB<\/span><\/p><\/td><td style=\"border: solid windowtext 1.0pt; mso-border-alt: solid windowtext .5pt; padding: .75pt .75pt .75pt .75pt;\"><p class=\"MsoNormal\"><span style=\"font-size: 10.0pt; line-height: 107%; font-family: 'Arial',sans-serif;\">A\/A x A\/B<\/span><\/p><\/td><td style=\"border: solid windowtext 1.0pt; mso-border-alt: solid windowtext .5pt; padding: .75pt .75pt .75pt .75pt;\"><p class=\"MsoNormal\"><span style=\"font-size: 10.0pt; line-height: 107%; font-family: 'Arial',sans-serif;\">50 % AA en<br \/>50 % AB<\/span><\/p><\/td><td style=\"border: solid windowtext 1.0pt; mso-border-alt: solid windowtext .5pt; padding: .75pt .75pt .75pt .75pt;\"><p class=\"MsoNormal\"><span style=\"font-size: 10.0pt; line-height: 107%; font-family: 'Arial',sans-serif;\">50% VRIJ<\/span><\/p><p class=\"MsoNormal\"><span style=\"font-size: 10.0pt; line-height: 107%; font-family: 'Arial',sans-serif;\">50 % DRAGER<\/span><\/p><\/td><\/tr><tr><td style=\"border: solid windowtext 1.0pt; mso-border-alt: solid windowtext .5pt; padding: .75pt .75pt .75pt .75pt;\"><p class=\"MsoNormal\"><span style=\"font-size: 10.0pt; line-height: 107%; font-family: 'Arial',sans-serif;\">VRIJ x LIJDER<\/span><\/p><\/td><td style=\"border: solid windowtext 1.0pt; mso-border-alt: solid windowtext .5pt; padding: .75pt .75pt .75pt .75pt;\"><p class=\"MsoNormal\"><span style=\"font-size: 10.0pt; line-height: 107%; font-family: 'Arial',sans-serif;\">AA en BB<\/span><\/p><\/td><td style=\"border: solid windowtext 1.0pt; mso-border-alt: solid windowtext .5pt; padding: .75pt .75pt .75pt .75pt;\"><p class=\"MsoNormal\"><span style=\"font-size: 10.0pt; line-height: 107%; font-family: 'Arial',sans-serif;\">A\/A x B\/B<\/span><\/p><\/td><td style=\"border: solid windowtext 1.0pt; mso-border-alt: solid windowtext .5pt; padding: .75pt .75pt .75pt .75pt;\"><p class=\"MsoNormal\"><span style=\"font-size: 10.0pt; line-height: 107%; font-family: 'Arial',sans-serif;\">100 % AB<\/span><\/p><\/td><td style=\"border: solid windowtext 1.0pt; mso-border-alt: solid windowtext .5pt; padding: .75pt .75pt .75pt .75pt;\"><p class=\"MsoNormal\"><span style=\"font-size: 10.0pt; line-height: 107%; font-family: 'Arial',sans-serif;\">100% DRAGER<\/span><\/p><\/td><\/tr><tr><td style=\"border: solid windowtext 1.0pt; mso-border-alt: solid windowtext .5pt; padding: .75pt .75pt .75pt .75pt;\"><p class=\"MsoNormal\"><span style=\"font-size: 10.0pt; line-height: 107%; font-family: 'Arial',sans-serif;\">DRAGER x DRAGER<\/span><\/p><\/td><td style=\"border: solid windowtext 1.0pt; mso-border-alt: solid windowtext .5pt; padding: .75pt .75pt .75pt .75pt;\"><p class=\"MsoNormal\"><span style=\"font-size: 10.0pt; line-height: 107%; font-family: 'Arial',sans-serif;\">AB en AB<\/span><\/p><\/td><td style=\"border: solid windowtext 1.0pt; mso-border-alt: solid windowtext .5pt; padding: .75pt .75pt .75pt .75pt;\"><p class=\"MsoNormal\"><span style=\"font-size: 10.0pt; line-height: 107%; font-family: 'Arial',sans-serif;\">A\/B x A\/B<\/span><\/p><\/td><td style=\"border: solid windowtext 1.0pt; mso-border-alt: solid windowtext .5pt; padding: .75pt .75pt .75pt .75pt;\"><p class=\"MsoNormal\"><span style=\"font-size: 10.0pt; line-height: 107%; font-family: 'Arial',sans-serif;\">25% AA<\/span><\/p><p class=\"MsoNormal\"><span style=\"font-size: 10.0pt; line-height: 107%; font-family: 'Arial',sans-serif;\">50% AB<\/span><\/p><p class=\"MsoNormal\"><span style=\"font-size: 10.0pt; line-height: 107%; font-family: 'Arial',sans-serif;\">25% BB<\/span><\/p><\/td><td style=\"border: solid windowtext 1.0pt; mso-border-alt: solid windowtext .5pt; padding: .75pt .75pt .75pt .75pt;\"><p class=\"MsoNormal\"><span style=\"font-size: 10.0pt; line-height: 107%; font-family: 'Arial',sans-serif;\">25% VRIJ<\/span><\/p><p class=\"MsoNormal\"><span style=\"font-size: 10.0pt; line-height: 107%; font-family: 'Arial',sans-serif;\">50% DRAGER<\/span><\/p><p class=\"MsoNormal\"><span style=\"font-size: 10.0pt; line-height: 107%; font-family: 'Arial',sans-serif;\">25% LIJDER<\/span><\/p><\/td><\/tr><tr><td style=\"border: solid windowtext 1.0pt; mso-border-alt: solid windowtext .5pt; padding: .75pt .75pt .75pt .75pt;\"><p class=\"MsoNormal\"><span style=\"font-size: 10.0pt; line-height: 107%; font-family: 'Arial',sans-serif;\">\u00a0DRAGER x LIJDER<\/span><\/p><\/td><td style=\"border: solid windowtext 1.0pt; mso-border-alt: solid windowtext .5pt; padding: .75pt .75pt .75pt .75pt;\"><p class=\"MsoNormal\"><span style=\"font-size: 10.0pt; line-height: 107%; font-family: 'Arial',sans-serif;\">\u00a0AB en BB<\/span><\/p><\/td><td style=\"border: solid windowtext 1.0pt; mso-border-alt: solid windowtext .5pt; padding: .75pt .75pt .75pt .75pt;\"><p class=\"MsoNormal\"><span style=\"font-size: 10.0pt; line-height: 107%; font-family: 'Arial',sans-serif;\">A\/B x B\/B<\/span><\/p><\/td><td style=\"border: solid windowtext 1.0pt; mso-border-alt: solid windowtext .5pt; padding: .75pt .75pt .75pt .75pt;\"><p class=\"MsoNormal\"><span style=\"font-size: 10.0pt; line-height: 107%; font-family: 'Arial',sans-serif;\">50% AB<\/span><\/p><p class=\"MsoNormal\"><span style=\"font-size: 10.0pt; line-height: 107%; font-family: 'Arial',sans-serif;\">50% BB<\/span><\/p><\/td><td style=\"border: solid windowtext 1.0pt; mso-border-alt: solid windowtext .5pt; padding: .75pt .75pt .75pt .75pt;\"><p class=\"MsoNormal\"><span style=\"font-size: 10.0pt; line-height: 107%; font-family: 'Arial',sans-serif;\">50% DRAGER<\/span><\/p><p class=\"MsoNormal\"><span style=\"font-size: 10.0pt; line-height: 107%; font-family: 'Arial',sans-serif;\">50% LIJDER<\/span><\/p><\/td><\/tr><tr><td style=\"border: solid windowtext 1.0pt; mso-border-alt: solid windowtext .5pt; padding: .75pt .75pt .75pt .75pt;\"><p class=\"MsoNormal\"><span style=\"font-size: 10.0pt; line-height: 107%; font-family: 'Arial',sans-serif;\">\u00a0LIJDER x LIJDER<\/span><\/p><\/td><td style=\"border: solid windowtext 1.0pt; mso-border-alt: solid windowtext .5pt; padding: .75pt .75pt .75pt .75pt;\"><p class=\"MsoNormal\"><span style=\"font-size: 10.0pt; line-height: 107%; font-family: 'Arial',sans-serif;\">BB en BB<\/span><\/p><\/td><td style=\"border: solid windowtext 1.0pt; mso-border-alt: solid windowtext .5pt; padding: .75pt .75pt .75pt .75pt;\"><p class=\"MsoNormal\"><span style=\"font-size: 10.0pt; line-height: 107%; font-family: 'Arial',sans-serif;\">B\/B x B\/B<\/span><\/p><\/td><td style=\"border: solid windowtext 1.0pt; mso-border-alt: solid windowtext .5pt; padding: .75pt .75pt .75pt .75pt;\"><p class=\"MsoNormal\"><span style=\"font-size: 10.0pt; line-height: 107%; font-family: 'Arial',sans-serif;\">100% BB<\/span><\/p><\/td><td style=\"border: solid windowtext 1.0pt; mso-border-alt: solid windowtext .5pt; padding: .75pt .75pt .75pt .75pt;\"><p class=\"MsoNormal\"><span style=\"font-size: 10.0pt; line-height: 107%; font-family: 'Arial',sans-serif;\">100% LIJDER<\/span><\/p><\/td><\/tr><\/tbody><\/table>\t\t\t\t\t\t\t\t<\/div>\n\t\t\t\t<\/div>\n\t\t\t\t\t<\/div>\n\t\t<\/div>\n\t\t\t\t\t<\/div>\n\t\t<\/section>\n\t\t\t\t<section class=\"elementor-section elementor-top-section elementor-element elementor-element-395cb2d elementor-section-boxed elementor-section-height-default elementor-section-height-default\" data-id=\"395cb2d\" data-element_type=\"section\" data-e-type=\"section\">\n\t\t\t\t\t\t<div class=\"elementor-container elementor-column-gap-default\">\n\t\t\t\t\t<div class=\"elementor-column elementor-col-100 elementor-top-column elementor-element elementor-element-180b124\" data-id=\"180b124\" data-element_type=\"column\" data-e-type=\"column\">\n\t\t\t<div class=\"elementor-widget-wrap elementor-element-populated\">\n\t\t\t\t\t\t<div class=\"elementor-element elementor-element-ed844e5 elementor-widget elementor-widget-text-editor\" data-id=\"ed844e5\" data-element_type=\"widget\" data-e-type=\"widget\" data-widget_type=\"text-editor.default\">\n\t\t\t\t<div class=\"elementor-widget-container\">\n\t\t\t\t\t\t\t\t\t<p><strong>Belangrijke opmerking<\/strong>!<br \/><strong>Er kan niet uitgesloten worden dat er bijkomende mutaties zijn op andere plaatsen in het genoom die vergelijkbare aandoeningen veroorzaken. <\/strong><\/p><p>Wat zegt het VFR over prcd-PRA:<br \/><em>Minimaal \u00e9\u00e9n ouderdier moet \u2018vrij\u2019 zijn.<br \/>Toegestaan: vrij x vrij, vrij x drager, vrij x niet getest, vrij x lijder. <br \/>Vrij door vererving door ouders tot maximaal 1 generatie is toegestaan.<\/em><\/p><table><tbody><tr><td width=\"604\"><p>In het VFR is opgenomen: \u201cvrij door vererving ouders tot maximaal 1 generatie is toegestaan\u201d omdat -logisch geredeneerd- testen soms fout gaan en mutaties niet uit te sluiten zijn. <br \/>Als we dat willen vermijden dan moeten we regelmatig checken, vandaar de toevoeging \u2018vrij uit geboorte tot maximaal 1 generatie\u2019.<\/p><\/td><\/tr><\/tbody><\/table>\t\t\t\t\t\t\t\t<\/div>\n\t\t\t\t<\/div>\n\t\t\t\t\t<\/div>\n\t\t<\/div>\n\t\t\t\t\t<\/div>\n\t\t<\/section>\n\t\t\t\t<\/div>\n\t\t","protected":false},"excerpt":{"rendered":"<p>Resultaat en vererving van DNA-testen \u00a0 Vererving en resultaat autosomale, recessieve mutatie (zoals prcd-PRA): Autosomaal wil zeggen dat het probleem zowel reuen als teven kan treffen: het is niet geslachtsgebonden.Recessief wil zeggen dat een hond die vrij is, de ziekte niet heeft en de genetische afwijkingen ook niet kan doorgeven aan zijn nakomelingen.Een hond die [&hellip;]<\/p>\n","protected":false},"author":7,"featured_media":0,"parent":0,"menu_order":0,"comment_status":"closed","ping_status":"closed","template":"elementor_header_footer","meta":{"site-sidebar-layout":"no-sidebar","site-content-layout":"page-builder","ast-site-content-layout":"default","site-content-style":"default","site-sidebar-style":"default","ast-global-header-display":"","ast-banner-title-visibility":"","ast-main-header-display":"","ast-hfb-above-header-display":"","ast-hfb-below-header-display":"","ast-hfb-mobile-header-display":"","site-post-title":"disabled","ast-breadcrumbs-content":"","ast-featured-img":"disabled","footer-sml-layout":"","ast-disable-related-posts":"","theme-transparent-header-meta":"default","adv-header-id-meta":"","stick-header-meta":"","header-above-stick-meta":"","header-main-stick-meta":"","header-below-stick-meta":"","astra-migrate-meta-layouts":"default","ast-page-background-enabled":"default","ast-page-background-meta":{"desktop":{"background-color":"var(--ast-global-color-4)","background-image":"","background-repeat":"repeat","background-position":"center center","background-size":"auto","background-attachment":"scroll","background-type":"","background-media":"","overlay-type":"","overlay-color":"","overlay-opacity":"","overlay-gradient":""},"tablet":{"background-color":"","background-image":"","background-repeat":"repeat","background-position":"center center","background-size":"auto","background-attachment":"scroll","background-type":"","background-media":"","overlay-type":"","overlay-color":"","overlay-opacity":"","overlay-gradient":""},"mobile":{"background-color":"","background-image":"","background-repeat":"repeat","background-position":"center center","background-size":"auto","background-attachment":"scroll","background-type":"","background-media":"","overlay-type":"","overlay-color":"","overlay-opacity":"","overlay-gradient":""}},"ast-content-background-meta":{"desktop":{"background-color":"var(--ast-global-color-5)","background-image":"","background-repeat":"repeat","background-position":"center center","background-size":"auto","background-attachment":"scroll","background-type":"","background-media":"","overlay-type":"","overlay-color":"","overlay-opacity":"","overlay-gradient":""},"tablet":{"background-color":"var(--ast-global-color-5)","background-image":"","background-repeat":"repeat","background-position":"center center","background-size":"auto","background-attachment":"scroll","background-type":"","background-media":"","overlay-type":"","overlay-color":"","overlay-opacity":"","overlay-gradient":""},"mobile":{"background-color":"var(--ast-global-color-5)","background-image":"","background-repeat":"repeat","background-position":"center center","background-size":"auto","background-attachment":"scroll","background-type":"","background-media":"","overlay-type":"","overlay-color":"","overlay-opacity":"","overlay-gradient":""}},"footnotes":""},"class_list":["post-10332","page","type-page","status-publish","hentry"],"_links":{"self":[{"href":"https:\/\/tollertales.nl\/index.php\/wp-json\/wp\/v2\/pages\/10332","targetHints":{"allow":["GET"]}}],"collection":[{"href":"https:\/\/tollertales.nl\/index.php\/wp-json\/wp\/v2\/pages"}],"about":[{"href":"https:\/\/tollertales.nl\/index.php\/wp-json\/wp\/v2\/types\/page"}],"author":[{"embeddable":true,"href":"https:\/\/tollertales.nl\/index.php\/wp-json\/wp\/v2\/users\/7"}],"replies":[{"embeddable":true,"href":"https:\/\/tollertales.nl\/index.php\/wp-json\/wp\/v2\/comments?post=10332"}],"version-history":[{"count":22,"href":"https:\/\/tollertales.nl\/index.php\/wp-json\/wp\/v2\/pages\/10332\/revisions"}],"predecessor-version":[{"id":19563,"href":"https:\/\/tollertales.nl\/index.php\/wp-json\/wp\/v2\/pages\/10332\/revisions\/19563"}],"wp:attachment":[{"href":"https:\/\/tollertales.nl\/index.php\/wp-json\/wp\/v2\/media?parent=10332"}],"curies":[{"name":"wp","href":"https:\/\/api.w.org\/{rel}","templated":true}]}}